{"id":461498,"date":"2025-10-30T19:22:01","date_gmt":"2025-10-30T19:22:01","guid":{"rendered":"https:\/\/my.stlflix.com\/?post_type=product&#038;p=461498"},"modified":"2025-10-30T20:15:02","modified_gmt":"2025-10-30T20:15:02","slug":"the-spirit-tree-display-6903b4eb0e13b","status":"publish","type":"product","link":"https:\/\/my.stlflix.com\/tr\/product\/the-spirit-tree-display-6903b4eb0e13b\/","title":{"rendered":"The Spirit Tree &#8211; Display"},"content":{"rendered":"<p data-start=\"0\" data-end=\"238\"><strong data-start=\"3\" data-end=\"74\">Suporte Tem\u00e1tico \u201c\u00c1rvore Spirits\u201d \u2014 Onde suas cria\u00e7\u00f5es ganham vida!<\/strong><br data-start=\"74\" data-end=\"77\" data-is-only-node=\"\" \/>Inspirado na natureza e feito para destacar sua cole\u00e7\u00e3o, o <em data-start=\"136\" data-end=\"160\">Suporte \u00c1rvore Spirits<\/em> \u00e9 o cen\u00e1rio perfeito para exibir seus chaveiros com estilo e personalidade.<\/p>\n<p data-start=\"240\" data-end=\"448\" data-is-last-node=\"\" data-is-only-node=\"\">Com um design elegante e org\u00e2nico, ele simboliza crescimento, conex\u00e3o e criatividade \u2014 cada galho \u00e9 um espa\u00e7o para mostrar uma nova hist\u00f3ria.<br data-start=\"381\" data-end=\"384\" \/><em data-start=\"387\" data-end=\"448\" data-is-last-node=\"\">Transforme sua cole\u00e7\u00e3o em uma verdadeira exposi\u00e7\u00e3o de arte!<\/em><\/p>\n","protected":false},"excerpt":{"rendered":"<p>Suporte Tem\u00e1tico \u201c\u00c1rvore Spirits\u201d \u2014 Onde suas cria\u00e7\u00f5es ganham vida!Inspirado na natureza e feito para destacar sua cole\u00e7\u00e3o, o Suporte \u00c1rvore Spirits \u00e9 o cen\u00e1rio perfeito para exibir seus chaveiros com estilo e personalidade. Com um design elegante e org\u00e2nico, ele simboliza crescimento, conex\u00e3o e criatividade \u2014 cada galho \u00e9 um espa\u00e7o para mostrar uma [&hellip;]<\/p>\n","protected":false},"featured_media":461691,"comment_status":"open","ping_status":"closed","template":"","meta":[],"product_brand":[],"product_cat":[15],"product_tag":[6847],"class_list":{"0":"post-461498","1":"product","2":"type-product","3":"status-publish","4":"has-post-thumbnail","6":"product_cat-uncategorized","7":"product_tag-spirits","9":"first","10":"instock","11":"sold-individually","12":"taxable","13":"shipping-taxable","14":"product-type-variable","15":"has-default-attributes"},"yoast_head":"<!-- This site is optimized with the Yoast SEO plugin v25.1 - https:\/\/yoast.com\/wordpress\/plugins\/seo\/ -->\n<title>The Spirit Tree - Display - MyStore - By STLFLIX<\/title>\n<meta name=\"robots\" content=\"index, follow, max-snippet:-1, max-image-preview:large, max-video-preview:-1\" \/>\n<link rel=\"canonical\" href=\"https:\/\/www.monitorstlflix.com\/product\/the-spirit-tree-display-6903b4eb0e13b\/\" \/>\n<meta property=\"og:locale\" content=\"tr_TR\" \/>\n<meta property=\"og:type\" content=\"article\" \/>\n<meta property=\"og:title\" content=\"The Spirit Tree - Display - MyStore - By STLFLIX\" \/>\n<meta property=\"og:description\" content=\"Suporte Tem\u00e1tico \u201c\u00c1rvore Spirits\u201d \u2014 Onde suas cria\u00e7\u00f5es ganham vida!Inspirado na natureza e feito para destacar sua cole\u00e7\u00e3o, o Suporte \u00c1rvore Spirits \u00e9 o cen\u00e1rio perfeito para exibir seus chaveiros com estilo e personalidade. Com um design elegante e org\u00e2nico, ele simboliza crescimento, conex\u00e3o e criatividade \u2014 cada galho \u00e9 um espa\u00e7o para mostrar uma [&hellip;]\" \/>\n<meta property=\"og:url\" content=\"https:\/\/www.monitorstlflix.com\/product\/the-spirit-tree-display-6903b4eb0e13b\/\" \/>\n<meta property=\"og:site_name\" content=\"MyStore - By STLFLIX\" \/>\n<meta property=\"article:publisher\" content=\"https:\/\/www.facebook.com\/STLFLIX\" \/>\n<meta property=\"article:modified_time\" content=\"2025-10-30T20:15:02+00:00\" \/>\n<meta property=\"og:image\" content=\"https:\/\/www.monitorstlflix.com\/wp-content\/uploads\/2025\/10\/cropped-The_Spirit_Tree_Display1_07e5b8a4b8-2.jpg\" \/>\n\t<meta property=\"og:image:width\" content=\"1079\" \/>\n\t<meta property=\"og:image:height\" content=\"1350\" \/>\n\t<meta property=\"og:image:type\" content=\"image\/jpeg\" \/>\n<meta name=\"twitter:card\" content=\"summary_large_image\" \/>\n<script type=\"application\/ld+json\" class=\"yoast-schema-graph\">{\"@context\":\"https:\/\/schema.org\",\"@graph\":[{\"@type\":\"WebPage\",\"@id\":\"https:\/\/www.monitorstlflix.com\/product\/the-spirit-tree-display-6903b4eb0e13b\/\",\"url\":\"https:\/\/www.monitorstlflix.com\/product\/the-spirit-tree-display-6903b4eb0e13b\/\",\"name\":\"The Spirit Tree - Display - MyStore - By STLFLIX\",\"isPartOf\":{\"@id\":\"https:\/\/my.stlflix.com\/tr\/#website\"},\"primaryImageOfPage\":{\"@id\":\"https:\/\/www.monitorstlflix.com\/product\/the-spirit-tree-display-6903b4eb0e13b\/#primaryimage\"},\"image\":{\"@id\":\"https:\/\/www.monitorstlflix.com\/product\/the-spirit-tree-display-6903b4eb0e13b\/#primaryimage\"},\"thumbnailUrl\":\"https:\/\/my.stlflix.com\/wp-content\/uploads\/2025\/10\/cropped-The_Spirit_Tree_Display1_07e5b8a4b8-2.jpg\",\"datePublished\":\"2025-10-30T19:22:01+00:00\",\"dateModified\":\"2025-10-30T20:15:02+00:00\",\"breadcrumb\":{\"@id\":\"https:\/\/www.monitorstlflix.com\/product\/the-spirit-tree-display-6903b4eb0e13b\/#breadcrumb\"},\"inLanguage\":\"tr-TR\",\"potentialAction\":[{\"@type\":\"ReadAction\",\"target\":[\"https:\/\/www.monitorstlflix.com\/product\/the-spirit-tree-display-6903b4eb0e13b\/\"]}]},{\"@type\":\"ImageObject\",\"inLanguage\":\"tr-TR\",\"@id\":\"https:\/\/www.monitorstlflix.com\/product\/the-spirit-tree-display-6903b4eb0e13b\/#primaryimage\",\"url\":\"https:\/\/my.stlflix.com\/wp-content\/uploads\/2025\/10\/cropped-The_Spirit_Tree_Display1_07e5b8a4b8-2.jpg\",\"contentUrl\":\"https:\/\/my.stlflix.com\/wp-content\/uploads\/2025\/10\/cropped-The_Spirit_Tree_Display1_07e5b8a4b8-2.jpg\",\"width\":1079,\"height\":1350},{\"@type\":\"BreadcrumbList\",\"@id\":\"https:\/\/www.monitorstlflix.com\/product\/the-spirit-tree-display-6903b4eb0e13b\/#breadcrumb\",\"itemListElement\":[{\"@type\":\"ListItem\",\"position\":1,\"name\":\"Home\",\"item\":\"https:\/\/my.stlflix.com\/\"},{\"@type\":\"ListItem\",\"position\":2,\"name\":\"Products\",\"item\":\"https:\/\/my.stlflix.com\/fr\/shop\/\"},{\"@type\":\"ListItem\",\"position\":3,\"name\":\"The Spirit Tree &#8211; Display\"}]},{\"@type\":\"WebSite\",\"@id\":\"https:\/\/my.stlflix.com\/tr\/#website\",\"url\":\"https:\/\/my.stlflix.com\/tr\/\",\"name\":\"MyStore - By STLFLIX\",\"description\":\"\",\"publisher\":{\"@id\":\"https:\/\/my.stlflix.com\/tr\/#organization\"},\"potentialAction\":[{\"@type\":\"SearchAction\",\"target\":{\"@type\":\"EntryPoint\",\"urlTemplate\":\"https:\/\/my.stlflix.com\/tr\/?s={search_term_string}\"},\"query-input\":{\"@type\":\"PropertyValueSpecification\",\"valueRequired\":true,\"valueName\":\"search_term_string\"}}],\"inLanguage\":\"tr-TR\"},{\"@type\":\"Organization\",\"@id\":\"https:\/\/my.stlflix.com\/tr\/#organization\",\"name\":\"MyStore - By STLFLIX\",\"url\":\"https:\/\/my.stlflix.com\/tr\/\",\"logo\":{\"@type\":\"ImageObject\",\"inLanguage\":\"tr-TR\",\"@id\":\"https:\/\/my.stlflix.com\/tr\/#\/schema\/logo\/image\/\",\"url\":\"https:\/\/my.stlflix.com\/wp-content\/uploads\/2024\/06\/logo-mystore.png\",\"contentUrl\":\"https:\/\/my.stlflix.com\/wp-content\/uploads\/2024\/06\/logo-mystore.png\",\"width\":150,\"height\":41,\"caption\":\"MyStore - By STLFLIX\"},\"image\":{\"@id\":\"https:\/\/my.stlflix.com\/tr\/#\/schema\/logo\/image\/\"},\"sameAs\":[\"https:\/\/www.facebook.com\/STLFLIX\",\"https:\/\/www.instagram.com\/stlflix_\/\",\"https:\/\/www.tiktok.com\/@stlflix\"]}]}<\/script>\n<!-- \/ Yoast SEO plugin. -->","yoast_head_json":{"title":"The Spirit Tree - Display - MyStore - By STLFLIX","robots":{"index":"index","follow":"follow","max-snippet":"max-snippet:-1","max-image-preview":"max-image-preview:large","max-video-preview":"max-video-preview:-1"},"canonical":"https:\/\/www.monitorstlflix.com\/product\/the-spirit-tree-display-6903b4eb0e13b\/","og_locale":"tr_TR","og_type":"article","og_title":"The Spirit Tree - Display - MyStore - By STLFLIX","og_description":"Suporte Tem\u00e1tico \u201c\u00c1rvore Spirits\u201d \u2014 Onde suas cria\u00e7\u00f5es ganham vida!Inspirado na natureza e feito para destacar sua cole\u00e7\u00e3o, o Suporte \u00c1rvore Spirits \u00e9 o cen\u00e1rio perfeito para exibir seus chaveiros com estilo e personalidade. Com um design elegante e org\u00e2nico, ele simboliza crescimento, conex\u00e3o e criatividade \u2014 cada galho \u00e9 um espa\u00e7o para mostrar uma [&hellip;]","og_url":"https:\/\/www.monitorstlflix.com\/product\/the-spirit-tree-display-6903b4eb0e13b\/","og_site_name":"MyStore - By STLFLIX","article_publisher":"https:\/\/www.facebook.com\/STLFLIX","article_modified_time":"2025-10-30T20:15:02+00:00","og_image":[{"width":1079,"height":1350,"url":"https:\/\/www.monitorstlflix.com\/wp-content\/uploads\/2025\/10\/cropped-The_Spirit_Tree_Display1_07e5b8a4b8-2.jpg","type":"image\/jpeg"}],"twitter_card":"summary_large_image","schema":{"@context":"https:\/\/schema.org","@graph":[{"@type":"WebPage","@id":"https:\/\/www.monitorstlflix.com\/product\/the-spirit-tree-display-6903b4eb0e13b\/","url":"https:\/\/www.monitorstlflix.com\/product\/the-spirit-tree-display-6903b4eb0e13b\/","name":"The Spirit Tree - Display - MyStore - By STLFLIX","isPartOf":{"@id":"https:\/\/my.stlflix.com\/tr\/#website"},"primaryImageOfPage":{"@id":"https:\/\/www.monitorstlflix.com\/product\/the-spirit-tree-display-6903b4eb0e13b\/#primaryimage"},"image":{"@id":"https:\/\/www.monitorstlflix.com\/product\/the-spirit-tree-display-6903b4eb0e13b\/#primaryimage"},"thumbnailUrl":"https:\/\/my.stlflix.com\/wp-content\/uploads\/2025\/10\/cropped-The_Spirit_Tree_Display1_07e5b8a4b8-2.jpg","datePublished":"2025-10-30T19:22:01+00:00","dateModified":"2025-10-30T20:15:02+00:00","breadcrumb":{"@id":"https:\/\/www.monitorstlflix.com\/product\/the-spirit-tree-display-6903b4eb0e13b\/#breadcrumb"},"inLanguage":"tr-TR","potentialAction":[{"@type":"ReadAction","target":["https:\/\/www.monitorstlflix.com\/product\/the-spirit-tree-display-6903b4eb0e13b\/"]}]},{"@type":"ImageObject","inLanguage":"tr-TR","@id":"https:\/\/www.monitorstlflix.com\/product\/the-spirit-tree-display-6903b4eb0e13b\/#primaryimage","url":"https:\/\/my.stlflix.com\/wp-content\/uploads\/2025\/10\/cropped-The_Spirit_Tree_Display1_07e5b8a4b8-2.jpg","contentUrl":"https:\/\/my.stlflix.com\/wp-content\/uploads\/2025\/10\/cropped-The_Spirit_Tree_Display1_07e5b8a4b8-2.jpg","width":1079,"height":1350},{"@type":"BreadcrumbList","@id":"https:\/\/www.monitorstlflix.com\/product\/the-spirit-tree-display-6903b4eb0e13b\/#breadcrumb","itemListElement":[{"@type":"ListItem","position":1,"name":"Home","item":"https:\/\/my.stlflix.com\/"},{"@type":"ListItem","position":2,"name":"Products","item":"https:\/\/my.stlflix.com\/fr\/shop\/"},{"@type":"ListItem","position":3,"name":"The Spirit Tree &#8211; Display"}]},{"@type":"WebSite","@id":"https:\/\/my.stlflix.com\/tr\/#website","url":"https:\/\/my.stlflix.com\/tr\/","name":"MyStore - By STLFLIX","description":"","publisher":{"@id":"https:\/\/my.stlflix.com\/tr\/#organization"},"potentialAction":[{"@type":"SearchAction","target":{"@type":"EntryPoint","urlTemplate":"https:\/\/my.stlflix.com\/tr\/?s={search_term_string}"},"query-input":{"@type":"PropertyValueSpecification","valueRequired":true,"valueName":"search_term_string"}}],"inLanguage":"tr-TR"},{"@type":"Organization","@id":"https:\/\/my.stlflix.com\/tr\/#organization","name":"MyStore - By STLFLIX","url":"https:\/\/my.stlflix.com\/tr\/","logo":{"@type":"ImageObject","inLanguage":"tr-TR","@id":"https:\/\/my.stlflix.com\/tr\/#\/schema\/logo\/image\/","url":"https:\/\/my.stlflix.com\/wp-content\/uploads\/2024\/06\/logo-mystore.png","contentUrl":"https:\/\/my.stlflix.com\/wp-content\/uploads\/2024\/06\/logo-mystore.png","width":150,"height":41,"caption":"MyStore - By STLFLIX"},"image":{"@id":"https:\/\/my.stlflix.com\/tr\/#\/schema\/logo\/image\/"},"sameAs":["https:\/\/www.facebook.com\/STLFLIX","https:\/\/www.instagram.com\/stlflix_\/","https:\/\/www.tiktok.com\/@stlflix"]}]}},"_links":{"self":[{"href":"https:\/\/my.stlflix.com\/tr\/wp-json\/wp\/v2\/product\/461498","targetHints":{"allow":["GET"]}}],"collection":[{"href":"https:\/\/my.stlflix.com\/tr\/wp-json\/wp\/v2\/product"}],"about":[{"href":"https:\/\/my.stlflix.com\/tr\/wp-json\/wp\/v2\/types\/product"}],"replies":[{"embeddable":true,"href":"https:\/\/my.stlflix.com\/tr\/wp-json\/wp\/v2\/comments?post=461498"}],"wp:featuredmedia":[{"embeddable":true,"href":"https:\/\/my.stlflix.com\/tr\/wp-json\/wp\/v2\/media\/461691"}],"wp:attachment":[{"href":"https:\/\/my.stlflix.com\/tr\/wp-json\/wp\/v2\/media?parent=461498"}],"wp:term":[{"taxonomy":"product_brand","embeddable":true,"href":"https:\/\/my.stlflix.com\/tr\/wp-json\/wp\/v2\/product_brand?post=461498"},{"taxonomy":"product_cat","embeddable":true,"href":"https:\/\/my.stlflix.com\/tr\/wp-json\/wp\/v2\/product_cat?post=461498"},{"taxonomy":"product_tag","embeddable":true,"href":"https:\/\/my.stlflix.com\/tr\/wp-json\/wp\/v2\/product_tag?post=461498"}],"curies":[{"name":"wp","href":"https:\/\/api.w.org\/{rel}","templated":true}]}}