{"id":467813,"date":"2025-11-06T13:01:00","date_gmt":"2025-11-06T13:01:00","guid":{"rendered":"https:\/\/my.stlflix.com\/?post_type=product&#038;p=467813"},"modified":"2026-01-11T23:16:59","modified_gmt":"2026-01-11T23:16:59","slug":"mascote-do-flamengo-s-asas-tam-pequeno","status":"publish","type":"product","link":"https:\/\/my.stlflix.com\/tr\/product\/mascote-do-flamengo-s-asas-tam-pequeno\/","title":{"rendered":"Mascote do Flamengo s\/ asas Tam 22cm"},"content":{"rendered":"<p><span dir=\"auto\" style=\"vertical-align: inherit\"><span dir=\"auto\" style=\"vertical-align: inherit\"><span dir=\"auto\" style=\"vertical-align: inherit\"><span dir=\"auto\" style=\"vertical-align: inherit\"><span dir=\"auto\" style=\"vertical-align: inherit\">Mascote do Flamengo sem asas. Este Malvad\u00e3o de tamanho pequeno (22cm) \u00e9 o s\u00edmbolo da impetuosidade flamenguista. Adquira o mascote oficial do Flamengo impresso com excelente qualidade e pintura impec\u00e1vel.<\/span><\/span><\/span><\/span><\/span><\/p>\n<p><span style=\"color: #ff0000\"><span dir=\"auto\" style=\"vertical-align: inherit\"><span dir=\"auto\" style=\"vertical-align: inherit\"><span dir=\"auto\" style=\"vertical-align: inherit\"><span dir=\"auto\" style=\"vertical-align: inherit\"><span dir=\"auto\" style=\"vertical-align: inherit\">ATEN\u00c7\u00c3O<\/span><\/span><\/span><\/span><\/span><\/span><span dir=\"auto\" style=\"vertical-align: inherit\"><span dir=\"auto\" style=\"vertical-align: inherit\"><span dir=\"auto\" style=\"vertical-align: inherit\"><span dir=\"auto\" style=\"vertical-align: inherit\"><span dir=\"auto\" style=\"vertical-align: inherit\"> : PRAZO PARA ENTREGA\u00a0 E ESCLARECIMENTOS, CONSULTAR WHATSSAP 61 98597-2506<\/span><\/span><\/span><\/span><\/span><\/p>\n<p><span style=\"color: #ff0000\"><span dir=\"auto\" style=\"vertical-align: inherit\"><span dir=\"auto\" style=\"vertical-align: inherit\"><span dir=\"auto\" style=\"vertical-align: inherit\"><span dir=\"auto\" style=\"vertical-align: inherit\"><span dir=\"auto\" style=\"vertical-align: inherit\">ATEN\u00c7\u00c3O:<\/span><\/span><\/span><\/span><\/span><\/span><span dir=\"auto\" style=\"vertical-align: inherit\"><span dir=\"auto\" style=\"vertical-align: inherit\"><span dir=\"auto\" style=\"vertical-align: inherit\"><span dir=\"auto\" style=\"vertical-align: inherit\"><span dir=\"auto\" style=\"vertical-align: inherit\"> PERSONALIZE COM O SEU NOME NA BASE OU ESCRITA DE SUA PREFERENCIA.<\/span><\/span><\/span><\/span><\/span><\/p>\n","protected":false},"excerpt":{"rendered":"<p>Mascote do Flamengo sem asas. Este Malvad\u00e3o de tamanho pequeno (22cm) \u00e9 o s\u00edmbolo da impetuosidade flamenguista. Adquira o mascote oficial do Flamengo impresso com excelente qualidade e pintura impec\u00e1vel. ATEN\u00c7\u00c3O : PRAZO PARA ENTREGA\u00a0 E ESCLARECIMENTOS, CONSULTAR WHATSSAP 61 98597-2506 ATEN\u00c7\u00c3O: PERSONALIZE COM O SEU NOME NA BASE OU ESCRITA DE SUA PREFERENCIA.<\/p>\n","protected":false},"featured_media":467824,"comment_status":"open","ping_status":"closed","template":"","meta":[],"product_brand":[],"product_cat":[15],"product_tag":[6870],"class_list":{"0":"post-467813","1":"product","2":"type-product","3":"status-publish","4":"has-post-thumbnail","6":"product_cat-uncategorized","7":"product_tag-mascotes-do-brasileirao-2","9":"first","10":"instock","11":"sale","12":"taxable","13":"shipping-taxable","14":"purchasable","15":"product-type-simple"},"yoast_head":"<!-- This site is optimized with the Yoast SEO plugin v25.1 - https:\/\/yoast.com\/wordpress\/plugins\/seo\/ -->\n<title>Mascote do Flamengo s\/ asas Tam 22cm - MyStore - By STLFLIX<\/title>\n<meta name=\"robots\" content=\"index, follow, max-snippet:-1, max-image-preview:large, max-video-preview:-1\" \/>\n<link rel=\"canonical\" href=\"https:\/\/my.stlflix.com\/tr\/product\/mascote-do-flamengo-s-asas-tam-pequeno\/\" \/>\n<meta property=\"og:locale\" content=\"tr_TR\" \/>\n<meta property=\"og:type\" content=\"article\" \/>\n<meta property=\"og:title\" content=\"Mascote do Flamengo s\/ asas Tam 22cm - MyStore - By STLFLIX\" \/>\n<meta property=\"og:description\" content=\"Mascote do Flamengo sem asas. Este Malvad\u00e3o de tamanho pequeno (22cm) \u00e9 o s\u00edmbolo da impetuosidade flamenguista. Adquira o mascote oficial do Flamengo impresso com excelente qualidade e pintura impec\u00e1vel. ATEN\u00c7\u00c3O : PRAZO PARA ENTREGA\u00a0 E ESCLARECIMENTOS, CONSULTAR WHATSSAP 61 98597-2506 ATEN\u00c7\u00c3O: PERSONALIZE COM O SEU NOME NA BASE OU ESCRITA DE SUA PREFERENCIA.\" \/>\n<meta property=\"og:url\" content=\"https:\/\/my.stlflix.com\/tr\/product\/mascote-do-flamengo-s-asas-tam-pequeno\/\" \/>\n<meta property=\"og:site_name\" content=\"MyStore - By STLFLIX\" \/>\n<meta property=\"article:publisher\" content=\"https:\/\/www.facebook.com\/STLFLIX\" \/>\n<meta property=\"article:modified_time\" content=\"2026-01-11T23:16:59+00:00\" \/>\n<meta property=\"og:image\" content=\"https:\/\/my.stlflix.com\/wp-content\/uploads\/2025\/11\/cropped-MASCOTE5-1.jpg\" \/>\n\t<meta property=\"og:image:width\" content=\"1058\" \/>\n\t<meta property=\"og:image:height\" content=\"1459\" \/>\n\t<meta property=\"og:image:type\" content=\"image\/jpeg\" \/>\n<meta name=\"twitter:card\" content=\"summary_large_image\" \/>\n<script type=\"application\/ld+json\" class=\"yoast-schema-graph\">{\"@context\":\"https:\/\/schema.org\",\"@graph\":[{\"@type\":\"WebPage\",\"@id\":\"https:\/\/my.stlflix.com\/tr\/product\/mascote-do-flamengo-s-asas-tam-pequeno\/\",\"url\":\"https:\/\/my.stlflix.com\/tr\/product\/mascote-do-flamengo-s-asas-tam-pequeno\/\",\"name\":\"Mascote do Flamengo s\/ asas Tam 22cm - MyStore - By STLFLIX\",\"isPartOf\":{\"@id\":\"https:\/\/www.stlflix-store.com\/#website\"},\"primaryImageOfPage\":{\"@id\":\"https:\/\/my.stlflix.com\/tr\/product\/mascote-do-flamengo-s-asas-tam-pequeno\/#primaryimage\"},\"image\":{\"@id\":\"https:\/\/my.stlflix.com\/tr\/product\/mascote-do-flamengo-s-asas-tam-pequeno\/#primaryimage\"},\"thumbnailUrl\":\"https:\/\/my.stlflix.com\/wp-content\/uploads\/2025\/11\/cropped-MASCOTE5-1.jpg\",\"datePublished\":\"2025-11-06T13:01:00+00:00\",\"dateModified\":\"2026-01-11T23:16:59+00:00\",\"breadcrumb\":{\"@id\":\"https:\/\/my.stlflix.com\/tr\/product\/mascote-do-flamengo-s-asas-tam-pequeno\/#breadcrumb\"},\"inLanguage\":\"tr-TR\",\"potentialAction\":[{\"@type\":\"ReadAction\",\"target\":[\"https:\/\/my.stlflix.com\/tr\/product\/mascote-do-flamengo-s-asas-tam-pequeno\/\"]}]},{\"@type\":\"ImageObject\",\"inLanguage\":\"tr-TR\",\"@id\":\"https:\/\/my.stlflix.com\/tr\/product\/mascote-do-flamengo-s-asas-tam-pequeno\/#primaryimage\",\"url\":\"https:\/\/my.stlflix.com\/wp-content\/uploads\/2025\/11\/cropped-MASCOTE5-1.jpg\",\"contentUrl\":\"https:\/\/my.stlflix.com\/wp-content\/uploads\/2025\/11\/cropped-MASCOTE5-1.jpg\",\"width\":1058,\"height\":1459},{\"@type\":\"BreadcrumbList\",\"@id\":\"https:\/\/my.stlflix.com\/tr\/product\/mascote-do-flamengo-s-asas-tam-pequeno\/#breadcrumb\",\"itemListElement\":[{\"@type\":\"ListItem\",\"position\":1,\"name\":\"Home\",\"item\":\"https:\/\/www.lojadomandela3d.biz\/\"},{\"@type\":\"ListItem\",\"position\":2,\"name\":\"Products\",\"item\":\"https:\/\/www.lojadomandela3d.biz\/shop\/\"},{\"@type\":\"ListItem\",\"position\":3,\"name\":\"Mascote do Flamengo s\/ asas Tam 22cm\"}]},{\"@type\":\"WebSite\",\"@id\":\"https:\/\/www.stlflix-store.com\/#website\",\"url\":\"https:\/\/www.stlflix-store.com\/\",\"name\":\"MyStore - By STLFLIX\",\"description\":\"\",\"publisher\":{\"@id\":\"https:\/\/www.stlflix-store.com\/#organization\"},\"potentialAction\":[{\"@type\":\"SearchAction\",\"target\":{\"@type\":\"EntryPoint\",\"urlTemplate\":\"https:\/\/www.stlflix-store.com\/?s={search_term_string}\"},\"query-input\":{\"@type\":\"PropertyValueSpecification\",\"valueRequired\":true,\"valueName\":\"search_term_string\"}}],\"inLanguage\":\"tr-TR\"},{\"@type\":\"Organization\",\"@id\":\"https:\/\/www.stlflix-store.com\/#organization\",\"name\":\"MyStore - By STLFLIX\",\"url\":\"https:\/\/www.stlflix-store.com\/\",\"logo\":{\"@type\":\"ImageObject\",\"inLanguage\":\"tr-TR\",\"@id\":\"https:\/\/www.stlflix-store.com\/#\/schema\/logo\/image\/\",\"url\":\"https:\/\/my.stlflix.com\/wp-content\/uploads\/2024\/06\/logo-mystore.png\",\"contentUrl\":\"https:\/\/my.stlflix.com\/wp-content\/uploads\/2024\/06\/logo-mystore.png\",\"width\":150,\"height\":41,\"caption\":\"MyStore - By STLFLIX\"},\"image\":{\"@id\":\"https:\/\/www.stlflix-store.com\/#\/schema\/logo\/image\/\"},\"sameAs\":[\"https:\/\/www.facebook.com\/STLFLIX\",\"https:\/\/www.instagram.com\/stlflix_\/\",\"https:\/\/www.tiktok.com\/@stlflix\"]}]}<\/script>\n<!-- \/ Yoast SEO plugin. -->","yoast_head_json":{"title":"Mascote do Flamengo s\/ asas Tam 22cm - MyStore - By STLFLIX","robots":{"index":"index","follow":"follow","max-snippet":"max-snippet:-1","max-image-preview":"max-image-preview:large","max-video-preview":"max-video-preview:-1"},"canonical":"https:\/\/my.stlflix.com\/tr\/product\/mascote-do-flamengo-s-asas-tam-pequeno\/","og_locale":"tr_TR","og_type":"article","og_title":"Mascote do Flamengo s\/ asas Tam 22cm - MyStore - By STLFLIX","og_description":"Mascote do Flamengo sem asas. Este Malvad\u00e3o de tamanho pequeno (22cm) \u00e9 o s\u00edmbolo da impetuosidade flamenguista. Adquira o mascote oficial do Flamengo impresso com excelente qualidade e pintura impec\u00e1vel. ATEN\u00c7\u00c3O : PRAZO PARA ENTREGA\u00a0 E ESCLARECIMENTOS, CONSULTAR WHATSSAP 61 98597-2506 ATEN\u00c7\u00c3O: PERSONALIZE COM O SEU NOME NA BASE OU ESCRITA DE SUA PREFERENCIA.","og_url":"https:\/\/my.stlflix.com\/tr\/product\/mascote-do-flamengo-s-asas-tam-pequeno\/","og_site_name":"MyStore - By STLFLIX","article_publisher":"https:\/\/www.facebook.com\/STLFLIX","article_modified_time":"2026-01-11T23:16:59+00:00","og_image":[{"width":1058,"height":1459,"url":"https:\/\/my.stlflix.com\/wp-content\/uploads\/2025\/11\/cropped-MASCOTE5-1.jpg","type":"image\/jpeg"}],"twitter_card":"summary_large_image","schema":{"@context":"https:\/\/schema.org","@graph":[{"@type":"WebPage","@id":"https:\/\/my.stlflix.com\/tr\/product\/mascote-do-flamengo-s-asas-tam-pequeno\/","url":"https:\/\/my.stlflix.com\/tr\/product\/mascote-do-flamengo-s-asas-tam-pequeno\/","name":"Mascote do Flamengo s\/ asas Tam 22cm - MyStore - By STLFLIX","isPartOf":{"@id":"https:\/\/www.stlflix-store.com\/#website"},"primaryImageOfPage":{"@id":"https:\/\/my.stlflix.com\/tr\/product\/mascote-do-flamengo-s-asas-tam-pequeno\/#primaryimage"},"image":{"@id":"https:\/\/my.stlflix.com\/tr\/product\/mascote-do-flamengo-s-asas-tam-pequeno\/#primaryimage"},"thumbnailUrl":"https:\/\/my.stlflix.com\/wp-content\/uploads\/2025\/11\/cropped-MASCOTE5-1.jpg","datePublished":"2025-11-06T13:01:00+00:00","dateModified":"2026-01-11T23:16:59+00:00","breadcrumb":{"@id":"https:\/\/my.stlflix.com\/tr\/product\/mascote-do-flamengo-s-asas-tam-pequeno\/#breadcrumb"},"inLanguage":"tr-TR","potentialAction":[{"@type":"ReadAction","target":["https:\/\/my.stlflix.com\/tr\/product\/mascote-do-flamengo-s-asas-tam-pequeno\/"]}]},{"@type":"ImageObject","inLanguage":"tr-TR","@id":"https:\/\/my.stlflix.com\/tr\/product\/mascote-do-flamengo-s-asas-tam-pequeno\/#primaryimage","url":"https:\/\/my.stlflix.com\/wp-content\/uploads\/2025\/11\/cropped-MASCOTE5-1.jpg","contentUrl":"https:\/\/my.stlflix.com\/wp-content\/uploads\/2025\/11\/cropped-MASCOTE5-1.jpg","width":1058,"height":1459},{"@type":"BreadcrumbList","@id":"https:\/\/my.stlflix.com\/tr\/product\/mascote-do-flamengo-s-asas-tam-pequeno\/#breadcrumb","itemListElement":[{"@type":"ListItem","position":1,"name":"Home","item":"https:\/\/www.lojadomandela3d.biz\/"},{"@type":"ListItem","position":2,"name":"Products","item":"https:\/\/www.lojadomandela3d.biz\/shop\/"},{"@type":"ListItem","position":3,"name":"Mascote do Flamengo s\/ asas Tam 22cm"}]},{"@type":"WebSite","@id":"https:\/\/www.stlflix-store.com\/#website","url":"https:\/\/www.stlflix-store.com\/","name":"MyStore - By STLFLIX","description":"","publisher":{"@id":"https:\/\/www.stlflix-store.com\/#organization"},"potentialAction":[{"@type":"SearchAction","target":{"@type":"EntryPoint","urlTemplate":"https:\/\/www.stlflix-store.com\/?s={search_term_string}"},"query-input":{"@type":"PropertyValueSpecification","valueRequired":true,"valueName":"search_term_string"}}],"inLanguage":"tr-TR"},{"@type":"Organization","@id":"https:\/\/www.stlflix-store.com\/#organization","name":"MyStore - By STLFLIX","url":"https:\/\/www.stlflix-store.com\/","logo":{"@type":"ImageObject","inLanguage":"tr-TR","@id":"https:\/\/www.stlflix-store.com\/#\/schema\/logo\/image\/","url":"https:\/\/my.stlflix.com\/wp-content\/uploads\/2024\/06\/logo-mystore.png","contentUrl":"https:\/\/my.stlflix.com\/wp-content\/uploads\/2024\/06\/logo-mystore.png","width":150,"height":41,"caption":"MyStore - By STLFLIX"},"image":{"@id":"https:\/\/www.stlflix-store.com\/#\/schema\/logo\/image\/"},"sameAs":["https:\/\/www.facebook.com\/STLFLIX","https:\/\/www.instagram.com\/stlflix_\/","https:\/\/www.tiktok.com\/@stlflix"]}]}},"_links":{"self":[{"href":"https:\/\/my.stlflix.com\/tr\/wp-json\/wp\/v2\/product\/467813","targetHints":{"allow":["GET"]}}],"collection":[{"href":"https:\/\/my.stlflix.com\/tr\/wp-json\/wp\/v2\/product"}],"about":[{"href":"https:\/\/my.stlflix.com\/tr\/wp-json\/wp\/v2\/types\/product"}],"replies":[{"embeddable":true,"href":"https:\/\/my.stlflix.com\/tr\/wp-json\/wp\/v2\/comments?post=467813"}],"wp:featuredmedia":[{"embeddable":true,"href":"https:\/\/my.stlflix.com\/tr\/wp-json\/wp\/v2\/media\/467824"}],"wp:attachment":[{"href":"https:\/\/my.stlflix.com\/tr\/wp-json\/wp\/v2\/media?parent=467813"}],"wp:term":[{"taxonomy":"product_brand","embeddable":true,"href":"https:\/\/my.stlflix.com\/tr\/wp-json\/wp\/v2\/product_brand?post=467813"},{"taxonomy":"product_cat","embeddable":true,"href":"https:\/\/my.stlflix.com\/tr\/wp-json\/wp\/v2\/product_cat?post=467813"},{"taxonomy":"product_tag","embeddable":true,"href":"https:\/\/my.stlflix.com\/tr\/wp-json\/wp\/v2\/product_tag?post=467813"}],"curies":[{"name":"wp","href":"https:\/\/api.w.org\/{rel}","templated":true}]}}