{"id":490091,"date":"2025-12-03T17:47:22","date_gmt":"2025-12-03T17:47:22","guid":{"rendered":"https:\/\/my.stlflix.com\/?post_type=product&#038;p=490091"},"modified":"2026-01-12T15:26:09","modified_gmt":"2026-01-12T15:26:09","slug":"valeria-ben-turian-npc-693070717c46a","status":"publish","type":"product","link":"https:\/\/my.stlflix.com\/tr\/product\/valeria-ben-turian-npc-693070717c46a\/","title":{"rendered":"Valeria &amp; Ben Turian &#8211; NPC"},"content":{"rendered":"<p>Antes um guerreiro sagrado, Thon Potts agora vive uma vida pac\u00edfica com sua esposa e enteado, Valeria e Ben Turian, na pac\u00edfica vila de Valoria. Seus dias de lutador terminaram quando a \u00faltima Grande Guerra terminou. Bem, pelo menos esse era o plano&#8230;<br \/>\nQuando o Necromante descobriu sua localiza\u00e7\u00e3o, seus dias de paz acabaram! Lohkback o fez prisioneiro em sua pr\u00f3pria pris\u00e3o enquanto sua fam\u00edlia conseguiu fugir para a antiga Capela da vila. Agora est\u00e3o protegidos por solo sagrado, mas n\u00e3o por muito tempo.<br \/>\nSua \u00faltima esperan\u00e7a de sobreviv\u00eancia agora est\u00e1 com Caligo, o gato de estima\u00e7\u00e3o da fam\u00edlia. Na verdade, Caligo \u00e9 um tipo especial de gato. Um anjo da guarda com corpo espectral e asas, ele serve como emiss\u00e1rio do Deus da Morte. Ele segue aqueles que carregam um fardo pesado e precisam da benevol\u00eancia de Deus \u2013 como \u00e9 o caso de Thon Potts.<br \/>\nCaligo deve encontrar seu antigo &#8220;dono&#8221;, Bartolomeu Aulos, e seus companheiros, Asaria Miralana e Andanor Trosdain. S\u00f3 eles podem ajudar Potts e libertar a vila de Valoria!<\/p>\n<p>ATEN\u00c7\u00c3O:<\/p>\n<p>COR: BRANCO<\/p>\n<p><strong>Projetado por:<\/strong>\u00a0STLFLIX<\/p>\n","protected":false},"excerpt":{"rendered":"<p>Antes um guerreiro sagrado, Thon Potts agora vive uma vida pac\u00edfica com sua esposa e enteado, Valeria e Ben Turian, na pac\u00edfica vila de Valoria. Seus dias de lutador terminaram quando a \u00faltima Grande Guerra terminou. Bem, pelo menos esse era o plano&#8230; Quando o Necromante descobriu sua localiza\u00e7\u00e3o, seus dias de paz acabaram! Lohkback [&hellip;]<\/p>\n","protected":false},"featured_media":7994,"comment_status":"open","ping_status":"closed","template":"","meta":[],"product_brand":[],"product_cat":[72],"product_tag":[7052],"class_list":{"0":"post-490091","1":"product","2":"type-product","3":"status-publish","4":"has-post-thumbnail","6":"product_cat-call-of-the-necromancer","7":"product_tag-geek-colecionaveis","9":"first","10":"instock","11":"taxable","12":"shipping-taxable","13":"purchasable","14":"product-type-simple"},"yoast_head":"<!-- This site is optimized with the Yoast SEO plugin v25.1 - https:\/\/yoast.com\/wordpress\/plugins\/seo\/ -->\n<title>Valeria &amp; Ben Turian - NPC - MyStore - By STLFLIX<\/title>\n<meta name=\"robots\" content=\"index, follow, max-snippet:-1, max-image-preview:large, max-video-preview:-1\" \/>\n<link rel=\"canonical\" href=\"https:\/\/www.lojadomandela3d.biz\/product\/valeria-ben-turian-npc-693070717c46a\/\" \/>\n<meta property=\"og:locale\" content=\"tr_TR\" \/>\n<meta property=\"og:type\" content=\"article\" \/>\n<meta property=\"og:title\" content=\"Valeria &amp; Ben Turian - NPC - MyStore - By STLFLIX\" \/>\n<meta property=\"og:description\" content=\"Antes um guerreiro sagrado, Thon Potts agora vive uma vida pac\u00edfica com sua esposa e enteado, Valeria e Ben Turian, na pac\u00edfica vila de Valoria. Seus dias de lutador terminaram quando a \u00faltima Grande Guerra terminou. Bem, pelo menos esse era o plano&#8230; Quando o Necromante descobriu sua localiza\u00e7\u00e3o, seus dias de paz acabaram! Lohkback [&hellip;]\" \/>\n<meta property=\"og:url\" content=\"https:\/\/www.lojadomandela3d.biz\/product\/valeria-ben-turian-npc-693070717c46a\/\" \/>\n<meta property=\"og:site_name\" content=\"MyStore - By STLFLIX\" \/>\n<meta property=\"article:publisher\" content=\"https:\/\/www.facebook.com\/STLFLIX\" \/>\n<meta property=\"article:modified_time\" content=\"2026-01-12T15:26:09+00:00\" \/>\n<meta property=\"og:image\" content=\"https:\/\/www.lojadomandela3d.biz\/wp-content\/uploads\/2024\/03\/feed_9e2a635c97.png\" \/>\n\t<meta property=\"og:image:width\" content=\"1087\" \/>\n\t<meta property=\"og:image:height\" content=\"1358\" \/>\n\t<meta property=\"og:image:type\" content=\"image\/png\" \/>\n<meta name=\"twitter:card\" content=\"summary_large_image\" \/>\n<meta name=\"twitter:label1\" content=\"Est. reading time\" \/>\n\t<meta name=\"twitter:data1\" content=\"1 minute\" \/>\n<script type=\"application\/ld+json\" class=\"yoast-schema-graph\">{\"@context\":\"https:\/\/schema.org\",\"@graph\":[{\"@type\":\"WebPage\",\"@id\":\"https:\/\/www.lojadomandela3d.biz\/product\/valeria-ben-turian-npc-693070717c46a\/\",\"url\":\"https:\/\/www.lojadomandela3d.biz\/product\/valeria-ben-turian-npc-693070717c46a\/\",\"name\":\"Valeria &amp; Ben Turian - NPC - MyStore - By STLFLIX\",\"isPartOf\":{\"@id\":\"https:\/\/www.monitorstlflix.com\/#website\"},\"primaryImageOfPage\":{\"@id\":\"https:\/\/www.lojadomandela3d.biz\/product\/valeria-ben-turian-npc-693070717c46a\/#primaryimage\"},\"image\":{\"@id\":\"https:\/\/www.lojadomandela3d.biz\/product\/valeria-ben-turian-npc-693070717c46a\/#primaryimage\"},\"thumbnailUrl\":\"https:\/\/my.stlflix.com\/wp-content\/uploads\/2024\/03\/feed_9e2a635c97.png\",\"datePublished\":\"2025-12-03T17:47:22+00:00\",\"dateModified\":\"2026-01-12T15:26:09+00:00\",\"breadcrumb\":{\"@id\":\"https:\/\/www.lojadomandela3d.biz\/product\/valeria-ben-turian-npc-693070717c46a\/#breadcrumb\"},\"inLanguage\":\"tr-TR\",\"potentialAction\":[{\"@type\":\"ReadAction\",\"target\":[\"https:\/\/www.lojadomandela3d.biz\/product\/valeria-ben-turian-npc-693070717c46a\/\"]}]},{\"@type\":\"ImageObject\",\"inLanguage\":\"tr-TR\",\"@id\":\"https:\/\/www.lojadomandela3d.biz\/product\/valeria-ben-turian-npc-693070717c46a\/#primaryimage\",\"url\":\"https:\/\/my.stlflix.com\/wp-content\/uploads\/2024\/03\/feed_9e2a635c97.png\",\"contentUrl\":\"https:\/\/my.stlflix.com\/wp-content\/uploads\/2024\/03\/feed_9e2a635c97.png\",\"width\":1087,\"height\":1358},{\"@type\":\"BreadcrumbList\",\"@id\":\"https:\/\/www.lojadomandela3d.biz\/product\/valeria-ben-turian-npc-693070717c46a\/#breadcrumb\",\"itemListElement\":[{\"@type\":\"ListItem\",\"position\":1,\"name\":\"Home\",\"item\":\"https:\/\/my.stlflix.com\/\"},{\"@type\":\"ListItem\",\"position\":2,\"name\":\"Products\",\"item\":\"https:\/\/my.stlflix.com\/fr\/shop\/\"},{\"@type\":\"ListItem\",\"position\":3,\"name\":\"Valeria &amp; Ben Turian &#8211; NPC\"}]},{\"@type\":\"WebSite\",\"@id\":\"https:\/\/www.monitorstlflix.com\/#website\",\"url\":\"https:\/\/www.monitorstlflix.com\/\",\"name\":\"MyStore - By STLFLIX\",\"description\":\"\",\"publisher\":{\"@id\":\"https:\/\/www.monitorstlflix.com\/#organization\"},\"potentialAction\":[{\"@type\":\"SearchAction\",\"target\":{\"@type\":\"EntryPoint\",\"urlTemplate\":\"https:\/\/www.monitorstlflix.com\/?s={search_term_string}\"},\"query-input\":{\"@type\":\"PropertyValueSpecification\",\"valueRequired\":true,\"valueName\":\"search_term_string\"}}],\"inLanguage\":\"tr-TR\"},{\"@type\":\"Organization\",\"@id\":\"https:\/\/www.monitorstlflix.com\/#organization\",\"name\":\"MyStore - By STLFLIX\",\"url\":\"https:\/\/www.monitorstlflix.com\/\",\"logo\":{\"@type\":\"ImageObject\",\"inLanguage\":\"tr-TR\",\"@id\":\"https:\/\/www.monitorstlflix.com\/#\/schema\/logo\/image\/\",\"url\":\"https:\/\/my.stlflix.com\/wp-content\/uploads\/2024\/06\/logo-mystore.png\",\"contentUrl\":\"https:\/\/my.stlflix.com\/wp-content\/uploads\/2024\/06\/logo-mystore.png\",\"width\":150,\"height\":41,\"caption\":\"MyStore - By STLFLIX\"},\"image\":{\"@id\":\"https:\/\/www.monitorstlflix.com\/#\/schema\/logo\/image\/\"},\"sameAs\":[\"https:\/\/www.facebook.com\/STLFLIX\",\"https:\/\/www.instagram.com\/stlflix_\/\",\"https:\/\/www.tiktok.com\/@stlflix\"]}]}<\/script>\n<!-- \/ Yoast SEO plugin. -->","yoast_head_json":{"title":"Valeria &amp; Ben Turian - NPC - MyStore - By STLFLIX","robots":{"index":"index","follow":"follow","max-snippet":"max-snippet:-1","max-image-preview":"max-image-preview:large","max-video-preview":"max-video-preview:-1"},"canonical":"https:\/\/www.lojadomandela3d.biz\/product\/valeria-ben-turian-npc-693070717c46a\/","og_locale":"tr_TR","og_type":"article","og_title":"Valeria &amp; Ben Turian - NPC - MyStore - By STLFLIX","og_description":"Antes um guerreiro sagrado, Thon Potts agora vive uma vida pac\u00edfica com sua esposa e enteado, Valeria e Ben Turian, na pac\u00edfica vila de Valoria. Seus dias de lutador terminaram quando a \u00faltima Grande Guerra terminou. Bem, pelo menos esse era o plano&#8230; Quando o Necromante descobriu sua localiza\u00e7\u00e3o, seus dias de paz acabaram! Lohkback [&hellip;]","og_url":"https:\/\/www.lojadomandela3d.biz\/product\/valeria-ben-turian-npc-693070717c46a\/","og_site_name":"MyStore - By STLFLIX","article_publisher":"https:\/\/www.facebook.com\/STLFLIX","article_modified_time":"2026-01-12T15:26:09+00:00","og_image":[{"width":1087,"height":1358,"url":"https:\/\/www.lojadomandela3d.biz\/wp-content\/uploads\/2024\/03\/feed_9e2a635c97.png","type":"image\/png"}],"twitter_card":"summary_large_image","twitter_misc":{"Est. reading time":"1 minute"},"schema":{"@context":"https:\/\/schema.org","@graph":[{"@type":"WebPage","@id":"https:\/\/www.lojadomandela3d.biz\/product\/valeria-ben-turian-npc-693070717c46a\/","url":"https:\/\/www.lojadomandela3d.biz\/product\/valeria-ben-turian-npc-693070717c46a\/","name":"Valeria &amp; Ben Turian - NPC - MyStore - By STLFLIX","isPartOf":{"@id":"https:\/\/www.monitorstlflix.com\/#website"},"primaryImageOfPage":{"@id":"https:\/\/www.lojadomandela3d.biz\/product\/valeria-ben-turian-npc-693070717c46a\/#primaryimage"},"image":{"@id":"https:\/\/www.lojadomandela3d.biz\/product\/valeria-ben-turian-npc-693070717c46a\/#primaryimage"},"thumbnailUrl":"https:\/\/my.stlflix.com\/wp-content\/uploads\/2024\/03\/feed_9e2a635c97.png","datePublished":"2025-12-03T17:47:22+00:00","dateModified":"2026-01-12T15:26:09+00:00","breadcrumb":{"@id":"https:\/\/www.lojadomandela3d.biz\/product\/valeria-ben-turian-npc-693070717c46a\/#breadcrumb"},"inLanguage":"tr-TR","potentialAction":[{"@type":"ReadAction","target":["https:\/\/www.lojadomandela3d.biz\/product\/valeria-ben-turian-npc-693070717c46a\/"]}]},{"@type":"ImageObject","inLanguage":"tr-TR","@id":"https:\/\/www.lojadomandela3d.biz\/product\/valeria-ben-turian-npc-693070717c46a\/#primaryimage","url":"https:\/\/my.stlflix.com\/wp-content\/uploads\/2024\/03\/feed_9e2a635c97.png","contentUrl":"https:\/\/my.stlflix.com\/wp-content\/uploads\/2024\/03\/feed_9e2a635c97.png","width":1087,"height":1358},{"@type":"BreadcrumbList","@id":"https:\/\/www.lojadomandela3d.biz\/product\/valeria-ben-turian-npc-693070717c46a\/#breadcrumb","itemListElement":[{"@type":"ListItem","position":1,"name":"Home","item":"https:\/\/my.stlflix.com\/"},{"@type":"ListItem","position":2,"name":"Products","item":"https:\/\/my.stlflix.com\/fr\/shop\/"},{"@type":"ListItem","position":3,"name":"Valeria &amp; Ben Turian &#8211; NPC"}]},{"@type":"WebSite","@id":"https:\/\/www.monitorstlflix.com\/#website","url":"https:\/\/www.monitorstlflix.com\/","name":"MyStore - By STLFLIX","description":"","publisher":{"@id":"https:\/\/www.monitorstlflix.com\/#organization"},"potentialAction":[{"@type":"SearchAction","target":{"@type":"EntryPoint","urlTemplate":"https:\/\/www.monitorstlflix.com\/?s={search_term_string}"},"query-input":{"@type":"PropertyValueSpecification","valueRequired":true,"valueName":"search_term_string"}}],"inLanguage":"tr-TR"},{"@type":"Organization","@id":"https:\/\/www.monitorstlflix.com\/#organization","name":"MyStore - By STLFLIX","url":"https:\/\/www.monitorstlflix.com\/","logo":{"@type":"ImageObject","inLanguage":"tr-TR","@id":"https:\/\/www.monitorstlflix.com\/#\/schema\/logo\/image\/","url":"https:\/\/my.stlflix.com\/wp-content\/uploads\/2024\/06\/logo-mystore.png","contentUrl":"https:\/\/my.stlflix.com\/wp-content\/uploads\/2024\/06\/logo-mystore.png","width":150,"height":41,"caption":"MyStore - By STLFLIX"},"image":{"@id":"https:\/\/www.monitorstlflix.com\/#\/schema\/logo\/image\/"},"sameAs":["https:\/\/www.facebook.com\/STLFLIX","https:\/\/www.instagram.com\/stlflix_\/","https:\/\/www.tiktok.com\/@stlflix"]}]}},"_links":{"self":[{"href":"https:\/\/my.stlflix.com\/tr\/wp-json\/wp\/v2\/product\/490091","targetHints":{"allow":["GET"]}}],"collection":[{"href":"https:\/\/my.stlflix.com\/tr\/wp-json\/wp\/v2\/product"}],"about":[{"href":"https:\/\/my.stlflix.com\/tr\/wp-json\/wp\/v2\/types\/product"}],"replies":[{"embeddable":true,"href":"https:\/\/my.stlflix.com\/tr\/wp-json\/wp\/v2\/comments?post=490091"}],"wp:featuredmedia":[{"embeddable":true,"href":"https:\/\/my.stlflix.com\/tr\/wp-json\/wp\/v2\/media\/7994"}],"wp:attachment":[{"href":"https:\/\/my.stlflix.com\/tr\/wp-json\/wp\/v2\/media?parent=490091"}],"wp:term":[{"taxonomy":"product_brand","embeddable":true,"href":"https:\/\/my.stlflix.com\/tr\/wp-json\/wp\/v2\/product_brand?post=490091"},{"taxonomy":"product_cat","embeddable":true,"href":"https:\/\/my.stlflix.com\/tr\/wp-json\/wp\/v2\/product_cat?post=490091"},{"taxonomy":"product_tag","embeddable":true,"href":"https:\/\/my.stlflix.com\/tr\/wp-json\/wp\/v2\/product_tag?post=490091"}],"curies":[{"name":"wp","href":"https:\/\/api.w.org\/{rel}","templated":true}]}}