{"id":492951,"date":"2025-12-09T18:55:04","date_gmt":"2025-12-09T18:55:04","guid":{"rendered":"https:\/\/my.stlflix.com\/?post_type=product&#038;p=492951"},"modified":"2025-12-12T14:15:01","modified_gmt":"2025-12-12T14:15:01","slug":"the-lithic-titan-69386da44d20d","status":"publish","type":"product","link":"https:\/\/my.stlflix.com\/tr\/product\/the-lithic-titan-69386da44d20d\/","title":{"rendered":"O Drag\u00e3o de Pedra"},"content":{"rendered":"<p>O Drag\u00e3o de Pedra, respons\u00e1vel pela cria\u00e7\u00e3o de todo o manto que protege a terra de seu pr\u00f3prio n\u00facleo. Ele habita a imensid\u00e3o das cavernas mais profundas do planeta, adormecido a mil\u00eanios apenas esperando o momento certo para despertar!<\/p>\n<p>Sua cauda articulada tem cerca de 30cm de comprimento, com 5cm de altura.<\/p>\n<p>As cores podem ser alteradas!<\/p>\n","protected":false},"excerpt":{"rendered":"<p>O Drag\u00e3o de Pedra, respons\u00e1vel pela cria\u00e7\u00e3o de todo o manto que protege a terra de seu pr\u00f3prio n\u00facleo. Ele habita a imensid\u00e3o das cavernas mais profundas do planeta, adormecido a mil\u00eanios apenas esperando o momento certo para despertar! Sua cauda articulada tem cerca de 30cm de comprimento, com 5cm de altura. As cores podem [&hellip;]<\/p>\n","protected":false},"featured_media":204241,"comment_status":"open","ping_status":"closed","template":"","meta":[],"product_brand":[],"product_cat":[15],"product_tag":[707],"class_list":{"0":"post-492951","1":"product","2":"type-product","3":"status-publish","4":"has-post-thumbnail","6":"product_cat-uncategorized","7":"product_tag-dragoes","9":"first","10":"instock","11":"taxable","12":"shipping-taxable","13":"purchasable","14":"product-type-simple"},"yoast_head":"<!-- This site is optimized with the Yoast SEO plugin v25.1 - https:\/\/yoast.com\/wordpress\/plugins\/seo\/ -->\n<title>O Drag\u00e3o de Pedra - MyStore - By STLFLIX<\/title>\n<meta name=\"robots\" content=\"index, follow, max-snippet:-1, max-image-preview:large, max-video-preview:-1\" \/>\n<link rel=\"canonical\" href=\"https:\/\/my.stlflix.com\/tr\/product\/the-lithic-titan-69386da44d20d\/\" \/>\n<meta property=\"og:locale\" content=\"tr_TR\" \/>\n<meta property=\"og:type\" content=\"article\" \/>\n<meta property=\"og:title\" content=\"O Drag\u00e3o de Pedra - MyStore - By STLFLIX\" \/>\n<meta property=\"og:description\" content=\"O Drag\u00e3o de Pedra, respons\u00e1vel pela cria\u00e7\u00e3o de todo o manto que protege a terra de seu pr\u00f3prio n\u00facleo. Ele habita a imensid\u00e3o das cavernas mais profundas do planeta, adormecido a mil\u00eanios apenas esperando o momento certo para despertar! Sua cauda articulada tem cerca de 30cm de comprimento, com 5cm de altura. As cores podem [&hellip;]\" \/>\n<meta property=\"og:url\" content=\"https:\/\/my.stlflix.com\/tr\/product\/the-lithic-titan-69386da44d20d\/\" \/>\n<meta property=\"og:site_name\" content=\"MyStore - By STLFLIX\" \/>\n<meta property=\"article:publisher\" content=\"https:\/\/www.facebook.com\/STLFLIX\" \/>\n<meta property=\"article:modified_time\" content=\"2025-12-12T14:15:01+00:00\" \/>\n<meta property=\"og:image\" content=\"https:\/\/my.stlflix.com\/wp-content\/uploads\/2024\/12\/The_Lithic_Titanthumb_d265caeedd.jpg\" \/>\n\t<meta property=\"og:image:width\" content=\"1080\" \/>\n\t<meta property=\"og:image:height\" content=\"1350\" \/>\n\t<meta property=\"og:image:type\" content=\"image\/jpeg\" \/>\n<meta name=\"twitter:card\" content=\"summary_large_image\" \/>\n<script type=\"application\/ld+json\" class=\"yoast-schema-graph\">{\"@context\":\"https:\/\/schema.org\",\"@graph\":[{\"@type\":\"WebPage\",\"@id\":\"https:\/\/my.stlflix.com\/tr\/product\/the-lithic-titan-69386da44d20d\/\",\"url\":\"https:\/\/my.stlflix.com\/tr\/product\/the-lithic-titan-69386da44d20d\/\",\"name\":\"O Drag\u00e3o de Pedra - MyStore - By STLFLIX\",\"isPartOf\":{\"@id\":\"https:\/\/my.stlflix.com\/#website\"},\"primaryImageOfPage\":{\"@id\":\"https:\/\/my.stlflix.com\/tr\/product\/the-lithic-titan-69386da44d20d\/#primaryimage\"},\"image\":{\"@id\":\"https:\/\/my.stlflix.com\/tr\/product\/the-lithic-titan-69386da44d20d\/#primaryimage\"},\"thumbnailUrl\":\"https:\/\/my.stlflix.com\/wp-content\/uploads\/2024\/12\/The_Lithic_Titanthumb_d265caeedd.jpg\",\"datePublished\":\"2025-12-09T18:55:04+00:00\",\"dateModified\":\"2025-12-12T14:15:01+00:00\",\"breadcrumb\":{\"@id\":\"https:\/\/my.stlflix.com\/tr\/product\/the-lithic-titan-69386da44d20d\/#breadcrumb\"},\"inLanguage\":\"tr-TR\",\"potentialAction\":[{\"@type\":\"ReadAction\",\"target\":[\"https:\/\/my.stlflix.com\/tr\/product\/the-lithic-titan-69386da44d20d\/\"]}]},{\"@type\":\"ImageObject\",\"inLanguage\":\"tr-TR\",\"@id\":\"https:\/\/my.stlflix.com\/tr\/product\/the-lithic-titan-69386da44d20d\/#primaryimage\",\"url\":\"https:\/\/my.stlflix.com\/wp-content\/uploads\/2024\/12\/The_Lithic_Titanthumb_d265caeedd.jpg\",\"contentUrl\":\"https:\/\/my.stlflix.com\/wp-content\/uploads\/2024\/12\/The_Lithic_Titanthumb_d265caeedd.jpg\",\"width\":1080,\"height\":1350},{\"@type\":\"BreadcrumbList\",\"@id\":\"https:\/\/my.stlflix.com\/tr\/product\/the-lithic-titan-69386da44d20d\/#breadcrumb\",\"itemListElement\":[{\"@type\":\"ListItem\",\"position\":1,\"name\":\"Home\",\"item\":\"https:\/\/www.stlflix-store.com\/\"},{\"@type\":\"ListItem\",\"position\":2,\"name\":\"Products\",\"item\":\"https:\/\/www.stlflix-store.com\/shop\/\"},{\"@type\":\"ListItem\",\"position\":3,\"name\":\"O Drag\u00e3o de Pedra\"}]},{\"@type\":\"WebSite\",\"@id\":\"https:\/\/my.stlflix.com\/#website\",\"url\":\"https:\/\/my.stlflix.com\/\",\"name\":\"MyStore - By STLFLIX\",\"description\":\"\",\"publisher\":{\"@id\":\"https:\/\/my.stlflix.com\/#organization\"},\"potentialAction\":[{\"@type\":\"SearchAction\",\"target\":{\"@type\":\"EntryPoint\",\"urlTemplate\":\"https:\/\/my.stlflix.com\/?s={search_term_string}\"},\"query-input\":{\"@type\":\"PropertyValueSpecification\",\"valueRequired\":true,\"valueName\":\"search_term_string\"}}],\"inLanguage\":\"tr-TR\"},{\"@type\":\"Organization\",\"@id\":\"https:\/\/my.stlflix.com\/#organization\",\"name\":\"MyStore - By STLFLIX\",\"url\":\"https:\/\/my.stlflix.com\/\",\"logo\":{\"@type\":\"ImageObject\",\"inLanguage\":\"tr-TR\",\"@id\":\"https:\/\/my.stlflix.com\/#\/schema\/logo\/image\/\",\"url\":\"https:\/\/my.stlflix.com\/wp-content\/uploads\/2024\/06\/logo-mystore.png\",\"contentUrl\":\"https:\/\/my.stlflix.com\/wp-content\/uploads\/2024\/06\/logo-mystore.png\",\"width\":150,\"height\":41,\"caption\":\"MyStore - By STLFLIX\"},\"image\":{\"@id\":\"https:\/\/my.stlflix.com\/#\/schema\/logo\/image\/\"},\"sameAs\":[\"https:\/\/www.facebook.com\/STLFLIX\",\"https:\/\/www.instagram.com\/stlflix_\/\",\"https:\/\/www.tiktok.com\/@stlflix\"]}]}<\/script>\n<!-- \/ Yoast SEO plugin. -->","yoast_head_json":{"title":"O Drag\u00e3o de Pedra - MyStore - By STLFLIX","robots":{"index":"index","follow":"follow","max-snippet":"max-snippet:-1","max-image-preview":"max-image-preview:large","max-video-preview":"max-video-preview:-1"},"canonical":"https:\/\/my.stlflix.com\/tr\/product\/the-lithic-titan-69386da44d20d\/","og_locale":"tr_TR","og_type":"article","og_title":"O Drag\u00e3o de Pedra - MyStore - By STLFLIX","og_description":"O Drag\u00e3o de Pedra, respons\u00e1vel pela cria\u00e7\u00e3o de todo o manto que protege a terra de seu pr\u00f3prio n\u00facleo. Ele habita a imensid\u00e3o das cavernas mais profundas do planeta, adormecido a mil\u00eanios apenas esperando o momento certo para despertar! Sua cauda articulada tem cerca de 30cm de comprimento, com 5cm de altura. As cores podem [&hellip;]","og_url":"https:\/\/my.stlflix.com\/tr\/product\/the-lithic-titan-69386da44d20d\/","og_site_name":"MyStore - By STLFLIX","article_publisher":"https:\/\/www.facebook.com\/STLFLIX","article_modified_time":"2025-12-12T14:15:01+00:00","og_image":[{"width":1080,"height":1350,"url":"https:\/\/my.stlflix.com\/wp-content\/uploads\/2024\/12\/The_Lithic_Titanthumb_d265caeedd.jpg","type":"image\/jpeg"}],"twitter_card":"summary_large_image","schema":{"@context":"https:\/\/schema.org","@graph":[{"@type":"WebPage","@id":"https:\/\/my.stlflix.com\/tr\/product\/the-lithic-titan-69386da44d20d\/","url":"https:\/\/my.stlflix.com\/tr\/product\/the-lithic-titan-69386da44d20d\/","name":"O Drag\u00e3o de Pedra - MyStore - By STLFLIX","isPartOf":{"@id":"https:\/\/my.stlflix.com\/#website"},"primaryImageOfPage":{"@id":"https:\/\/my.stlflix.com\/tr\/product\/the-lithic-titan-69386da44d20d\/#primaryimage"},"image":{"@id":"https:\/\/my.stlflix.com\/tr\/product\/the-lithic-titan-69386da44d20d\/#primaryimage"},"thumbnailUrl":"https:\/\/my.stlflix.com\/wp-content\/uploads\/2024\/12\/The_Lithic_Titanthumb_d265caeedd.jpg","datePublished":"2025-12-09T18:55:04+00:00","dateModified":"2025-12-12T14:15:01+00:00","breadcrumb":{"@id":"https:\/\/my.stlflix.com\/tr\/product\/the-lithic-titan-69386da44d20d\/#breadcrumb"},"inLanguage":"tr-TR","potentialAction":[{"@type":"ReadAction","target":["https:\/\/my.stlflix.com\/tr\/product\/the-lithic-titan-69386da44d20d\/"]}]},{"@type":"ImageObject","inLanguage":"tr-TR","@id":"https:\/\/my.stlflix.com\/tr\/product\/the-lithic-titan-69386da44d20d\/#primaryimage","url":"https:\/\/my.stlflix.com\/wp-content\/uploads\/2024\/12\/The_Lithic_Titanthumb_d265caeedd.jpg","contentUrl":"https:\/\/my.stlflix.com\/wp-content\/uploads\/2024\/12\/The_Lithic_Titanthumb_d265caeedd.jpg","width":1080,"height":1350},{"@type":"BreadcrumbList","@id":"https:\/\/my.stlflix.com\/tr\/product\/the-lithic-titan-69386da44d20d\/#breadcrumb","itemListElement":[{"@type":"ListItem","position":1,"name":"Home","item":"https:\/\/www.stlflix-store.com\/"},{"@type":"ListItem","position":2,"name":"Products","item":"https:\/\/www.stlflix-store.com\/shop\/"},{"@type":"ListItem","position":3,"name":"O Drag\u00e3o de Pedra"}]},{"@type":"WebSite","@id":"https:\/\/my.stlflix.com\/#website","url":"https:\/\/my.stlflix.com\/","name":"MyStore - By STLFLIX","description":"","publisher":{"@id":"https:\/\/my.stlflix.com\/#organization"},"potentialAction":[{"@type":"SearchAction","target":{"@type":"EntryPoint","urlTemplate":"https:\/\/my.stlflix.com\/?s={search_term_string}"},"query-input":{"@type":"PropertyValueSpecification","valueRequired":true,"valueName":"search_term_string"}}],"inLanguage":"tr-TR"},{"@type":"Organization","@id":"https:\/\/my.stlflix.com\/#organization","name":"MyStore - By STLFLIX","url":"https:\/\/my.stlflix.com\/","logo":{"@type":"ImageObject","inLanguage":"tr-TR","@id":"https:\/\/my.stlflix.com\/#\/schema\/logo\/image\/","url":"https:\/\/my.stlflix.com\/wp-content\/uploads\/2024\/06\/logo-mystore.png","contentUrl":"https:\/\/my.stlflix.com\/wp-content\/uploads\/2024\/06\/logo-mystore.png","width":150,"height":41,"caption":"MyStore - By STLFLIX"},"image":{"@id":"https:\/\/my.stlflix.com\/#\/schema\/logo\/image\/"},"sameAs":["https:\/\/www.facebook.com\/STLFLIX","https:\/\/www.instagram.com\/stlflix_\/","https:\/\/www.tiktok.com\/@stlflix"]}]}},"_links":{"self":[{"href":"https:\/\/my.stlflix.com\/tr\/wp-json\/wp\/v2\/product\/492951","targetHints":{"allow":["GET"]}}],"collection":[{"href":"https:\/\/my.stlflix.com\/tr\/wp-json\/wp\/v2\/product"}],"about":[{"href":"https:\/\/my.stlflix.com\/tr\/wp-json\/wp\/v2\/types\/product"}],"replies":[{"embeddable":true,"href":"https:\/\/my.stlflix.com\/tr\/wp-json\/wp\/v2\/comments?post=492951"}],"wp:featuredmedia":[{"embeddable":true,"href":"https:\/\/my.stlflix.com\/tr\/wp-json\/wp\/v2\/media\/204241"}],"wp:attachment":[{"href":"https:\/\/my.stlflix.com\/tr\/wp-json\/wp\/v2\/media?parent=492951"}],"wp:term":[{"taxonomy":"product_brand","embeddable":true,"href":"https:\/\/my.stlflix.com\/tr\/wp-json\/wp\/v2\/product_brand?post=492951"},{"taxonomy":"product_cat","embeddable":true,"href":"https:\/\/my.stlflix.com\/tr\/wp-json\/wp\/v2\/product_cat?post=492951"},{"taxonomy":"product_tag","embeddable":true,"href":"https:\/\/my.stlflix.com\/tr\/wp-json\/wp\/v2\/product_tag?post=492951"}],"curies":[{"name":"wp","href":"https:\/\/api.w.org\/{rel}","templated":true}]}}