{"id":500583,"date":"2025-12-26T20:52:53","date_gmt":"2025-12-26T20:52:53","guid":{"rendered":"https:\/\/my.stlflix.com\/?post_type=product&#038;p=500583"},"modified":"2025-12-26T20:52:54","modified_gmt":"2025-12-26T20:52:54","slug":"buddha-in-bloom-tabletop-fountain-694ef17d5eba3","status":"publish","type":"product","link":"https:\/\/my.stlflix.com\/tr\/product\/buddha-in-bloom-tabletop-fountain-694ef17d5eba3\/","title":{"rendered":"Buddha in Bloom &#8211; Fonte de Mesa"},"content":{"rendered":"<p>Voc\u00ea sabia que a flor de l\u00f3tus nasce no meio da lama? \ud83c\udf38<\/p>\n<p>Mesmo assim, ela cresce forte, bonita e cheia de significado \u2728\ufe0f<\/p>\n<p>Quando essa fonte vira presente, ela tem o poder de criar novas mem\u00f3rias e carregar o desejo de que a gente sempre consiga florescer, mesmo diante das dificuldades \ud83d\udcaa\ud83c\udffb<\/p>\n<p>Essa \u00e9 a primeira fonte feita pelo Limonauta! Impressa em 3D, pintada \u00e0 m\u00e3o e finalizada com pedrinhas de verdade \ud83c\udf4b\ud83d\udc9b<\/p>\n<p>Mais informa\u00e7\u00f5es:<br \/>\nTamanho: aproximadamente 22cm<br \/>\nPeso: aproximadamente 1kg sem \u00e1gua<br \/>\nVoltagem: bivolt<\/p>\n","protected":false},"excerpt":{"rendered":"<p>Voc\u00ea sabia que a flor de l\u00f3tus nasce no meio da lama? \ud83c\udf38 Mesmo assim, ela cresce forte, bonita e cheia de significado \u2728\ufe0f Quando essa fonte vira presente, ela tem o poder de criar novas mem\u00f3rias e carregar o desejo de que a gente sempre consiga florescer, mesmo diante das dificuldades \ud83d\udcaa\ud83c\udffb Essa \u00e9 [&hellip;]<\/p>\n","protected":false},"featured_media":500649,"comment_status":"open","ping_status":"closed","template":"","meta":[],"product_brand":[],"product_cat":[15],"product_tag":[6409,6932,6063],"class_list":{"0":"post-500583","1":"product","2":"type-product","3":"status-publish","4":"has-post-thumbnail","6":"product_cat-uncategorized","7":"product_tag-fonte","8":"product_tag-fontes-de-agua","9":"product_tag-fontes-de-mesa","11":"first","12":"onbackorder","13":"taxable","14":"shipping-taxable","15":"purchasable","16":"product-type-simple"},"yoast_head":"<!-- This site is optimized with the Yoast SEO plugin v25.1 - https:\/\/yoast.com\/wordpress\/plugins\/seo\/ -->\n<title>Buddha in Bloom - Fonte de Mesa - MyStore - By STLFLIX<\/title>\n<meta name=\"robots\" content=\"index, follow, max-snippet:-1, max-image-preview:large, max-video-preview:-1\" \/>\n<link rel=\"canonical\" href=\"https:\/\/my.stlflix.com\/product\/buddha-in-bloom-tabletop-fountain-694ef17d5eba3\/\" \/>\n<meta property=\"og:locale\" content=\"tr_TR\" \/>\n<meta property=\"og:type\" content=\"article\" \/>\n<meta property=\"og:title\" content=\"Buddha in Bloom - Fonte de Mesa - MyStore - By STLFLIX\" \/>\n<meta property=\"og:description\" content=\"Voc\u00ea sabia que a flor de l\u00f3tus nasce no meio da lama? \ud83c\udf38 Mesmo assim, ela cresce forte, bonita e cheia de significado \u2728\ufe0f Quando essa fonte vira presente, ela tem o poder de criar novas mem\u00f3rias e carregar o desejo de que a gente sempre consiga florescer, mesmo diante das dificuldades \ud83d\udcaa\ud83c\udffb Essa \u00e9 [&hellip;]\" \/>\n<meta property=\"og:url\" content=\"https:\/\/my.stlflix.com\/product\/buddha-in-bloom-tabletop-fountain-694ef17d5eba3\/\" \/>\n<meta property=\"og:site_name\" content=\"MyStore - By STLFLIX\" \/>\n<meta property=\"article:publisher\" content=\"https:\/\/www.facebook.com\/STLFLIX\" \/>\n<meta property=\"article:modified_time\" content=\"2025-12-26T20:52:54+00:00\" \/>\n<meta property=\"og:image\" content=\"https:\/\/my.stlflix.com\/wp-content\/uploads\/2025\/12\/cropped-20251224_104241-2-scaled-1.jpg\" \/>\n\t<meta property=\"og:image:width\" content=\"2044\" \/>\n\t<meta property=\"og:image:height\" content=\"2560\" \/>\n\t<meta property=\"og:image:type\" content=\"image\/jpeg\" \/>\n<meta name=\"twitter:card\" content=\"summary_large_image\" \/>\n<script type=\"application\/ld+json\" class=\"yoast-schema-graph\">{\"@context\":\"https:\/\/schema.org\",\"@graph\":[{\"@type\":\"WebPage\",\"@id\":\"https:\/\/my.stlflix.com\/product\/buddha-in-bloom-tabletop-fountain-694ef17d5eba3\/\",\"url\":\"https:\/\/my.stlflix.com\/product\/buddha-in-bloom-tabletop-fountain-694ef17d5eba3\/\",\"name\":\"Buddha in Bloom - Fonte de Mesa - MyStore - By STLFLIX\",\"isPartOf\":{\"@id\":\"https:\/\/www.monitorstlflix.com\/#website\"},\"primaryImageOfPage\":{\"@id\":\"https:\/\/my.stlflix.com\/product\/buddha-in-bloom-tabletop-fountain-694ef17d5eba3\/#primaryimage\"},\"image\":{\"@id\":\"https:\/\/my.stlflix.com\/product\/buddha-in-bloom-tabletop-fountain-694ef17d5eba3\/#primaryimage\"},\"thumbnailUrl\":\"https:\/\/my.stlflix.com\/wp-content\/uploads\/2025\/12\/cropped-20251224_104241-2-scaled-1.jpg\",\"datePublished\":\"2025-12-26T20:52:53+00:00\",\"dateModified\":\"2025-12-26T20:52:54+00:00\",\"breadcrumb\":{\"@id\":\"https:\/\/my.stlflix.com\/product\/buddha-in-bloom-tabletop-fountain-694ef17d5eba3\/#breadcrumb\"},\"inLanguage\":\"tr-TR\",\"potentialAction\":[{\"@type\":\"ReadAction\",\"target\":[\"https:\/\/my.stlflix.com\/product\/buddha-in-bloom-tabletop-fountain-694ef17d5eba3\/\"]}]},{\"@type\":\"ImageObject\",\"inLanguage\":\"tr-TR\",\"@id\":\"https:\/\/my.stlflix.com\/product\/buddha-in-bloom-tabletop-fountain-694ef17d5eba3\/#primaryimage\",\"url\":\"https:\/\/my.stlflix.com\/wp-content\/uploads\/2025\/12\/cropped-20251224_104241-2-scaled-1.jpg\",\"contentUrl\":\"https:\/\/my.stlflix.com\/wp-content\/uploads\/2025\/12\/cropped-20251224_104241-2-scaled-1.jpg\",\"width\":2044,\"height\":2560},{\"@type\":\"BreadcrumbList\",\"@id\":\"https:\/\/my.stlflix.com\/product\/buddha-in-bloom-tabletop-fountain-694ef17d5eba3\/#breadcrumb\",\"itemListElement\":[{\"@type\":\"ListItem\",\"position\":1,\"name\":\"Home\",\"item\":\"https:\/\/my.stlflix.com\/\"},{\"@type\":\"ListItem\",\"position\":2,\"name\":\"Products\",\"item\":\"https:\/\/my.stlflix.com\/fr\/shop\/\"},{\"@type\":\"ListItem\",\"position\":3,\"name\":\"Buddha in Bloom &#8211; Fonte de Mesa\"}]},{\"@type\":\"WebSite\",\"@id\":\"https:\/\/www.monitorstlflix.com\/#website\",\"url\":\"https:\/\/www.monitorstlflix.com\/\",\"name\":\"MyStore - By STLFLIX\",\"description\":\"\",\"publisher\":{\"@id\":\"https:\/\/www.monitorstlflix.com\/#organization\"},\"potentialAction\":[{\"@type\":\"SearchAction\",\"target\":{\"@type\":\"EntryPoint\",\"urlTemplate\":\"https:\/\/www.monitorstlflix.com\/?s={search_term_string}\"},\"query-input\":{\"@type\":\"PropertyValueSpecification\",\"valueRequired\":true,\"valueName\":\"search_term_string\"}}],\"inLanguage\":\"tr-TR\"},{\"@type\":\"Organization\",\"@id\":\"https:\/\/www.monitorstlflix.com\/#organization\",\"name\":\"MyStore - By STLFLIX\",\"url\":\"https:\/\/www.monitorstlflix.com\/\",\"logo\":{\"@type\":\"ImageObject\",\"inLanguage\":\"tr-TR\",\"@id\":\"https:\/\/www.monitorstlflix.com\/#\/schema\/logo\/image\/\",\"url\":\"https:\/\/my.stlflix.com\/wp-content\/uploads\/2024\/06\/logo-mystore.png\",\"contentUrl\":\"https:\/\/my.stlflix.com\/wp-content\/uploads\/2024\/06\/logo-mystore.png\",\"width\":150,\"height\":41,\"caption\":\"MyStore - By STLFLIX\"},\"image\":{\"@id\":\"https:\/\/www.monitorstlflix.com\/#\/schema\/logo\/image\/\"},\"sameAs\":[\"https:\/\/www.facebook.com\/STLFLIX\",\"https:\/\/www.instagram.com\/stlflix_\/\",\"https:\/\/www.tiktok.com\/@stlflix\"]}]}<\/script>\n<!-- \/ Yoast SEO plugin. -->","yoast_head_json":{"title":"Buddha in Bloom - Fonte de Mesa - MyStore - By STLFLIX","robots":{"index":"index","follow":"follow","max-snippet":"max-snippet:-1","max-image-preview":"max-image-preview:large","max-video-preview":"max-video-preview:-1"},"canonical":"https:\/\/my.stlflix.com\/product\/buddha-in-bloom-tabletop-fountain-694ef17d5eba3\/","og_locale":"tr_TR","og_type":"article","og_title":"Buddha in Bloom - Fonte de Mesa - MyStore - By STLFLIX","og_description":"Voc\u00ea sabia que a flor de l\u00f3tus nasce no meio da lama? \ud83c\udf38 Mesmo assim, ela cresce forte, bonita e cheia de significado \u2728\ufe0f Quando essa fonte vira presente, ela tem o poder de criar novas mem\u00f3rias e carregar o desejo de que a gente sempre consiga florescer, mesmo diante das dificuldades \ud83d\udcaa\ud83c\udffb Essa \u00e9 [&hellip;]","og_url":"https:\/\/my.stlflix.com\/product\/buddha-in-bloom-tabletop-fountain-694ef17d5eba3\/","og_site_name":"MyStore - By STLFLIX","article_publisher":"https:\/\/www.facebook.com\/STLFLIX","article_modified_time":"2025-12-26T20:52:54+00:00","og_image":[{"width":2044,"height":2560,"url":"https:\/\/my.stlflix.com\/wp-content\/uploads\/2025\/12\/cropped-20251224_104241-2-scaled-1.jpg","type":"image\/jpeg"}],"twitter_card":"summary_large_image","schema":{"@context":"https:\/\/schema.org","@graph":[{"@type":"WebPage","@id":"https:\/\/my.stlflix.com\/product\/buddha-in-bloom-tabletop-fountain-694ef17d5eba3\/","url":"https:\/\/my.stlflix.com\/product\/buddha-in-bloom-tabletop-fountain-694ef17d5eba3\/","name":"Buddha in Bloom - Fonte de Mesa - MyStore - By STLFLIX","isPartOf":{"@id":"https:\/\/www.monitorstlflix.com\/#website"},"primaryImageOfPage":{"@id":"https:\/\/my.stlflix.com\/product\/buddha-in-bloom-tabletop-fountain-694ef17d5eba3\/#primaryimage"},"image":{"@id":"https:\/\/my.stlflix.com\/product\/buddha-in-bloom-tabletop-fountain-694ef17d5eba3\/#primaryimage"},"thumbnailUrl":"https:\/\/my.stlflix.com\/wp-content\/uploads\/2025\/12\/cropped-20251224_104241-2-scaled-1.jpg","datePublished":"2025-12-26T20:52:53+00:00","dateModified":"2025-12-26T20:52:54+00:00","breadcrumb":{"@id":"https:\/\/my.stlflix.com\/product\/buddha-in-bloom-tabletop-fountain-694ef17d5eba3\/#breadcrumb"},"inLanguage":"tr-TR","potentialAction":[{"@type":"ReadAction","target":["https:\/\/my.stlflix.com\/product\/buddha-in-bloom-tabletop-fountain-694ef17d5eba3\/"]}]},{"@type":"ImageObject","inLanguage":"tr-TR","@id":"https:\/\/my.stlflix.com\/product\/buddha-in-bloom-tabletop-fountain-694ef17d5eba3\/#primaryimage","url":"https:\/\/my.stlflix.com\/wp-content\/uploads\/2025\/12\/cropped-20251224_104241-2-scaled-1.jpg","contentUrl":"https:\/\/my.stlflix.com\/wp-content\/uploads\/2025\/12\/cropped-20251224_104241-2-scaled-1.jpg","width":2044,"height":2560},{"@type":"BreadcrumbList","@id":"https:\/\/my.stlflix.com\/product\/buddha-in-bloom-tabletop-fountain-694ef17d5eba3\/#breadcrumb","itemListElement":[{"@type":"ListItem","position":1,"name":"Home","item":"https:\/\/my.stlflix.com\/"},{"@type":"ListItem","position":2,"name":"Products","item":"https:\/\/my.stlflix.com\/fr\/shop\/"},{"@type":"ListItem","position":3,"name":"Buddha in Bloom &#8211; Fonte de Mesa"}]},{"@type":"WebSite","@id":"https:\/\/www.monitorstlflix.com\/#website","url":"https:\/\/www.monitorstlflix.com\/","name":"MyStore - By STLFLIX","description":"","publisher":{"@id":"https:\/\/www.monitorstlflix.com\/#organization"},"potentialAction":[{"@type":"SearchAction","target":{"@type":"EntryPoint","urlTemplate":"https:\/\/www.monitorstlflix.com\/?s={search_term_string}"},"query-input":{"@type":"PropertyValueSpecification","valueRequired":true,"valueName":"search_term_string"}}],"inLanguage":"tr-TR"},{"@type":"Organization","@id":"https:\/\/www.monitorstlflix.com\/#organization","name":"MyStore - By STLFLIX","url":"https:\/\/www.monitorstlflix.com\/","logo":{"@type":"ImageObject","inLanguage":"tr-TR","@id":"https:\/\/www.monitorstlflix.com\/#\/schema\/logo\/image\/","url":"https:\/\/my.stlflix.com\/wp-content\/uploads\/2024\/06\/logo-mystore.png","contentUrl":"https:\/\/my.stlflix.com\/wp-content\/uploads\/2024\/06\/logo-mystore.png","width":150,"height":41,"caption":"MyStore - By STLFLIX"},"image":{"@id":"https:\/\/www.monitorstlflix.com\/#\/schema\/logo\/image\/"},"sameAs":["https:\/\/www.facebook.com\/STLFLIX","https:\/\/www.instagram.com\/stlflix_\/","https:\/\/www.tiktok.com\/@stlflix"]}]}},"_links":{"self":[{"href":"https:\/\/my.stlflix.com\/tr\/wp-json\/wp\/v2\/product\/500583","targetHints":{"allow":["GET"]}}],"collection":[{"href":"https:\/\/my.stlflix.com\/tr\/wp-json\/wp\/v2\/product"}],"about":[{"href":"https:\/\/my.stlflix.com\/tr\/wp-json\/wp\/v2\/types\/product"}],"replies":[{"embeddable":true,"href":"https:\/\/my.stlflix.com\/tr\/wp-json\/wp\/v2\/comments?post=500583"}],"wp:featuredmedia":[{"embeddable":true,"href":"https:\/\/my.stlflix.com\/tr\/wp-json\/wp\/v2\/media\/500649"}],"wp:attachment":[{"href":"https:\/\/my.stlflix.com\/tr\/wp-json\/wp\/v2\/media?parent=500583"}],"wp:term":[{"taxonomy":"product_brand","embeddable":true,"href":"https:\/\/my.stlflix.com\/tr\/wp-json\/wp\/v2\/product_brand?post=500583"},{"taxonomy":"product_cat","embeddable":true,"href":"https:\/\/my.stlflix.com\/tr\/wp-json\/wp\/v2\/product_cat?post=500583"},{"taxonomy":"product_tag","embeddable":true,"href":"https:\/\/my.stlflix.com\/tr\/wp-json\/wp\/v2\/product_tag?post=500583"}],"curies":[{"name":"wp","href":"https:\/\/api.w.org\/{rel}","templated":true}]}}