{"id":508571,"date":"2026-01-12T21:59:48","date_gmt":"2026-01-12T21:59:48","guid":{"rendered":"https:\/\/my.stlflix.com\/?post_type=product&#038;p=508571"},"modified":"2026-02-01T19:39:52","modified_gmt":"2026-02-01T19:39:52","slug":"polvaldo-o-polvo","status":"publish","type":"product","link":"https:\/\/my.stlflix.com\/tr\/product\/polvaldo-o-polvo\/","title":{"rendered":"Polvaldo, o polvo"},"content":{"rendered":"<p>\ud83d\udc19\ud83d\udc9c Oito Bra\u00e7os de Charme e Inova\u00e7\u00e3o! Apresentamos o Polvo Articulado 3D!** \ud83d\udc9c\ud83d\udc19<\/p>\n<p>Mergulhe no universo da impress\u00e3o 3D com a nossa mais nova e ador\u00e1vel cria\u00e7\u00e3o: o **Polvo Articulado!**<\/p>\n<p>Este polvo n\u00e3o \u00e9 apenas uma pe\u00e7a de decora\u00e7\u00e3o; ele \u00e9 um show de flexibilidade e design divertido! Com seus olhos expressivos e tent\u00e1culos totalmente **articulados**, ele pode ser posicionado de diversas maneiras, trazendo movimento e alegria para qualquer ambiente. As cores vibrantes (roxo e amarelo) garantem que ele se destaque na sua mesa de trabalho, prateleira ou onde mais a imagina\u00e7\u00e3o mandar!<\/p>\n<p data-path-to-node=\"5\">Leve para casa toda a personalidade desse \u00edcone da cultura pop, recriado com a precis\u00e3o e a qualidade da Impress\u00e3o 3D.<\/p>\n<hr data-path-to-node=\"6\" \/>\n<p data-path-to-node=\"7\">\ud83c\udfa8 <b data-path-to-node=\"7\" data-index-in-node=\"3\">Cores:<\/b> Roxo e Amarelo<\/p>\n<p data-path-to-node=\"7\">\ud83c\udff7 <b data-path-to-node=\"7\" data-index-in-node=\"30\">Material:<\/b> PLA de alta qualidade<\/p>\n<p data-path-to-node=\"7\">\u00a0\u2692\ufe0f <b data-path-to-node=\"7\" data-index-in-node=\"98\">Produ\u00e7\u00e3o:<\/b> Impress\u00e3o 3D por Styllus3D e artista : 3DPrintyi<\/p>\n","protected":false},"excerpt":{"rendered":"<p>\ud83d\udc19\ud83d\udc9c Oito Bra\u00e7os de Charme e Inova\u00e7\u00e3o! Apresentamos o Polvo Articulado 3D!** \ud83d\udc9c\ud83d\udc19 Mergulhe no universo da impress\u00e3o 3D com a nossa mais nova e ador\u00e1vel cria\u00e7\u00e3o: o **Polvo Articulado!** Este polvo n\u00e3o \u00e9 apenas uma pe\u00e7a de decora\u00e7\u00e3o; ele \u00e9 um show de flexibilidade e design divertido! Com seus olhos expressivos e tent\u00e1culos totalmente [&hellip;]<\/p>\n","protected":false},"featured_media":508589,"comment_status":"open","ping_status":"closed","template":"","meta":[],"product_brand":[],"product_cat":[15],"product_tag":[7187,7183],"class_list":{"0":"post-508571","1":"product","2":"type-product","3":"status-publish","4":"has-post-thumbnail","6":"product_cat-uncategorized","7":"product_tag-articulado-fundo-do-mar","8":"product_tag-articulados-fundo-do-mar","10":"first","11":"outofstock","12":"sale","13":"purchasable","14":"product-type-simple"},"yoast_head":"<!-- This site is optimized with the Yoast SEO plugin v25.1 - https:\/\/yoast.com\/wordpress\/plugins\/seo\/ -->\n<title>Polvaldo, o polvo - MyStore - By STLFLIX<\/title>\n<meta name=\"robots\" content=\"index, follow, max-snippet:-1, max-image-preview:large, max-video-preview:-1\" \/>\n<link rel=\"canonical\" href=\"https:\/\/www.monitorstlflix.com\/product\/polvaldo-o-polvo\/\" \/>\n<meta property=\"og:locale\" content=\"tr_TR\" \/>\n<meta property=\"og:type\" content=\"article\" \/>\n<meta property=\"og:title\" content=\"Polvaldo, o polvo - MyStore - By STLFLIX\" \/>\n<meta property=\"og:description\" content=\"\ud83d\udc19\ud83d\udc9c Oito Bra\u00e7os de Charme e Inova\u00e7\u00e3o! Apresentamos o Polvo Articulado 3D!** \ud83d\udc9c\ud83d\udc19 Mergulhe no universo da impress\u00e3o 3D com a nossa mais nova e ador\u00e1vel cria\u00e7\u00e3o: o **Polvo Articulado!** Este polvo n\u00e3o \u00e9 apenas uma pe\u00e7a de decora\u00e7\u00e3o; ele \u00e9 um show de flexibilidade e design divertido! Com seus olhos expressivos e tent\u00e1culos totalmente [&hellip;]\" \/>\n<meta property=\"og:url\" content=\"https:\/\/www.monitorstlflix.com\/product\/polvaldo-o-polvo\/\" \/>\n<meta property=\"og:site_name\" content=\"MyStore - By STLFLIX\" \/>\n<meta property=\"article:publisher\" content=\"https:\/\/www.facebook.com\/STLFLIX\" \/>\n<meta property=\"article:modified_time\" content=\"2026-02-01T19:39:52+00:00\" \/>\n<meta property=\"og:image\" content=\"https:\/\/www.monitorstlflix.com\/wp-content\/uploads\/2026\/01\/cropped-Cartaz-de-energia-solar-amarelo-e-azul-escuro-moderno-scaled-1.png\" \/>\n\t<meta property=\"og:image:width\" content=\"1915\" \/>\n\t<meta property=\"og:image:height\" content=\"2557\" \/>\n\t<meta property=\"og:image:type\" content=\"image\/png\" \/>\n<meta name=\"twitter:card\" content=\"summary_large_image\" \/>\n<meta name=\"twitter:label1\" content=\"Est. reading time\" \/>\n\t<meta name=\"twitter:data1\" content=\"1 minute\" \/>\n<script type=\"application\/ld+json\" class=\"yoast-schema-graph\">{\"@context\":\"https:\/\/schema.org\",\"@graph\":[{\"@type\":\"WebPage\",\"@id\":\"https:\/\/www.monitorstlflix.com\/product\/polvaldo-o-polvo\/\",\"url\":\"https:\/\/www.monitorstlflix.com\/product\/polvaldo-o-polvo\/\",\"name\":\"Polvaldo, o polvo - MyStore - By STLFLIX\",\"isPartOf\":{\"@id\":\"https:\/\/my.stlflix.com\/tr\/#website\"},\"primaryImageOfPage\":{\"@id\":\"https:\/\/www.monitorstlflix.com\/product\/polvaldo-o-polvo\/#primaryimage\"},\"image\":{\"@id\":\"https:\/\/www.monitorstlflix.com\/product\/polvaldo-o-polvo\/#primaryimage\"},\"thumbnailUrl\":\"https:\/\/my.stlflix.com\/wp-content\/uploads\/2026\/01\/cropped-Cartaz-de-energia-solar-amarelo-e-azul-escuro-moderno-scaled-1.png\",\"datePublished\":\"2026-01-12T21:59:48+00:00\",\"dateModified\":\"2026-02-01T19:39:52+00:00\",\"breadcrumb\":{\"@id\":\"https:\/\/www.monitorstlflix.com\/product\/polvaldo-o-polvo\/#breadcrumb\"},\"inLanguage\":\"tr-TR\",\"potentialAction\":[{\"@type\":\"ReadAction\",\"target\":[\"https:\/\/www.monitorstlflix.com\/product\/polvaldo-o-polvo\/\"]}]},{\"@type\":\"ImageObject\",\"inLanguage\":\"tr-TR\",\"@id\":\"https:\/\/www.monitorstlflix.com\/product\/polvaldo-o-polvo\/#primaryimage\",\"url\":\"https:\/\/my.stlflix.com\/wp-content\/uploads\/2026\/01\/cropped-Cartaz-de-energia-solar-amarelo-e-azul-escuro-moderno-scaled-1.png\",\"contentUrl\":\"https:\/\/my.stlflix.com\/wp-content\/uploads\/2026\/01\/cropped-Cartaz-de-energia-solar-amarelo-e-azul-escuro-moderno-scaled-1.png\",\"width\":1915,\"height\":2557},{\"@type\":\"BreadcrumbList\",\"@id\":\"https:\/\/www.monitorstlflix.com\/product\/polvaldo-o-polvo\/#breadcrumb\",\"itemListElement\":[{\"@type\":\"ListItem\",\"position\":1,\"name\":\"Home\",\"item\":\"https:\/\/my.stlflix.com\/\"},{\"@type\":\"ListItem\",\"position\":2,\"name\":\"Products\",\"item\":\"https:\/\/my.stlflix.com\/fr\/shop\/\"},{\"@type\":\"ListItem\",\"position\":3,\"name\":\"Polvaldo, o polvo\"}]},{\"@type\":\"WebSite\",\"@id\":\"https:\/\/my.stlflix.com\/tr\/#website\",\"url\":\"https:\/\/my.stlflix.com\/tr\/\",\"name\":\"MyStore - By STLFLIX\",\"description\":\"\",\"publisher\":{\"@id\":\"https:\/\/my.stlflix.com\/tr\/#organization\"},\"potentialAction\":[{\"@type\":\"SearchAction\",\"target\":{\"@type\":\"EntryPoint\",\"urlTemplate\":\"https:\/\/my.stlflix.com\/tr\/?s={search_term_string}\"},\"query-input\":{\"@type\":\"PropertyValueSpecification\",\"valueRequired\":true,\"valueName\":\"search_term_string\"}}],\"inLanguage\":\"tr-TR\"},{\"@type\":\"Organization\",\"@id\":\"https:\/\/my.stlflix.com\/tr\/#organization\",\"name\":\"MyStore - By STLFLIX\",\"url\":\"https:\/\/my.stlflix.com\/tr\/\",\"logo\":{\"@type\":\"ImageObject\",\"inLanguage\":\"tr-TR\",\"@id\":\"https:\/\/my.stlflix.com\/tr\/#\/schema\/logo\/image\/\",\"url\":\"https:\/\/my.stlflix.com\/wp-content\/uploads\/2024\/06\/logo-mystore.png\",\"contentUrl\":\"https:\/\/my.stlflix.com\/wp-content\/uploads\/2024\/06\/logo-mystore.png\",\"width\":150,\"height\":41,\"caption\":\"MyStore - By STLFLIX\"},\"image\":{\"@id\":\"https:\/\/my.stlflix.com\/tr\/#\/schema\/logo\/image\/\"},\"sameAs\":[\"https:\/\/www.facebook.com\/STLFLIX\",\"https:\/\/www.instagram.com\/stlflix_\/\",\"https:\/\/www.tiktok.com\/@stlflix\"]}]}<\/script>\n<!-- \/ Yoast SEO plugin. -->","yoast_head_json":{"title":"Polvaldo, o polvo - MyStore - By STLFLIX","robots":{"index":"index","follow":"follow","max-snippet":"max-snippet:-1","max-image-preview":"max-image-preview:large","max-video-preview":"max-video-preview:-1"},"canonical":"https:\/\/www.monitorstlflix.com\/product\/polvaldo-o-polvo\/","og_locale":"tr_TR","og_type":"article","og_title":"Polvaldo, o polvo - MyStore - By STLFLIX","og_description":"\ud83d\udc19\ud83d\udc9c Oito Bra\u00e7os de Charme e Inova\u00e7\u00e3o! Apresentamos o Polvo Articulado 3D!** \ud83d\udc9c\ud83d\udc19 Mergulhe no universo da impress\u00e3o 3D com a nossa mais nova e ador\u00e1vel cria\u00e7\u00e3o: o **Polvo Articulado!** Este polvo n\u00e3o \u00e9 apenas uma pe\u00e7a de decora\u00e7\u00e3o; ele \u00e9 um show de flexibilidade e design divertido! Com seus olhos expressivos e tent\u00e1culos totalmente [&hellip;]","og_url":"https:\/\/www.monitorstlflix.com\/product\/polvaldo-o-polvo\/","og_site_name":"MyStore - By STLFLIX","article_publisher":"https:\/\/www.facebook.com\/STLFLIX","article_modified_time":"2026-02-01T19:39:52+00:00","og_image":[{"width":1915,"height":2557,"url":"https:\/\/www.monitorstlflix.com\/wp-content\/uploads\/2026\/01\/cropped-Cartaz-de-energia-solar-amarelo-e-azul-escuro-moderno-scaled-1.png","type":"image\/png"}],"twitter_card":"summary_large_image","twitter_misc":{"Est. reading time":"1 minute"},"schema":{"@context":"https:\/\/schema.org","@graph":[{"@type":"WebPage","@id":"https:\/\/www.monitorstlflix.com\/product\/polvaldo-o-polvo\/","url":"https:\/\/www.monitorstlflix.com\/product\/polvaldo-o-polvo\/","name":"Polvaldo, o polvo - MyStore - By STLFLIX","isPartOf":{"@id":"https:\/\/my.stlflix.com\/tr\/#website"},"primaryImageOfPage":{"@id":"https:\/\/www.monitorstlflix.com\/product\/polvaldo-o-polvo\/#primaryimage"},"image":{"@id":"https:\/\/www.monitorstlflix.com\/product\/polvaldo-o-polvo\/#primaryimage"},"thumbnailUrl":"https:\/\/my.stlflix.com\/wp-content\/uploads\/2026\/01\/cropped-Cartaz-de-energia-solar-amarelo-e-azul-escuro-moderno-scaled-1.png","datePublished":"2026-01-12T21:59:48+00:00","dateModified":"2026-02-01T19:39:52+00:00","breadcrumb":{"@id":"https:\/\/www.monitorstlflix.com\/product\/polvaldo-o-polvo\/#breadcrumb"},"inLanguage":"tr-TR","potentialAction":[{"@type":"ReadAction","target":["https:\/\/www.monitorstlflix.com\/product\/polvaldo-o-polvo\/"]}]},{"@type":"ImageObject","inLanguage":"tr-TR","@id":"https:\/\/www.monitorstlflix.com\/product\/polvaldo-o-polvo\/#primaryimage","url":"https:\/\/my.stlflix.com\/wp-content\/uploads\/2026\/01\/cropped-Cartaz-de-energia-solar-amarelo-e-azul-escuro-moderno-scaled-1.png","contentUrl":"https:\/\/my.stlflix.com\/wp-content\/uploads\/2026\/01\/cropped-Cartaz-de-energia-solar-amarelo-e-azul-escuro-moderno-scaled-1.png","width":1915,"height":2557},{"@type":"BreadcrumbList","@id":"https:\/\/www.monitorstlflix.com\/product\/polvaldo-o-polvo\/#breadcrumb","itemListElement":[{"@type":"ListItem","position":1,"name":"Home","item":"https:\/\/my.stlflix.com\/"},{"@type":"ListItem","position":2,"name":"Products","item":"https:\/\/my.stlflix.com\/fr\/shop\/"},{"@type":"ListItem","position":3,"name":"Polvaldo, o polvo"}]},{"@type":"WebSite","@id":"https:\/\/my.stlflix.com\/tr\/#website","url":"https:\/\/my.stlflix.com\/tr\/","name":"MyStore - By STLFLIX","description":"","publisher":{"@id":"https:\/\/my.stlflix.com\/tr\/#organization"},"potentialAction":[{"@type":"SearchAction","target":{"@type":"EntryPoint","urlTemplate":"https:\/\/my.stlflix.com\/tr\/?s={search_term_string}"},"query-input":{"@type":"PropertyValueSpecification","valueRequired":true,"valueName":"search_term_string"}}],"inLanguage":"tr-TR"},{"@type":"Organization","@id":"https:\/\/my.stlflix.com\/tr\/#organization","name":"MyStore - By STLFLIX","url":"https:\/\/my.stlflix.com\/tr\/","logo":{"@type":"ImageObject","inLanguage":"tr-TR","@id":"https:\/\/my.stlflix.com\/tr\/#\/schema\/logo\/image\/","url":"https:\/\/my.stlflix.com\/wp-content\/uploads\/2024\/06\/logo-mystore.png","contentUrl":"https:\/\/my.stlflix.com\/wp-content\/uploads\/2024\/06\/logo-mystore.png","width":150,"height":41,"caption":"MyStore - By STLFLIX"},"image":{"@id":"https:\/\/my.stlflix.com\/tr\/#\/schema\/logo\/image\/"},"sameAs":["https:\/\/www.facebook.com\/STLFLIX","https:\/\/www.instagram.com\/stlflix_\/","https:\/\/www.tiktok.com\/@stlflix"]}]}},"_links":{"self":[{"href":"https:\/\/my.stlflix.com\/tr\/wp-json\/wp\/v2\/product\/508571","targetHints":{"allow":["GET"]}}],"collection":[{"href":"https:\/\/my.stlflix.com\/tr\/wp-json\/wp\/v2\/product"}],"about":[{"href":"https:\/\/my.stlflix.com\/tr\/wp-json\/wp\/v2\/types\/product"}],"replies":[{"embeddable":true,"href":"https:\/\/my.stlflix.com\/tr\/wp-json\/wp\/v2\/comments?post=508571"}],"wp:featuredmedia":[{"embeddable":true,"href":"https:\/\/my.stlflix.com\/tr\/wp-json\/wp\/v2\/media\/508589"}],"wp:attachment":[{"href":"https:\/\/my.stlflix.com\/tr\/wp-json\/wp\/v2\/media?parent=508571"}],"wp:term":[{"taxonomy":"product_brand","embeddable":true,"href":"https:\/\/my.stlflix.com\/tr\/wp-json\/wp\/v2\/product_brand?post=508571"},{"taxonomy":"product_cat","embeddable":true,"href":"https:\/\/my.stlflix.com\/tr\/wp-json\/wp\/v2\/product_cat?post=508571"},{"taxonomy":"product_tag","embeddable":true,"href":"https:\/\/my.stlflix.com\/tr\/wp-json\/wp\/v2\/product_tag?post=508571"}],"curies":[{"name":"wp","href":"https:\/\/api.w.org\/{rel}","templated":true}]}}