{"id":508604,"date":"2026-01-12T22:51:25","date_gmt":"2026-01-12T22:51:25","guid":{"rendered":"https:\/\/my.stlflix.com\/?post_type=product&#038;p=508604"},"modified":"2026-02-01T19:39:52","modified_gmt":"2026-02-01T19:39:52","slug":"ferrer-caranguejo-ferradura","status":"publish","type":"product","link":"https:\/\/my.stlflix.com\/tr\/product\/ferrer-caranguejo-ferradura\/","title":{"rendered":"Ferrer,Caranguejo ferradura"},"content":{"rendered":"<p data-path-to-node=\"0\">\ud83e\udd80\u2728 <b data-path-to-node=\"0\" data-index-in-node=\"4\">Rel\u00edquia dos Oceanos: Conhe\u00e7a Ferrer, o Caranguejo-Ferradura!<\/b> \u2728\ud83e\udd80<\/p>\n<p data-path-to-node=\"1\">A Styllus 3D traz para voc\u00ea uma pe\u00e7a que \u00e9 um verdadeiro &#8220;f\u00f3ssil vivo&#8221;! Apresentamos o <b data-path-to-node=\"1\" data-index-in-node=\"87\">Ferrer<\/b>, nosso caranguejo-ferradura articulado, que une a hist\u00f3ria milenar da natureza com a tecnologia de ponta da impress\u00e3o 3D.<\/p>\n<p data-path-to-node=\"2\">Com seu design ex\u00f3tico e uma armadura detalhada, o Ferrer possui articula\u00e7\u00f5es que permitem observar toda a engenharia dessa criatura fascinante. \u00c9 uma pe\u00e7a indispens\u00e1vel para quem ama biologia marinha, itens diferenciados ou quer uma decora\u00e7\u00e3o que desperte a curiosidade de todos!<\/p>\n<p data-path-to-node=\"3\">Leve para sua estante essa mistura perfeita de ci\u00eancia, pr\u00e9-hist\u00f3ria e arte digital.<\/p>\n<hr data-path-to-node=\"4\" \/>\n<p data-path-to-node=\"5\">\ud83c\udfa8 Cores: Dourado e Cinza Espacial (efeito met\u00e1lico)<\/p>\n<p data-path-to-node=\"5\">\ud83c\udff7 Material: PLA de alta qualidade<\/p>\n<p data-path-to-node=\"5\">\u2692\ufe0f Produ\u00e7\u00e3o: Impress\u00e3o 3D por Styllus3D Artista : Trex<\/p>\n<p data-path-to-node=\"5\">\n","protected":false},"excerpt":{"rendered":"<p>\ud83e\udd80\u2728 Rel\u00edquia dos Oceanos: Conhe\u00e7a Ferrer, o Caranguejo-Ferradura! \u2728\ud83e\udd80 A Styllus 3D traz para voc\u00ea uma pe\u00e7a que \u00e9 um verdadeiro &#8220;f\u00f3ssil vivo&#8221;! Apresentamos o Ferrer, nosso caranguejo-ferradura articulado, que une a hist\u00f3ria milenar da natureza com a tecnologia de ponta da impress\u00e3o 3D. Com seu design ex\u00f3tico e uma armadura detalhada, o Ferrer possui [&hellip;]<\/p>\n","protected":false},"featured_media":508615,"comment_status":"open","ping_status":"closed","template":"","meta":[],"product_brand":[],"product_cat":[15],"product_tag":[7183],"class_list":{"0":"post-508604","1":"product","2":"type-product","3":"status-publish","4":"has-post-thumbnail","6":"product_cat-uncategorized","7":"product_tag-articulados-fundo-do-mar","9":"first","10":"outofstock","11":"sale","12":"purchasable","13":"product-type-simple"},"yoast_head":"<!-- This site is optimized with the Yoast SEO plugin v25.1 - https:\/\/yoast.com\/wordpress\/plugins\/seo\/ -->\n<title>Carranguejo ferradura , ferrer<\/title>\n<meta name=\"robots\" content=\"index, follow, max-snippet:-1, max-image-preview:large, max-video-preview:-1\" \/>\n<link rel=\"canonical\" href=\"https:\/\/my.stlflix.com\/fr\/product\/ferrer-caranguejo-ferradura\/\" \/>\n<meta property=\"og:locale\" content=\"tr_TR\" \/>\n<meta property=\"og:type\" content=\"article\" \/>\n<meta property=\"og:title\" content=\"Carranguejo ferradura , ferrer\" \/>\n<meta property=\"og:description\" content=\"\ud83e\udd80\u2728 Rel\u00edquia dos Oceanos: Conhe\u00e7a Ferrer, o Caranguejo-Ferradura! \u2728\ud83e\udd80 A Styllus 3D traz para voc\u00ea uma pe\u00e7a que \u00e9 um verdadeiro &#8220;f\u00f3ssil vivo&#8221;! Apresentamos o Ferrer, nosso caranguejo-ferradura articulado, que une a hist\u00f3ria milenar da natureza com a tecnologia de ponta da impress\u00e3o 3D. Com seu design ex\u00f3tico e uma armadura detalhada, o Ferrer possui [&hellip;]\" \/>\n<meta property=\"og:url\" content=\"https:\/\/my.stlflix.com\/fr\/product\/ferrer-caranguejo-ferradura\/\" \/>\n<meta property=\"og:site_name\" content=\"MyStore - By STLFLIX\" \/>\n<meta property=\"article:publisher\" content=\"https:\/\/www.facebook.com\/STLFLIX\" \/>\n<meta property=\"article:modified_time\" content=\"2026-02-01T19:39:52+00:00\" \/>\n<meta property=\"og:image\" content=\"https:\/\/my.stlflix.com\/wp-content\/uploads\/2026\/01\/Cartaz-de-energia-solar-amarelo-e-azul-escuro-moderno-4-scaled.png\" \/>\n\t<meta property=\"og:image:width\" content=\"1920\" \/>\n\t<meta property=\"og:image:height\" content=\"2560\" \/>\n\t<meta property=\"og:image:type\" content=\"image\/png\" \/>\n<meta name=\"twitter:card\" content=\"summary_large_image\" \/>\n<meta name=\"twitter:label1\" content=\"Est. reading time\" \/>\n\t<meta name=\"twitter:data1\" content=\"1 minute\" \/>\n<script type=\"application\/ld+json\" class=\"yoast-schema-graph\">{\"@context\":\"https:\/\/schema.org\",\"@graph\":[{\"@type\":\"WebPage\",\"@id\":\"https:\/\/my.stlflix.com\/fr\/product\/ferrer-caranguejo-ferradura\/\",\"url\":\"https:\/\/my.stlflix.com\/fr\/product\/ferrer-caranguejo-ferradura\/\",\"name\":\"Carranguejo ferradura , ferrer\",\"isPartOf\":{\"@id\":\"https:\/\/my.stlflix.com\/tr\/#website\"},\"primaryImageOfPage\":{\"@id\":\"https:\/\/my.stlflix.com\/fr\/product\/ferrer-caranguejo-ferradura\/#primaryimage\"},\"image\":{\"@id\":\"https:\/\/my.stlflix.com\/fr\/product\/ferrer-caranguejo-ferradura\/#primaryimage\"},\"thumbnailUrl\":\"https:\/\/my.stlflix.com\/wp-content\/uploads\/2026\/01\/Cartaz-de-energia-solar-amarelo-e-azul-escuro-moderno-4-scaled.png\",\"datePublished\":\"2026-01-12T22:51:25+00:00\",\"dateModified\":\"2026-02-01T19:39:52+00:00\",\"breadcrumb\":{\"@id\":\"https:\/\/my.stlflix.com\/fr\/product\/ferrer-caranguejo-ferradura\/#breadcrumb\"},\"inLanguage\":\"tr-TR\",\"potentialAction\":[{\"@type\":\"ReadAction\",\"target\":[\"https:\/\/my.stlflix.com\/fr\/product\/ferrer-caranguejo-ferradura\/\"]}]},{\"@type\":\"ImageObject\",\"inLanguage\":\"tr-TR\",\"@id\":\"https:\/\/my.stlflix.com\/fr\/product\/ferrer-caranguejo-ferradura\/#primaryimage\",\"url\":\"https:\/\/my.stlflix.com\/wp-content\/uploads\/2026\/01\/Cartaz-de-energia-solar-amarelo-e-azul-escuro-moderno-4-scaled.png\",\"contentUrl\":\"https:\/\/my.stlflix.com\/wp-content\/uploads\/2026\/01\/Cartaz-de-energia-solar-amarelo-e-azul-escuro-moderno-4-scaled.png\",\"width\":1920,\"height\":2560},{\"@type\":\"BreadcrumbList\",\"@id\":\"https:\/\/my.stlflix.com\/fr\/product\/ferrer-caranguejo-ferradura\/#breadcrumb\",\"itemListElement\":[{\"@type\":\"ListItem\",\"position\":1,\"name\":\"Home\",\"item\":\"https:\/\/my.stlflix.com\/\"},{\"@type\":\"ListItem\",\"position\":2,\"name\":\"Products\",\"item\":\"https:\/\/my.stlflix.com\/fr\/shop\/\"},{\"@type\":\"ListItem\",\"position\":3,\"name\":\"Ferrer,Caranguejo ferradura\"}]},{\"@type\":\"WebSite\",\"@id\":\"https:\/\/my.stlflix.com\/tr\/#website\",\"url\":\"https:\/\/my.stlflix.com\/tr\/\",\"name\":\"MyStore - By STLFLIX\",\"description\":\"\",\"publisher\":{\"@id\":\"https:\/\/my.stlflix.com\/tr\/#organization\"},\"potentialAction\":[{\"@type\":\"SearchAction\",\"target\":{\"@type\":\"EntryPoint\",\"urlTemplate\":\"https:\/\/my.stlflix.com\/tr\/?s={search_term_string}\"},\"query-input\":{\"@type\":\"PropertyValueSpecification\",\"valueRequired\":true,\"valueName\":\"search_term_string\"}}],\"inLanguage\":\"tr-TR\"},{\"@type\":\"Organization\",\"@id\":\"https:\/\/my.stlflix.com\/tr\/#organization\",\"name\":\"MyStore - By STLFLIX\",\"url\":\"https:\/\/my.stlflix.com\/tr\/\",\"logo\":{\"@type\":\"ImageObject\",\"inLanguage\":\"tr-TR\",\"@id\":\"https:\/\/my.stlflix.com\/tr\/#\/schema\/logo\/image\/\",\"url\":\"https:\/\/my.stlflix.com\/wp-content\/uploads\/2024\/06\/logo-mystore.png\",\"contentUrl\":\"https:\/\/my.stlflix.com\/wp-content\/uploads\/2024\/06\/logo-mystore.png\",\"width\":150,\"height\":41,\"caption\":\"MyStore - By STLFLIX\"},\"image\":{\"@id\":\"https:\/\/my.stlflix.com\/tr\/#\/schema\/logo\/image\/\"},\"sameAs\":[\"https:\/\/www.facebook.com\/STLFLIX\",\"https:\/\/www.instagram.com\/stlflix_\/\",\"https:\/\/www.tiktok.com\/@stlflix\"]}]}<\/script>\n<!-- \/ Yoast SEO plugin. -->","yoast_head_json":{"title":"Carranguejo ferradura , ferrer","robots":{"index":"index","follow":"follow","max-snippet":"max-snippet:-1","max-image-preview":"max-image-preview:large","max-video-preview":"max-video-preview:-1"},"canonical":"https:\/\/my.stlflix.com\/fr\/product\/ferrer-caranguejo-ferradura\/","og_locale":"tr_TR","og_type":"article","og_title":"Carranguejo ferradura , ferrer","og_description":"\ud83e\udd80\u2728 Rel\u00edquia dos Oceanos: Conhe\u00e7a Ferrer, o Caranguejo-Ferradura! \u2728\ud83e\udd80 A Styllus 3D traz para voc\u00ea uma pe\u00e7a que \u00e9 um verdadeiro &#8220;f\u00f3ssil vivo&#8221;! Apresentamos o Ferrer, nosso caranguejo-ferradura articulado, que une a hist\u00f3ria milenar da natureza com a tecnologia de ponta da impress\u00e3o 3D. Com seu design ex\u00f3tico e uma armadura detalhada, o Ferrer possui [&hellip;]","og_url":"https:\/\/my.stlflix.com\/fr\/product\/ferrer-caranguejo-ferradura\/","og_site_name":"MyStore - By STLFLIX","article_publisher":"https:\/\/www.facebook.com\/STLFLIX","article_modified_time":"2026-02-01T19:39:52+00:00","og_image":[{"width":1920,"height":2560,"url":"https:\/\/my.stlflix.com\/wp-content\/uploads\/2026\/01\/Cartaz-de-energia-solar-amarelo-e-azul-escuro-moderno-4-scaled.png","type":"image\/png"}],"twitter_card":"summary_large_image","twitter_misc":{"Est. reading time":"1 minute"},"schema":{"@context":"https:\/\/schema.org","@graph":[{"@type":"WebPage","@id":"https:\/\/my.stlflix.com\/fr\/product\/ferrer-caranguejo-ferradura\/","url":"https:\/\/my.stlflix.com\/fr\/product\/ferrer-caranguejo-ferradura\/","name":"Carranguejo ferradura , ferrer","isPartOf":{"@id":"https:\/\/my.stlflix.com\/tr\/#website"},"primaryImageOfPage":{"@id":"https:\/\/my.stlflix.com\/fr\/product\/ferrer-caranguejo-ferradura\/#primaryimage"},"image":{"@id":"https:\/\/my.stlflix.com\/fr\/product\/ferrer-caranguejo-ferradura\/#primaryimage"},"thumbnailUrl":"https:\/\/my.stlflix.com\/wp-content\/uploads\/2026\/01\/Cartaz-de-energia-solar-amarelo-e-azul-escuro-moderno-4-scaled.png","datePublished":"2026-01-12T22:51:25+00:00","dateModified":"2026-02-01T19:39:52+00:00","breadcrumb":{"@id":"https:\/\/my.stlflix.com\/fr\/product\/ferrer-caranguejo-ferradura\/#breadcrumb"},"inLanguage":"tr-TR","potentialAction":[{"@type":"ReadAction","target":["https:\/\/my.stlflix.com\/fr\/product\/ferrer-caranguejo-ferradura\/"]}]},{"@type":"ImageObject","inLanguage":"tr-TR","@id":"https:\/\/my.stlflix.com\/fr\/product\/ferrer-caranguejo-ferradura\/#primaryimage","url":"https:\/\/my.stlflix.com\/wp-content\/uploads\/2026\/01\/Cartaz-de-energia-solar-amarelo-e-azul-escuro-moderno-4-scaled.png","contentUrl":"https:\/\/my.stlflix.com\/wp-content\/uploads\/2026\/01\/Cartaz-de-energia-solar-amarelo-e-azul-escuro-moderno-4-scaled.png","width":1920,"height":2560},{"@type":"BreadcrumbList","@id":"https:\/\/my.stlflix.com\/fr\/product\/ferrer-caranguejo-ferradura\/#breadcrumb","itemListElement":[{"@type":"ListItem","position":1,"name":"Home","item":"https:\/\/my.stlflix.com\/"},{"@type":"ListItem","position":2,"name":"Products","item":"https:\/\/my.stlflix.com\/fr\/shop\/"},{"@type":"ListItem","position":3,"name":"Ferrer,Caranguejo ferradura"}]},{"@type":"WebSite","@id":"https:\/\/my.stlflix.com\/tr\/#website","url":"https:\/\/my.stlflix.com\/tr\/","name":"MyStore - By STLFLIX","description":"","publisher":{"@id":"https:\/\/my.stlflix.com\/tr\/#organization"},"potentialAction":[{"@type":"SearchAction","target":{"@type":"EntryPoint","urlTemplate":"https:\/\/my.stlflix.com\/tr\/?s={search_term_string}"},"query-input":{"@type":"PropertyValueSpecification","valueRequired":true,"valueName":"search_term_string"}}],"inLanguage":"tr-TR"},{"@type":"Organization","@id":"https:\/\/my.stlflix.com\/tr\/#organization","name":"MyStore - By STLFLIX","url":"https:\/\/my.stlflix.com\/tr\/","logo":{"@type":"ImageObject","inLanguage":"tr-TR","@id":"https:\/\/my.stlflix.com\/tr\/#\/schema\/logo\/image\/","url":"https:\/\/my.stlflix.com\/wp-content\/uploads\/2024\/06\/logo-mystore.png","contentUrl":"https:\/\/my.stlflix.com\/wp-content\/uploads\/2024\/06\/logo-mystore.png","width":150,"height":41,"caption":"MyStore - By STLFLIX"},"image":{"@id":"https:\/\/my.stlflix.com\/tr\/#\/schema\/logo\/image\/"},"sameAs":["https:\/\/www.facebook.com\/STLFLIX","https:\/\/www.instagram.com\/stlflix_\/","https:\/\/www.tiktok.com\/@stlflix"]}]}},"_links":{"self":[{"href":"https:\/\/my.stlflix.com\/tr\/wp-json\/wp\/v2\/product\/508604","targetHints":{"allow":["GET"]}}],"collection":[{"href":"https:\/\/my.stlflix.com\/tr\/wp-json\/wp\/v2\/product"}],"about":[{"href":"https:\/\/my.stlflix.com\/tr\/wp-json\/wp\/v2\/types\/product"}],"replies":[{"embeddable":true,"href":"https:\/\/my.stlflix.com\/tr\/wp-json\/wp\/v2\/comments?post=508604"}],"wp:featuredmedia":[{"embeddable":true,"href":"https:\/\/my.stlflix.com\/tr\/wp-json\/wp\/v2\/media\/508615"}],"wp:attachment":[{"href":"https:\/\/my.stlflix.com\/tr\/wp-json\/wp\/v2\/media?parent=508604"}],"wp:term":[{"taxonomy":"product_brand","embeddable":true,"href":"https:\/\/my.stlflix.com\/tr\/wp-json\/wp\/v2\/product_brand?post=508604"},{"taxonomy":"product_cat","embeddable":true,"href":"https:\/\/my.stlflix.com\/tr\/wp-json\/wp\/v2\/product_cat?post=508604"},{"taxonomy":"product_tag","embeddable":true,"href":"https:\/\/my.stlflix.com\/tr\/wp-json\/wp\/v2\/product_tag?post=508604"}],"curies":[{"name":"wp","href":"https:\/\/api.w.org\/{rel}","templated":true}]}}