{"id":517933,"date":"2026-02-05T01:56:26","date_gmt":"2026-02-05T01:56:26","guid":{"rendered":"https:\/\/my.stlflix.com\/?post_type=product&#038;p=517933"},"modified":"2026-02-05T01:58:01","modified_gmt":"2026-02-05T01:58:01","slug":"epic-moss-dragon-697cf53f5e175","status":"publish","type":"product","link":"https:\/\/my.stlflix.com\/tr\/product\/epic-moss-dragon-697cf53f5e175\/","title":{"rendered":"Escultura de Drag\u00e3o Geek \u2013 Decora\u00e7\u00e3o Fantasia em Impress\u00e3o 3D"},"content":{"rendered":"<p><span dir=\"auto\" style=\"vertical-align: inherit\"><span dir=\"auto\" style=\"vertical-align: inherit\"><span dir=\"auto\" style=\"vertical-align: inherit\"><span dir=\"auto\" style=\"vertical-align: inherit\">Escultura de drag\u00e3o em impress\u00e3o 3D, com design inspirado em universos de fantasia e RPG. Uma pe\u00e7a geek imponente para quem curte decora\u00e7\u00e3o com personalidade<\/span><\/span><\/span><\/span><\/p>\n<p><span dir=\"auto\" style=\"vertical-align: inherit\"><span dir=\"auto\" style=\"vertical-align: inherit\"><span dir=\"auto\" style=\"vertical-align: inherit\"><span dir=\"auto\" style=\"vertical-align: inherit\">Material: PLA <\/span><\/span><\/span><\/span><br data-start=\"1161\" data-end=\"1164\" \/><span dir=\"auto\" style=\"vertical-align: inherit\"><span dir=\"auto\" style=\"vertical-align: inherit\"><span dir=\"auto\" style=\"vertical-align: inherit\"><span dir=\"auto\" style=\"vertical-align: inherit\">Produ\u00e7\u00e3o: Impress\u00e3o 3D <\/span><\/span><\/span><\/span><br data-start=\"1188\" data-end=\"1191\" \/><span dir=\"auto\" style=\"vertical-align: inherit\"><span dir=\"auto\" style=\"vertical-align: inherit\"><span dir=\"auto\" style=\"vertical-align: inherit\"><span dir=\"auto\" style=\"vertical-align: inherit\">Categoria: Decora\u00e7\u00e3o Geek <\/span><\/span><\/span><\/span><br data-start=\"1218\" data-end=\"1221\" \/><span dir=\"auto\" style=\"vertical-align: inherit\"><span dir=\"auto\" style=\"vertical-align: inherit\"><span dir=\"auto\" style=\"vertical-align: inherit\"><span dir=\"auto\" style=\"vertical-align: inherit\">Tema: Fantasia \/ RPG <\/span><\/span><\/span><\/span><br data-start=\"1243\" data-end=\"1246\" \/><span dir=\"auto\" style=\"vertical-align: inherit\"><span dir=\"auto\" style=\"vertical-align: inherit\"><span dir=\"auto\" style=\"vertical-align: inherit\"><span dir=\"auto\" style=\"vertical-align: inherit\">Prazo de produ\u00e7\u00e3o: 2 a 5 dias \u00fateis<\/span><\/span><\/span><\/span><\/p>\n","protected":false},"excerpt":{"rendered":"<p>Escultura de drag\u00e3o em impress\u00e3o 3D, com design inspirado em universos de fantasia e RPG. Uma pe\u00e7a geek imponente para quem curte decora\u00e7\u00e3o com personalidade Material: PLA Produ\u00e7\u00e3o: Impress\u00e3o 3D Categoria: Decora\u00e7\u00e3o Geek Tema: Fantasia \/ RPG Prazo de produ\u00e7\u00e3o: 2 a 5 dias \u00fateis<\/p>\n","protected":false},"featured_media":34569,"comment_status":"open","ping_status":"closed","template":"","meta":[],"product_brand":[],"product_cat":[20],"product_tag":[7052],"class_list":{"0":"post-517933","1":"product","2":"type-product","3":"status-publish","4":"has-post-thumbnail","6":"product_cat-articulated","7":"product_tag-geek-colecionaveis","9":"first","10":"instock","11":"taxable","12":"shipping-taxable","13":"purchasable","14":"product-type-simple"},"yoast_head":"<!-- This site is optimized with the Yoast SEO plugin v25.1 - https:\/\/yoast.com\/wordpress\/plugins\/seo\/ -->\n<title>Escultura de Drag\u00e3o Geek \u2013 Decora\u00e7\u00e3o Fantasia em Impress\u00e3o 3D - MyStore - By STLFLIX<\/title>\n<meta name=\"robots\" content=\"index, follow, max-snippet:-1, max-image-preview:large, max-video-preview:-1\" \/>\n<link rel=\"canonical\" href=\"https:\/\/www.testeminhalojamandela.biz\/product\/epic-moss-dragon-697cf53f5e175\/\" \/>\n<meta property=\"og:locale\" content=\"tr_TR\" \/>\n<meta property=\"og:type\" content=\"article\" \/>\n<meta property=\"og:title\" content=\"Escultura de Drag\u00e3o Geek \u2013 Decora\u00e7\u00e3o Fantasia em Impress\u00e3o 3D - MyStore - By STLFLIX\" \/>\n<meta property=\"og:description\" content=\"Escultura de drag\u00e3o em impress\u00e3o 3D, com design inspirado em universos de fantasia e RPG. Uma pe\u00e7a geek imponente para quem curte decora\u00e7\u00e3o com personalidade Material: PLA Produ\u00e7\u00e3o: Impress\u00e3o 3D Categoria: Decora\u00e7\u00e3o Geek Tema: Fantasia \/ RPG Prazo de produ\u00e7\u00e3o: 2 a 5 dias \u00fateis\" \/>\n<meta property=\"og:url\" content=\"https:\/\/www.testeminhalojamandela.biz\/product\/epic-moss-dragon-697cf53f5e175\/\" \/>\n<meta property=\"og:site_name\" content=\"MyStore - By STLFLIX\" \/>\n<meta property=\"article:publisher\" content=\"https:\/\/www.facebook.com\/STLFLIX\" \/>\n<meta property=\"article:modified_time\" content=\"2026-02-05T01:58:01+00:00\" \/>\n<meta property=\"og:image\" content=\"https:\/\/www.testeminhalojamandela.biz\/wp-content\/uploads\/2024\/06\/Epic_Moss_Dragon_thumb_fb5921bfc0.jpg\" \/>\n\t<meta property=\"og:image:width\" content=\"1080\" \/>\n\t<meta property=\"og:image:height\" content=\"1350\" \/>\n\t<meta property=\"og:image:type\" content=\"image\/jpeg\" \/>\n<meta name=\"twitter:card\" content=\"summary_large_image\" \/>\n<script type=\"application\/ld+json\" class=\"yoast-schema-graph\">{\"@context\":\"https:\/\/schema.org\",\"@graph\":[{\"@type\":\"WebPage\",\"@id\":\"https:\/\/www.testeminhalojamandela.biz\/product\/epic-moss-dragon-697cf53f5e175\/\",\"url\":\"https:\/\/www.testeminhalojamandela.biz\/product\/epic-moss-dragon-697cf53f5e175\/\",\"name\":\"Escultura de Drag\u00e3o Geek \u2013 Decora\u00e7\u00e3o Fantasia em Impress\u00e3o 3D - MyStore - By STLFLIX\",\"isPartOf\":{\"@id\":\"https:\/\/www.monitorstlflix.com\/#website\"},\"primaryImageOfPage\":{\"@id\":\"https:\/\/www.testeminhalojamandela.biz\/product\/epic-moss-dragon-697cf53f5e175\/#primaryimage\"},\"image\":{\"@id\":\"https:\/\/www.testeminhalojamandela.biz\/product\/epic-moss-dragon-697cf53f5e175\/#primaryimage\"},\"thumbnailUrl\":\"https:\/\/my.stlflix.com\/wp-content\/uploads\/2024\/06\/Epic_Moss_Dragon_thumb_fb5921bfc0.jpg\",\"datePublished\":\"2026-02-05T01:56:26+00:00\",\"dateModified\":\"2026-02-05T01:58:01+00:00\",\"breadcrumb\":{\"@id\":\"https:\/\/www.testeminhalojamandela.biz\/product\/epic-moss-dragon-697cf53f5e175\/#breadcrumb\"},\"inLanguage\":\"tr-TR\",\"potentialAction\":[{\"@type\":\"ReadAction\",\"target\":[\"https:\/\/www.testeminhalojamandela.biz\/product\/epic-moss-dragon-697cf53f5e175\/\"]}]},{\"@type\":\"ImageObject\",\"inLanguage\":\"tr-TR\",\"@id\":\"https:\/\/www.testeminhalojamandela.biz\/product\/epic-moss-dragon-697cf53f5e175\/#primaryimage\",\"url\":\"https:\/\/my.stlflix.com\/wp-content\/uploads\/2024\/06\/Epic_Moss_Dragon_thumb_fb5921bfc0.jpg\",\"contentUrl\":\"https:\/\/my.stlflix.com\/wp-content\/uploads\/2024\/06\/Epic_Moss_Dragon_thumb_fb5921bfc0.jpg\",\"width\":1080,\"height\":1350},{\"@type\":\"BreadcrumbList\",\"@id\":\"https:\/\/www.testeminhalojamandela.biz\/product\/epic-moss-dragon-697cf53f5e175\/#breadcrumb\",\"itemListElement\":[{\"@type\":\"ListItem\",\"position\":1,\"name\":\"Home\",\"item\":\"https:\/\/my.stlflix.com\/\"},{\"@type\":\"ListItem\",\"position\":2,\"name\":\"Products\",\"item\":\"https:\/\/my.stlflix.com\/fr\/shop\/\"},{\"@type\":\"ListItem\",\"position\":3,\"name\":\"Escultura de Drag\u00e3o Geek \u2013 Decora\u00e7\u00e3o Fantasia em Impress\u00e3o 3D\"}]},{\"@type\":\"WebSite\",\"@id\":\"https:\/\/www.monitorstlflix.com\/#website\",\"url\":\"https:\/\/www.monitorstlflix.com\/\",\"name\":\"MyStore - By STLFLIX\",\"description\":\"\",\"publisher\":{\"@id\":\"https:\/\/www.monitorstlflix.com\/#organization\"},\"potentialAction\":[{\"@type\":\"SearchAction\",\"target\":{\"@type\":\"EntryPoint\",\"urlTemplate\":\"https:\/\/www.monitorstlflix.com\/?s={search_term_string}\"},\"query-input\":{\"@type\":\"PropertyValueSpecification\",\"valueRequired\":true,\"valueName\":\"search_term_string\"}}],\"inLanguage\":\"tr-TR\"},{\"@type\":\"Organization\",\"@id\":\"https:\/\/www.monitorstlflix.com\/#organization\",\"name\":\"MyStore - By STLFLIX\",\"url\":\"https:\/\/www.monitorstlflix.com\/\",\"logo\":{\"@type\":\"ImageObject\",\"inLanguage\":\"tr-TR\",\"@id\":\"https:\/\/www.monitorstlflix.com\/#\/schema\/logo\/image\/\",\"url\":\"https:\/\/my.stlflix.com\/wp-content\/uploads\/2024\/06\/logo-mystore.png\",\"contentUrl\":\"https:\/\/my.stlflix.com\/wp-content\/uploads\/2024\/06\/logo-mystore.png\",\"width\":150,\"height\":41,\"caption\":\"MyStore - By STLFLIX\"},\"image\":{\"@id\":\"https:\/\/www.monitorstlflix.com\/#\/schema\/logo\/image\/\"},\"sameAs\":[\"https:\/\/www.facebook.com\/STLFLIX\",\"https:\/\/www.instagram.com\/stlflix_\/\",\"https:\/\/www.tiktok.com\/@stlflix\"]}]}<\/script>\n<!-- \/ Yoast SEO plugin. -->","yoast_head_json":{"title":"Escultura de Drag\u00e3o Geek \u2013 Decora\u00e7\u00e3o Fantasia em Impress\u00e3o 3D - MyStore - By STLFLIX","robots":{"index":"index","follow":"follow","max-snippet":"max-snippet:-1","max-image-preview":"max-image-preview:large","max-video-preview":"max-video-preview:-1"},"canonical":"https:\/\/www.testeminhalojamandela.biz\/product\/epic-moss-dragon-697cf53f5e175\/","og_locale":"tr_TR","og_type":"article","og_title":"Escultura de Drag\u00e3o Geek \u2013 Decora\u00e7\u00e3o Fantasia em Impress\u00e3o 3D - MyStore - By STLFLIX","og_description":"Escultura de drag\u00e3o em impress\u00e3o 3D, com design inspirado em universos de fantasia e RPG. Uma pe\u00e7a geek imponente para quem curte decora\u00e7\u00e3o com personalidade Material: PLA Produ\u00e7\u00e3o: Impress\u00e3o 3D Categoria: Decora\u00e7\u00e3o Geek Tema: Fantasia \/ RPG Prazo de produ\u00e7\u00e3o: 2 a 5 dias \u00fateis","og_url":"https:\/\/www.testeminhalojamandela.biz\/product\/epic-moss-dragon-697cf53f5e175\/","og_site_name":"MyStore - By STLFLIX","article_publisher":"https:\/\/www.facebook.com\/STLFLIX","article_modified_time":"2026-02-05T01:58:01+00:00","og_image":[{"width":1080,"height":1350,"url":"https:\/\/www.testeminhalojamandela.biz\/wp-content\/uploads\/2024\/06\/Epic_Moss_Dragon_thumb_fb5921bfc0.jpg","type":"image\/jpeg"}],"twitter_card":"summary_large_image","schema":{"@context":"https:\/\/schema.org","@graph":[{"@type":"WebPage","@id":"https:\/\/www.testeminhalojamandela.biz\/product\/epic-moss-dragon-697cf53f5e175\/","url":"https:\/\/www.testeminhalojamandela.biz\/product\/epic-moss-dragon-697cf53f5e175\/","name":"Escultura de Drag\u00e3o Geek \u2013 Decora\u00e7\u00e3o Fantasia em Impress\u00e3o 3D - MyStore - By STLFLIX","isPartOf":{"@id":"https:\/\/www.monitorstlflix.com\/#website"},"primaryImageOfPage":{"@id":"https:\/\/www.testeminhalojamandela.biz\/product\/epic-moss-dragon-697cf53f5e175\/#primaryimage"},"image":{"@id":"https:\/\/www.testeminhalojamandela.biz\/product\/epic-moss-dragon-697cf53f5e175\/#primaryimage"},"thumbnailUrl":"https:\/\/my.stlflix.com\/wp-content\/uploads\/2024\/06\/Epic_Moss_Dragon_thumb_fb5921bfc0.jpg","datePublished":"2026-02-05T01:56:26+00:00","dateModified":"2026-02-05T01:58:01+00:00","breadcrumb":{"@id":"https:\/\/www.testeminhalojamandela.biz\/product\/epic-moss-dragon-697cf53f5e175\/#breadcrumb"},"inLanguage":"tr-TR","potentialAction":[{"@type":"ReadAction","target":["https:\/\/www.testeminhalojamandela.biz\/product\/epic-moss-dragon-697cf53f5e175\/"]}]},{"@type":"ImageObject","inLanguage":"tr-TR","@id":"https:\/\/www.testeminhalojamandela.biz\/product\/epic-moss-dragon-697cf53f5e175\/#primaryimage","url":"https:\/\/my.stlflix.com\/wp-content\/uploads\/2024\/06\/Epic_Moss_Dragon_thumb_fb5921bfc0.jpg","contentUrl":"https:\/\/my.stlflix.com\/wp-content\/uploads\/2024\/06\/Epic_Moss_Dragon_thumb_fb5921bfc0.jpg","width":1080,"height":1350},{"@type":"BreadcrumbList","@id":"https:\/\/www.testeminhalojamandela.biz\/product\/epic-moss-dragon-697cf53f5e175\/#breadcrumb","itemListElement":[{"@type":"ListItem","position":1,"name":"Home","item":"https:\/\/my.stlflix.com\/"},{"@type":"ListItem","position":2,"name":"Products","item":"https:\/\/my.stlflix.com\/fr\/shop\/"},{"@type":"ListItem","position":3,"name":"Escultura de Drag\u00e3o Geek \u2013 Decora\u00e7\u00e3o Fantasia em Impress\u00e3o 3D"}]},{"@type":"WebSite","@id":"https:\/\/www.monitorstlflix.com\/#website","url":"https:\/\/www.monitorstlflix.com\/","name":"MyStore - By STLFLIX","description":"","publisher":{"@id":"https:\/\/www.monitorstlflix.com\/#organization"},"potentialAction":[{"@type":"SearchAction","target":{"@type":"EntryPoint","urlTemplate":"https:\/\/www.monitorstlflix.com\/?s={search_term_string}"},"query-input":{"@type":"PropertyValueSpecification","valueRequired":true,"valueName":"search_term_string"}}],"inLanguage":"tr-TR"},{"@type":"Organization","@id":"https:\/\/www.monitorstlflix.com\/#organization","name":"MyStore - By STLFLIX","url":"https:\/\/www.monitorstlflix.com\/","logo":{"@type":"ImageObject","inLanguage":"tr-TR","@id":"https:\/\/www.monitorstlflix.com\/#\/schema\/logo\/image\/","url":"https:\/\/my.stlflix.com\/wp-content\/uploads\/2024\/06\/logo-mystore.png","contentUrl":"https:\/\/my.stlflix.com\/wp-content\/uploads\/2024\/06\/logo-mystore.png","width":150,"height":41,"caption":"MyStore - By STLFLIX"},"image":{"@id":"https:\/\/www.monitorstlflix.com\/#\/schema\/logo\/image\/"},"sameAs":["https:\/\/www.facebook.com\/STLFLIX","https:\/\/www.instagram.com\/stlflix_\/","https:\/\/www.tiktok.com\/@stlflix"]}]}},"_links":{"self":[{"href":"https:\/\/my.stlflix.com\/tr\/wp-json\/wp\/v2\/product\/517933","targetHints":{"allow":["GET"]}}],"collection":[{"href":"https:\/\/my.stlflix.com\/tr\/wp-json\/wp\/v2\/product"}],"about":[{"href":"https:\/\/my.stlflix.com\/tr\/wp-json\/wp\/v2\/types\/product"}],"replies":[{"embeddable":true,"href":"https:\/\/my.stlflix.com\/tr\/wp-json\/wp\/v2\/comments?post=517933"}],"wp:featuredmedia":[{"embeddable":true,"href":"https:\/\/my.stlflix.com\/tr\/wp-json\/wp\/v2\/media\/34569"}],"wp:attachment":[{"href":"https:\/\/my.stlflix.com\/tr\/wp-json\/wp\/v2\/media?parent=517933"}],"wp:term":[{"taxonomy":"product_brand","embeddable":true,"href":"https:\/\/my.stlflix.com\/tr\/wp-json\/wp\/v2\/product_brand?post=517933"},{"taxonomy":"product_cat","embeddable":true,"href":"https:\/\/my.stlflix.com\/tr\/wp-json\/wp\/v2\/product_cat?post=517933"},{"taxonomy":"product_tag","embeddable":true,"href":"https:\/\/my.stlflix.com\/tr\/wp-json\/wp\/v2\/product_tag?post=517933"}],"curies":[{"name":"wp","href":"https:\/\/api.w.org\/{rel}","templated":true}]}}