{"id":565353,"date":"2026-04-25T00:56:28","date_gmt":"2026-04-25T00:56:28","guid":{"rendered":"https:\/\/my.stlflix.com\/?post_type=product&#038;p=565353"},"modified":"2026-04-25T00:59:56","modified_gmt":"2026-04-25T00:59:56","slug":"relogio-retro-birmingham","status":"publish","type":"product","link":"https:\/\/my.stlflix.com\/tr\/product\/relogio-retro-birmingham\/","title":{"rendered":"Rel\u00f3gio retr\u00f4 Birmingham"},"content":{"rendered":"<p>REL\u00d3GIO RETR\u00d4 BIRMIGNHAN<\/p>\n<p>Um toque de charme vintage que transforma qualquer ambiente! \ud83d\udd70\ufe0f<br \/>\nO rel\u00f3gio retr\u00f4 Birmignhan une estilo e funcionalidade, sendo perfeito para quem ama uma decora\u00e7\u00e3o elegante e cheia de personalidade.<\/p>\n<p>DUPLA FACE<br \/>\nVoc\u00ea consegue ver o hor\u00e1rio dos dois lados, perfeito para ambientes amplos e funcionais!<\/p>\n<p>\ud83d\udd25 PR\u00c9-VENDA ESPECIAL<br \/>\nGaranta j\u00e1 o seu com pre\u00e7o promocional, ap\u00f3s esse per\u00edodo, os valores estar\u00e3o sujeitos a altera\u00e7\u00e3o!<\/p>\n<p>\u26a0\ufe0f ESTOQUE LIMITADO<br \/>\nProdu\u00e7\u00e3o exclusiva, ent\u00e3o n\u00e3o deixe para depois!<\/p>\n<p>\ud83d\udcac Entre em contato e reserve o seu agora!<\/p>\n<p>@LN.STUDIO3D<\/p>\n","protected":false},"excerpt":{"rendered":"<p>REL\u00d3GIO RETR\u00d4 BIRMIGNHAN Um toque de charme vintage que transforma qualquer ambiente! \ud83d\udd70\ufe0f O rel\u00f3gio retr\u00f4 Birmignhan une estilo e funcionalidade, sendo perfeito para quem ama uma decora\u00e7\u00e3o elegante e cheia de personalidade. DUPLA FACE Voc\u00ea consegue ver o hor\u00e1rio dos dois lados, perfeito para ambientes amplos e funcionais! \ud83d\udd25 PR\u00c9-VENDA ESPECIAL Garanta j\u00e1 o [&hellip;]<\/p>\n","protected":false},"featured_media":565335,"comment_status":"open","ping_status":"closed","template":"","meta":[],"product_brand":[],"product_cat":[15],"product_tag":[6022,7447,5852],"class_list":{"0":"post-565353","1":"product","2":"type-product","3":"status-publish","4":"has-post-thumbnail","6":"product_cat-uncategorized","7":"product_tag-decoracao-3","8":"product_tag-acessorios-2","9":"product_tag-relogio","11":"first","12":"instock","13":"sale","14":"taxable","15":"shipping-taxable","16":"purchasable","17":"product-type-simple"},"yoast_head":"<!-- This site is optimized with the Yoast SEO plugin v25.1 - https:\/\/yoast.com\/wordpress\/plugins\/seo\/ -->\n<title>[t\u00edtulo] [Rel\u00f3gio dupla face retr\u00f4 Birmingham<\/title>\n<meta name=\"robots\" content=\"index, follow, max-snippet:-1, max-image-preview:large, max-video-preview:-1\" \/>\n<link rel=\"canonical\" href=\"https:\/\/my.stlflix.com\/tr\/product\/relogio-retro-birmingham\/\" \/>\n<meta property=\"og:locale\" content=\"tr_TR\" \/>\n<meta property=\"og:type\" content=\"article\" \/>\n<meta property=\"og:title\" content=\"[t\u00edtulo] [Rel\u00f3gio dupla face retr\u00f4 Birmingham\" \/>\n<meta property=\"og:description\" content=\"REL\u00d3GIO RETR\u00d4 BIRMIGNHAN Um toque de charme vintage que transforma qualquer ambiente! \ud83d\udd70\ufe0f O rel\u00f3gio retr\u00f4 Birmignhan une estilo e funcionalidade, sendo perfeito para quem ama uma decora\u00e7\u00e3o elegante e cheia de personalidade. DUPLA FACE Voc\u00ea consegue ver o hor\u00e1rio dos dois lados, perfeito para ambientes amplos e funcionais! \ud83d\udd25 PR\u00c9-VENDA ESPECIAL Garanta j\u00e1 o [&hellip;]\" \/>\n<meta property=\"og:url\" content=\"https:\/\/my.stlflix.com\/tr\/product\/relogio-retro-birmingham\/\" \/>\n<meta property=\"og:site_name\" content=\"MyStore - By STLFLIX\" \/>\n<meta property=\"article:publisher\" content=\"https:\/\/www.facebook.com\/STLFLIX\" \/>\n<meta property=\"article:modified_time\" content=\"2026-04-25T00:59:56+00:00\" \/>\n<meta property=\"og:image\" content=\"https:\/\/my.stlflix.com\/wp-content\/uploads\/2026\/04\/IMG_4587-scaled.jpeg\" \/>\n\t<meta property=\"og:image:width\" content=\"1920\" \/>\n\t<meta property=\"og:image:height\" content=\"2560\" \/>\n\t<meta property=\"og:image:type\" content=\"image\/jpeg\" \/>\n<meta name=\"twitter:card\" content=\"summary_large_image\" \/>\n<script type=\"application\/ld+json\" class=\"yoast-schema-graph\">{\"@context\":\"https:\/\/schema.org\",\"@graph\":[{\"@type\":\"WebPage\",\"@id\":\"https:\/\/my.stlflix.com\/tr\/product\/relogio-retro-birmingham\/\",\"url\":\"https:\/\/my.stlflix.com\/tr\/product\/relogio-retro-birmingham\/\",\"name\":\"[t\u00edtulo] [Rel\u00f3gio dupla face retr\u00f4 Birmingham\",\"isPartOf\":{\"@id\":\"https:\/\/my.stlflix.com\/fr\/#website\"},\"primaryImageOfPage\":{\"@id\":\"https:\/\/my.stlflix.com\/tr\/product\/relogio-retro-birmingham\/#primaryimage\"},\"image\":{\"@id\":\"https:\/\/my.stlflix.com\/tr\/product\/relogio-retro-birmingham\/#primaryimage\"},\"thumbnailUrl\":\"https:\/\/my.stlflix.com\/wp-content\/uploads\/2026\/04\/IMG_4587-scaled.jpeg\",\"datePublished\":\"2026-04-25T00:56:28+00:00\",\"dateModified\":\"2026-04-25T00:59:56+00:00\",\"breadcrumb\":{\"@id\":\"https:\/\/my.stlflix.com\/tr\/product\/relogio-retro-birmingham\/#breadcrumb\"},\"inLanguage\":\"tr-TR\",\"potentialAction\":[{\"@type\":\"ReadAction\",\"target\":[\"https:\/\/my.stlflix.com\/tr\/product\/relogio-retro-birmingham\/\"]}]},{\"@type\":\"ImageObject\",\"inLanguage\":\"tr-TR\",\"@id\":\"https:\/\/my.stlflix.com\/tr\/product\/relogio-retro-birmingham\/#primaryimage\",\"url\":\"https:\/\/my.stlflix.com\/wp-content\/uploads\/2026\/04\/IMG_4587-scaled.jpeg\",\"contentUrl\":\"https:\/\/my.stlflix.com\/wp-content\/uploads\/2026\/04\/IMG_4587-scaled.jpeg\",\"width\":1920,\"height\":2560},{\"@type\":\"BreadcrumbList\",\"@id\":\"https:\/\/my.stlflix.com\/tr\/product\/relogio-retro-birmingham\/#breadcrumb\",\"itemListElement\":[{\"@type\":\"ListItem\",\"position\":1,\"name\":\"Home\",\"item\":\"https:\/\/my.stlflix.com\/\"},{\"@type\":\"ListItem\",\"position\":2,\"name\":\"Products\",\"item\":\"https:\/\/my.stlflix.com\/fr\/shop\/\"},{\"@type\":\"ListItem\",\"position\":3,\"name\":\"Rel\u00f3gio retr\u00f4 Birmingham\"}]},{\"@type\":\"WebSite\",\"@id\":\"https:\/\/my.stlflix.com\/fr\/#website\",\"url\":\"https:\/\/my.stlflix.com\/fr\/\",\"name\":\"MyStore - By STLFLIX\",\"description\":\"\",\"publisher\":{\"@id\":\"https:\/\/my.stlflix.com\/fr\/#organization\"},\"potentialAction\":[{\"@type\":\"SearchAction\",\"target\":{\"@type\":\"EntryPoint\",\"urlTemplate\":\"https:\/\/my.stlflix.com\/fr\/?s={search_term_string}\"},\"query-input\":{\"@type\":\"PropertyValueSpecification\",\"valueRequired\":true,\"valueName\":\"search_term_string\"}}],\"inLanguage\":\"tr-TR\"},{\"@type\":\"Organization\",\"@id\":\"https:\/\/my.stlflix.com\/fr\/#organization\",\"name\":\"MyStore - By STLFLIX\",\"url\":\"https:\/\/my.stlflix.com\/fr\/\",\"logo\":{\"@type\":\"ImageObject\",\"inLanguage\":\"tr-TR\",\"@id\":\"https:\/\/my.stlflix.com\/fr\/#\/schema\/logo\/image\/\",\"url\":\"https:\/\/my.stlflix.com\/wp-content\/uploads\/2024\/06\/logo-mystore.png\",\"contentUrl\":\"https:\/\/my.stlflix.com\/wp-content\/uploads\/2024\/06\/logo-mystore.png\",\"width\":150,\"height\":41,\"caption\":\"MyStore - By STLFLIX\"},\"image\":{\"@id\":\"https:\/\/my.stlflix.com\/fr\/#\/schema\/logo\/image\/\"},\"sameAs\":[\"https:\/\/www.facebook.com\/STLFLIX\",\"https:\/\/www.instagram.com\/stlflix_\/\",\"https:\/\/www.tiktok.com\/@stlflix\"]}]}<\/script>\n<!-- \/ Yoast SEO plugin. -->","yoast_head_json":{"title":"[t\u00edtulo] [Rel\u00f3gio dupla face retr\u00f4 Birmingham","robots":{"index":"index","follow":"follow","max-snippet":"max-snippet:-1","max-image-preview":"max-image-preview:large","max-video-preview":"max-video-preview:-1"},"canonical":"https:\/\/my.stlflix.com\/tr\/product\/relogio-retro-birmingham\/","og_locale":"tr_TR","og_type":"article","og_title":"[t\u00edtulo] [Rel\u00f3gio dupla face retr\u00f4 Birmingham","og_description":"REL\u00d3GIO RETR\u00d4 BIRMIGNHAN Um toque de charme vintage que transforma qualquer ambiente! \ud83d\udd70\ufe0f O rel\u00f3gio retr\u00f4 Birmignhan une estilo e funcionalidade, sendo perfeito para quem ama uma decora\u00e7\u00e3o elegante e cheia de personalidade. DUPLA FACE Voc\u00ea consegue ver o hor\u00e1rio dos dois lados, perfeito para ambientes amplos e funcionais! \ud83d\udd25 PR\u00c9-VENDA ESPECIAL Garanta j\u00e1 o [&hellip;]","og_url":"https:\/\/my.stlflix.com\/tr\/product\/relogio-retro-birmingham\/","og_site_name":"MyStore - By STLFLIX","article_publisher":"https:\/\/www.facebook.com\/STLFLIX","article_modified_time":"2026-04-25T00:59:56+00:00","og_image":[{"width":1920,"height":2560,"url":"https:\/\/my.stlflix.com\/wp-content\/uploads\/2026\/04\/IMG_4587-scaled.jpeg","type":"image\/jpeg"}],"twitter_card":"summary_large_image","schema":{"@context":"https:\/\/schema.org","@graph":[{"@type":"WebPage","@id":"https:\/\/my.stlflix.com\/tr\/product\/relogio-retro-birmingham\/","url":"https:\/\/my.stlflix.com\/tr\/product\/relogio-retro-birmingham\/","name":"[t\u00edtulo] [Rel\u00f3gio dupla face retr\u00f4 Birmingham","isPartOf":{"@id":"https:\/\/my.stlflix.com\/fr\/#website"},"primaryImageOfPage":{"@id":"https:\/\/my.stlflix.com\/tr\/product\/relogio-retro-birmingham\/#primaryimage"},"image":{"@id":"https:\/\/my.stlflix.com\/tr\/product\/relogio-retro-birmingham\/#primaryimage"},"thumbnailUrl":"https:\/\/my.stlflix.com\/wp-content\/uploads\/2026\/04\/IMG_4587-scaled.jpeg","datePublished":"2026-04-25T00:56:28+00:00","dateModified":"2026-04-25T00:59:56+00:00","breadcrumb":{"@id":"https:\/\/my.stlflix.com\/tr\/product\/relogio-retro-birmingham\/#breadcrumb"},"inLanguage":"tr-TR","potentialAction":[{"@type":"ReadAction","target":["https:\/\/my.stlflix.com\/tr\/product\/relogio-retro-birmingham\/"]}]},{"@type":"ImageObject","inLanguage":"tr-TR","@id":"https:\/\/my.stlflix.com\/tr\/product\/relogio-retro-birmingham\/#primaryimage","url":"https:\/\/my.stlflix.com\/wp-content\/uploads\/2026\/04\/IMG_4587-scaled.jpeg","contentUrl":"https:\/\/my.stlflix.com\/wp-content\/uploads\/2026\/04\/IMG_4587-scaled.jpeg","width":1920,"height":2560},{"@type":"BreadcrumbList","@id":"https:\/\/my.stlflix.com\/tr\/product\/relogio-retro-birmingham\/#breadcrumb","itemListElement":[{"@type":"ListItem","position":1,"name":"Home","item":"https:\/\/my.stlflix.com\/"},{"@type":"ListItem","position":2,"name":"Products","item":"https:\/\/my.stlflix.com\/fr\/shop\/"},{"@type":"ListItem","position":3,"name":"Rel\u00f3gio retr\u00f4 Birmingham"}]},{"@type":"WebSite","@id":"https:\/\/my.stlflix.com\/fr\/#website","url":"https:\/\/my.stlflix.com\/fr\/","name":"MyStore - By STLFLIX","description":"","publisher":{"@id":"https:\/\/my.stlflix.com\/fr\/#organization"},"potentialAction":[{"@type":"SearchAction","target":{"@type":"EntryPoint","urlTemplate":"https:\/\/my.stlflix.com\/fr\/?s={search_term_string}"},"query-input":{"@type":"PropertyValueSpecification","valueRequired":true,"valueName":"search_term_string"}}],"inLanguage":"tr-TR"},{"@type":"Organization","@id":"https:\/\/my.stlflix.com\/fr\/#organization","name":"MyStore - By STLFLIX","url":"https:\/\/my.stlflix.com\/fr\/","logo":{"@type":"ImageObject","inLanguage":"tr-TR","@id":"https:\/\/my.stlflix.com\/fr\/#\/schema\/logo\/image\/","url":"https:\/\/my.stlflix.com\/wp-content\/uploads\/2024\/06\/logo-mystore.png","contentUrl":"https:\/\/my.stlflix.com\/wp-content\/uploads\/2024\/06\/logo-mystore.png","width":150,"height":41,"caption":"MyStore - By STLFLIX"},"image":{"@id":"https:\/\/my.stlflix.com\/fr\/#\/schema\/logo\/image\/"},"sameAs":["https:\/\/www.facebook.com\/STLFLIX","https:\/\/www.instagram.com\/stlflix_\/","https:\/\/www.tiktok.com\/@stlflix"]}]}},"_links":{"self":[{"href":"https:\/\/my.stlflix.com\/tr\/wp-json\/wp\/v2\/product\/565353","targetHints":{"allow":["GET"]}}],"collection":[{"href":"https:\/\/my.stlflix.com\/tr\/wp-json\/wp\/v2\/product"}],"about":[{"href":"https:\/\/my.stlflix.com\/tr\/wp-json\/wp\/v2\/types\/product"}],"replies":[{"embeddable":true,"href":"https:\/\/my.stlflix.com\/tr\/wp-json\/wp\/v2\/comments?post=565353"}],"wp:featuredmedia":[{"embeddable":true,"href":"https:\/\/my.stlflix.com\/tr\/wp-json\/wp\/v2\/media\/565335"}],"wp:attachment":[{"href":"https:\/\/my.stlflix.com\/tr\/wp-json\/wp\/v2\/media?parent=565353"}],"wp:term":[{"taxonomy":"product_brand","embeddable":true,"href":"https:\/\/my.stlflix.com\/tr\/wp-json\/wp\/v2\/product_brand?post=565353"},{"taxonomy":"product_cat","embeddable":true,"href":"https:\/\/my.stlflix.com\/tr\/wp-json\/wp\/v2\/product_cat?post=565353"},{"taxonomy":"product_tag","embeddable":true,"href":"https:\/\/my.stlflix.com\/tr\/wp-json\/wp\/v2\/product_tag?post=565353"}],"curies":[{"name":"wp","href":"https:\/\/api.w.org\/{rel}","templated":true}]}}