{"id":567445,"date":"2026-05-01T17:23:29","date_gmt":"2026-05-01T17:23:29","guid":{"rendered":"https:\/\/my.stlflix.com\/?post_type=product&#038;p=567445"},"modified":"2026-05-03T17:04:18","modified_gmt":"2026-05-03T17:04:18","slug":"leather-jacket-can-holder-69f4dffb4a0d5","status":"publish","type":"product","link":"https:\/\/my.stlflix.com\/tr\/product\/leather-jacket-can-holder-69f4dffb4a0d5\/","title":{"rendered":"Leather Jacket &#8211; Can Holder"},"content":{"rendered":"<p><span dir=\"auto\" style=\"vertical-align: inherit\"><span dir=\"auto\" style=\"vertical-align: inherit\"><span dir=\"auto\" style=\"vertical-align: inherit\"><span dir=\"auto\" style=\"vertical-align: inherit\"><span dir=\"auto\" style=\"vertical-align: inherit\"><span dir=\"auto\" style=\"vertical-align: inherit\"><span dir=\"auto\" style=\"vertical-align: inherit\"><span dir=\"auto\" style=\"vertical-align: inherit\"><span dir=\"auto\" style=\"vertical-align: inherit\"><span dir=\"auto\" style=\"vertical-align: inherit\"><span dir=\"auto\" style=\"vertical-align: inherit\"><span dir=\"auto\" style=\"vertical-align: inherit\"><span dir=\"auto\" style=\"vertical-align: inherit\"><span dir=\"auto\" style=\"vertical-align: inherit\">Observa\u00e7\u00e3o: Este an\u00fancio \u00e9 referente apenas ao suporte para fones de ouvido. Os demais itens contidos nas fotos s\u00e3o meramente ilustrativos. Rebelde sem causa? Que tal se rebelar com um refrigerante ou uma cerveja gelada? Este acess\u00f3rio mant\u00e9m sua bebida t\u00e3o gelada quanto voc\u00ea. O Suporte de Lata de Refrigerante e Cerveja da marca Art3Decora\u00e7\u00e3o \u00e9 uma combina\u00e7\u00e3o perfeita de estilo e funcionalidade. Com um design que imita uma jaqueta de couro, este acess\u00f3rio adiciona um toque de sofistica\u00e7\u00e3o a qualquer ocasi\u00e3o. Ideal para festas, churrascos ou momentos de descontra\u00e7\u00e3o, o modelo &#8220;Leather Jacket &#8211; Can Holder&#8221; \u00e9 leve e f\u00e1cil de transportar. Sua constru\u00e7\u00e3o de alta qualidade garante durabilidade, permitindo que voc\u00ea aproveite suas bebidas favoritas com muito mais estilo. Al\u00e9m de ser um item pr\u00e1tico, este suporte \u00e9 uma excelente op\u00e7\u00e3o de presente para amigos e familiares que apreciam um bom drink. Transforme a maneira como voc\u00ea desfruta de suas bebidas e impressione seus convidados com este acess\u00f3rio \u00fanico e elegante.<\/span><\/span><\/span><\/span><\/span><\/span><\/span><\/span><\/span><\/span><\/span><\/span><\/span><\/span><\/p>\n<p class=\"QN2lPu\"><span dir=\"auto\" style=\"vertical-align: inherit\"><span dir=\"auto\" style=\"vertical-align: inherit\"><span dir=\"auto\" style=\"vertical-align: inherit\"><span dir=\"auto\" style=\"vertical-align: inherit\"><span dir=\"auto\" style=\"vertical-align: inherit\"><span dir=\"auto\" style=\"vertical-align: inherit\">Tamanho: 12 cm<\/span><\/span><\/span><\/span><\/span><\/span><\/p>\n<p class=\"QN2lPu\"><span dir=\"auto\" style=\"vertical-align: inherit\"><span dir=\"auto\" style=\"vertical-align: inherit\"><span dir=\"auto\" style=\"vertical-align: inherit\"><span dir=\"auto\" style=\"vertical-align: inherit\"><span dir=\"auto\" style=\"vertical-align: inherit\"><span dir=\"auto\" style=\"vertical-align: inherit\">Compat\u00edvel com latas de 350ml<\/span><\/span><\/span><\/span><\/span><\/span><\/p>\n<p>&nbsp;<\/p>\n","protected":false},"excerpt":{"rendered":"<p>Observa\u00e7\u00e3o: Este an\u00fancio \u00e9 referente apenas ao suporte para fones de ouvido. Os demais itens contidos nas fotos s\u00e3o meramente ilustrativos. Rebelde sem causa? Que tal se rebelar com um refrigerante ou uma cerveja gelada? Este acess\u00f3rio mant\u00e9m sua bebida t\u00e3o gelada quanto voc\u00ea. O Suporte de Lata de Refrigerante e Cerveja da marca Art3Decora\u00e7\u00e3o [&hellip;]<\/p>\n","protected":false},"featured_media":494228,"comment_status":"open","ping_status":"closed","template":"","meta":[],"product_brand":[],"product_cat":[15],"product_tag":[7099],"class_list":{"0":"post-567445","1":"product","2":"type-product","3":"status-publish","4":"has-post-thumbnail","6":"product_cat-uncategorized","7":"product_tag-can-koozies-2","9":"first","10":"outofstock","11":"taxable","12":"shipping-taxable","13":"purchasable","14":"product-type-simple"},"yoast_head":"<!-- This site is optimized with the Yoast SEO plugin v25.1 - https:\/\/yoast.com\/wordpress\/plugins\/seo\/ -->\n<title>Leather Jacket - Can Holder - MyStore - By STLFLIX<\/title>\n<meta name=\"robots\" content=\"index, follow, max-snippet:-1, max-image-preview:large, max-video-preview:-1\" \/>\n<link rel=\"canonical\" href=\"https:\/\/my.stlflix.com\/product\/leather-jacket-can-holder-69f4dffb4a0d5\/\" \/>\n<meta property=\"og:locale\" content=\"tr_TR\" \/>\n<meta property=\"og:type\" content=\"article\" \/>\n<meta property=\"og:title\" content=\"Leather Jacket - Can Holder - MyStore - By STLFLIX\" \/>\n<meta property=\"og:description\" content=\"Observa\u00e7\u00e3o: Este an\u00fancio \u00e9 referente apenas ao suporte para fones de ouvido. Os demais itens contidos nas fotos s\u00e3o meramente ilustrativos. Rebelde sem causa? Que tal se rebelar com um refrigerante ou uma cerveja gelada? Este acess\u00f3rio mant\u00e9m sua bebida t\u00e3o gelada quanto voc\u00ea. O Suporte de Lata de Refrigerante e Cerveja da marca Art3Decora\u00e7\u00e3o [&hellip;]\" \/>\n<meta property=\"og:url\" content=\"https:\/\/my.stlflix.com\/product\/leather-jacket-can-holder-69f4dffb4a0d5\/\" \/>\n<meta property=\"og:site_name\" content=\"MyStore - By STLFLIX\" \/>\n<meta property=\"article:publisher\" content=\"https:\/\/www.facebook.com\/STLFLIX\" \/>\n<meta property=\"article:modified_time\" content=\"2026-05-03T17:04:18+00:00\" \/>\n<meta property=\"og:image\" content=\"https:\/\/my.stlflix.com\/wp-content\/uploads\/2025\/12\/Leather_Jacketthumb_3a9c4e0a9f.jpg\" \/>\n\t<meta property=\"og:image:width\" content=\"1080\" \/>\n\t<meta property=\"og:image:height\" content=\"1350\" \/>\n\t<meta property=\"og:image:type\" content=\"image\/jpeg\" \/>\n<meta name=\"twitter:card\" content=\"summary_large_image\" \/>\n<meta name=\"twitter:label1\" content=\"Est. reading time\" \/>\n\t<meta name=\"twitter:data1\" content=\"1 minute\" \/>\n<script type=\"application\/ld+json\" class=\"yoast-schema-graph\">{\"@context\":\"https:\/\/schema.org\",\"@graph\":[{\"@type\":\"WebPage\",\"@id\":\"https:\/\/my.stlflix.com\/product\/leather-jacket-can-holder-69f4dffb4a0d5\/\",\"url\":\"https:\/\/my.stlflix.com\/product\/leather-jacket-can-holder-69f4dffb4a0d5\/\",\"name\":\"Leather Jacket - Can Holder - MyStore - By STLFLIX\",\"isPartOf\":{\"@id\":\"https:\/\/my.stlflix.com\/#website\"},\"primaryImageOfPage\":{\"@id\":\"https:\/\/my.stlflix.com\/product\/leather-jacket-can-holder-69f4dffb4a0d5\/#primaryimage\"},\"image\":{\"@id\":\"https:\/\/my.stlflix.com\/product\/leather-jacket-can-holder-69f4dffb4a0d5\/#primaryimage\"},\"thumbnailUrl\":\"https:\/\/my.stlflix.com\/wp-content\/uploads\/2025\/12\/Leather_Jacketthumb_3a9c4e0a9f.jpg\",\"datePublished\":\"2026-05-01T17:23:29+00:00\",\"dateModified\":\"2026-05-03T17:04:18+00:00\",\"breadcrumb\":{\"@id\":\"https:\/\/my.stlflix.com\/product\/leather-jacket-can-holder-69f4dffb4a0d5\/#breadcrumb\"},\"inLanguage\":\"tr-TR\",\"potentialAction\":[{\"@type\":\"ReadAction\",\"target\":[\"https:\/\/my.stlflix.com\/product\/leather-jacket-can-holder-69f4dffb4a0d5\/\"]}]},{\"@type\":\"ImageObject\",\"inLanguage\":\"tr-TR\",\"@id\":\"https:\/\/my.stlflix.com\/product\/leather-jacket-can-holder-69f4dffb4a0d5\/#primaryimage\",\"url\":\"https:\/\/my.stlflix.com\/wp-content\/uploads\/2025\/12\/Leather_Jacketthumb_3a9c4e0a9f.jpg\",\"contentUrl\":\"https:\/\/my.stlflix.com\/wp-content\/uploads\/2025\/12\/Leather_Jacketthumb_3a9c4e0a9f.jpg\",\"width\":1080,\"height\":1350},{\"@type\":\"BreadcrumbList\",\"@id\":\"https:\/\/my.stlflix.com\/product\/leather-jacket-can-holder-69f4dffb4a0d5\/#breadcrumb\",\"itemListElement\":[{\"@type\":\"ListItem\",\"position\":1,\"name\":\"Home\",\"item\":\"https:\/\/my.stlflix.com\/\"},{\"@type\":\"ListItem\",\"position\":2,\"name\":\"Products\",\"item\":\"https:\/\/my.stlflix.com\/shop\/\"},{\"@type\":\"ListItem\",\"position\":3,\"name\":\"Leather Jacket &#8211; Can Holder\"}]},{\"@type\":\"WebSite\",\"@id\":\"https:\/\/my.stlflix.com\/#website\",\"url\":\"https:\/\/my.stlflix.com\/\",\"name\":\"MyStore - By STLFLIX\",\"description\":\"\",\"publisher\":{\"@id\":\"https:\/\/my.stlflix.com\/#organization\"},\"potentialAction\":[{\"@type\":\"SearchAction\",\"target\":{\"@type\":\"EntryPoint\",\"urlTemplate\":\"https:\/\/my.stlflix.com\/?s={search_term_string}\"},\"query-input\":{\"@type\":\"PropertyValueSpecification\",\"valueRequired\":true,\"valueName\":\"search_term_string\"}}],\"inLanguage\":\"tr-TR\"},{\"@type\":\"Organization\",\"@id\":\"https:\/\/my.stlflix.com\/#organization\",\"name\":\"MyStore - By STLFLIX\",\"url\":\"https:\/\/my.stlflix.com\/\",\"logo\":{\"@type\":\"ImageObject\",\"inLanguage\":\"tr-TR\",\"@id\":\"https:\/\/my.stlflix.com\/#\/schema\/logo\/image\/\",\"url\":\"https:\/\/my.stlflix.com\/wp-content\/uploads\/2024\/06\/logo-mystore.png\",\"contentUrl\":\"https:\/\/my.stlflix.com\/wp-content\/uploads\/2024\/06\/logo-mystore.png\",\"width\":150,\"height\":41,\"caption\":\"MyStore - By STLFLIX\"},\"image\":{\"@id\":\"https:\/\/my.stlflix.com\/#\/schema\/logo\/image\/\"},\"sameAs\":[\"https:\/\/www.facebook.com\/STLFLIX\",\"https:\/\/www.instagram.com\/stlflix_\/\",\"https:\/\/www.tiktok.com\/@stlflix\"]}]}<\/script>\n<!-- \/ Yoast SEO plugin. -->","yoast_head_json":{"title":"Leather Jacket - Can Holder - MyStore - By STLFLIX","robots":{"index":"index","follow":"follow","max-snippet":"max-snippet:-1","max-image-preview":"max-image-preview:large","max-video-preview":"max-video-preview:-1"},"canonical":"https:\/\/my.stlflix.com\/product\/leather-jacket-can-holder-69f4dffb4a0d5\/","og_locale":"tr_TR","og_type":"article","og_title":"Leather Jacket - Can Holder - MyStore - By STLFLIX","og_description":"Observa\u00e7\u00e3o: Este an\u00fancio \u00e9 referente apenas ao suporte para fones de ouvido. Os demais itens contidos nas fotos s\u00e3o meramente ilustrativos. Rebelde sem causa? Que tal se rebelar com um refrigerante ou uma cerveja gelada? Este acess\u00f3rio mant\u00e9m sua bebida t\u00e3o gelada quanto voc\u00ea. O Suporte de Lata de Refrigerante e Cerveja da marca Art3Decora\u00e7\u00e3o [&hellip;]","og_url":"https:\/\/my.stlflix.com\/product\/leather-jacket-can-holder-69f4dffb4a0d5\/","og_site_name":"MyStore - By STLFLIX","article_publisher":"https:\/\/www.facebook.com\/STLFLIX","article_modified_time":"2026-05-03T17:04:18+00:00","og_image":[{"width":1080,"height":1350,"url":"https:\/\/my.stlflix.com\/wp-content\/uploads\/2025\/12\/Leather_Jacketthumb_3a9c4e0a9f.jpg","type":"image\/jpeg"}],"twitter_card":"summary_large_image","twitter_misc":{"Est. reading time":"1 minute"},"schema":{"@context":"https:\/\/schema.org","@graph":[{"@type":"WebPage","@id":"https:\/\/my.stlflix.com\/product\/leather-jacket-can-holder-69f4dffb4a0d5\/","url":"https:\/\/my.stlflix.com\/product\/leather-jacket-can-holder-69f4dffb4a0d5\/","name":"Leather Jacket - Can Holder - MyStore - By STLFLIX","isPartOf":{"@id":"https:\/\/my.stlflix.com\/#website"},"primaryImageOfPage":{"@id":"https:\/\/my.stlflix.com\/product\/leather-jacket-can-holder-69f4dffb4a0d5\/#primaryimage"},"image":{"@id":"https:\/\/my.stlflix.com\/product\/leather-jacket-can-holder-69f4dffb4a0d5\/#primaryimage"},"thumbnailUrl":"https:\/\/my.stlflix.com\/wp-content\/uploads\/2025\/12\/Leather_Jacketthumb_3a9c4e0a9f.jpg","datePublished":"2026-05-01T17:23:29+00:00","dateModified":"2026-05-03T17:04:18+00:00","breadcrumb":{"@id":"https:\/\/my.stlflix.com\/product\/leather-jacket-can-holder-69f4dffb4a0d5\/#breadcrumb"},"inLanguage":"tr-TR","potentialAction":[{"@type":"ReadAction","target":["https:\/\/my.stlflix.com\/product\/leather-jacket-can-holder-69f4dffb4a0d5\/"]}]},{"@type":"ImageObject","inLanguage":"tr-TR","@id":"https:\/\/my.stlflix.com\/product\/leather-jacket-can-holder-69f4dffb4a0d5\/#primaryimage","url":"https:\/\/my.stlflix.com\/wp-content\/uploads\/2025\/12\/Leather_Jacketthumb_3a9c4e0a9f.jpg","contentUrl":"https:\/\/my.stlflix.com\/wp-content\/uploads\/2025\/12\/Leather_Jacketthumb_3a9c4e0a9f.jpg","width":1080,"height":1350},{"@type":"BreadcrumbList","@id":"https:\/\/my.stlflix.com\/product\/leather-jacket-can-holder-69f4dffb4a0d5\/#breadcrumb","itemListElement":[{"@type":"ListItem","position":1,"name":"Home","item":"https:\/\/my.stlflix.com\/"},{"@type":"ListItem","position":2,"name":"Products","item":"https:\/\/my.stlflix.com\/shop\/"},{"@type":"ListItem","position":3,"name":"Leather Jacket &#8211; Can Holder"}]},{"@type":"WebSite","@id":"https:\/\/my.stlflix.com\/#website","url":"https:\/\/my.stlflix.com\/","name":"MyStore - By STLFLIX","description":"","publisher":{"@id":"https:\/\/my.stlflix.com\/#organization"},"potentialAction":[{"@type":"SearchAction","target":{"@type":"EntryPoint","urlTemplate":"https:\/\/my.stlflix.com\/?s={search_term_string}"},"query-input":{"@type":"PropertyValueSpecification","valueRequired":true,"valueName":"search_term_string"}}],"inLanguage":"tr-TR"},{"@type":"Organization","@id":"https:\/\/my.stlflix.com\/#organization","name":"MyStore - By STLFLIX","url":"https:\/\/my.stlflix.com\/","logo":{"@type":"ImageObject","inLanguage":"tr-TR","@id":"https:\/\/my.stlflix.com\/#\/schema\/logo\/image\/","url":"https:\/\/my.stlflix.com\/wp-content\/uploads\/2024\/06\/logo-mystore.png","contentUrl":"https:\/\/my.stlflix.com\/wp-content\/uploads\/2024\/06\/logo-mystore.png","width":150,"height":41,"caption":"MyStore - By STLFLIX"},"image":{"@id":"https:\/\/my.stlflix.com\/#\/schema\/logo\/image\/"},"sameAs":["https:\/\/www.facebook.com\/STLFLIX","https:\/\/www.instagram.com\/stlflix_\/","https:\/\/www.tiktok.com\/@stlflix"]}]}},"_links":{"self":[{"href":"https:\/\/my.stlflix.com\/tr\/wp-json\/wp\/v2\/product\/567445","targetHints":{"allow":["GET"]}}],"collection":[{"href":"https:\/\/my.stlflix.com\/tr\/wp-json\/wp\/v2\/product"}],"about":[{"href":"https:\/\/my.stlflix.com\/tr\/wp-json\/wp\/v2\/types\/product"}],"replies":[{"embeddable":true,"href":"https:\/\/my.stlflix.com\/tr\/wp-json\/wp\/v2\/comments?post=567445"}],"wp:featuredmedia":[{"embeddable":true,"href":"https:\/\/my.stlflix.com\/tr\/wp-json\/wp\/v2\/media\/494228"}],"wp:attachment":[{"href":"https:\/\/my.stlflix.com\/tr\/wp-json\/wp\/v2\/media?parent=567445"}],"wp:term":[{"taxonomy":"product_brand","embeddable":true,"href":"https:\/\/my.stlflix.com\/tr\/wp-json\/wp\/v2\/product_brand?post=567445"},{"taxonomy":"product_cat","embeddable":true,"href":"https:\/\/my.stlflix.com\/tr\/wp-json\/wp\/v2\/product_cat?post=567445"},{"taxonomy":"product_tag","embeddable":true,"href":"https:\/\/my.stlflix.com\/tr\/wp-json\/wp\/v2\/product_tag?post=567445"}],"curies":[{"name":"wp","href":"https:\/\/api.w.org\/{rel}","templated":true}]}}