{"id":568424,"date":"2026-05-03T18:23:05","date_gmt":"2026-05-03T18:23:05","guid":{"rendered":"https:\/\/my.stlflix.com\/?post_type=product&#038;p=568424"},"modified":"2026-05-03T18:32:27","modified_gmt":"2026-05-03T18:32:27","slug":"sweet-rest-69f789d4ed237","status":"publish","type":"product","link":"https:\/\/my.stlflix.com\/tr\/product\/sweet-rest-69f789d4ed237\/","title":{"rendered":"Sweet Rest"},"content":{"rendered":"<p class=\"QN2lPu\"><span dir=\"auto\" style=\"vertical-align: inherit\"><span dir=\"auto\" style=\"vertical-align: inherit\"><span dir=\"auto\" style=\"vertical-align: inherit\"><span dir=\"auto\" style=\"vertical-align: inherit\"><span dir=\"auto\" style=\"vertical-align: inherit\"><span dir=\"auto\" style=\"vertical-align: inherit\">Charme macabro e delicadeza em miniatura reunidos num colecion\u00e1vel com personalidade. O Sweet Rest \u00e9 ideal para quem tem est\u00e9tica g\u00f3tica, cultura alternativa e pe\u00e7as pequenas que fazem diferen\u00e7a na decora\u00e7\u00e3o ou no look.<\/span><\/span><\/span><\/span><\/span><\/span><\/p>\n<p class=\"QN2lPu\">\u2728<span dir=\"auto\" style=\"vertical-align: inherit\"><span dir=\"auto\" style=\"vertical-align: inherit\"><span dir=\"auto\" style=\"vertical-align: inherit\"><span dir=\"auto\" style=\"vertical-align: inherit\"><span dir=\"auto\" style=\"vertical-align: inherit\"><span dir=\"auto\" style=\"vertical-align: inherit\">s do Produto<\/span><\/span><\/span><\/span><\/span><\/span><\/p>\n<p class=\"QN2lPu\"><span dir=\"auto\" style=\"vertical-align: inherit\"><span dir=\"auto\" style=\"vertical-align: inherit\"><span dir=\"auto\" style=\"vertical-align: inherit\"><span dir=\"auto\" style=\"vertical-align: inherit\"><span dir=\"auto\" style=\"vertical-align: inherit\"><span dir=\"auto\" style=\"vertical-align: inherit\">&#8211; Design Encantador \u2014 Mini caix\u00e3o com detalhes finos e finalizados.<\/span><\/span><\/span><\/span><\/span><\/span><\/p>\n<p class=\"QN2lPu\"><span dir=\"auto\" style=\"vertical-align: inherit\"><span dir=\"auto\" style=\"vertical-align: inherit\"><span dir=\"auto\" style=\"vertical-align: inherit\"><span dir=\"auto\" style=\"vertical-align: inherit\"><span dir=\"auto\" style=\"vertical-align: inherit\"><span dir=\"auto\" style=\"vertical-align: inherit\">&#8211; Est\u00e9tica Dark Suave \u2014 Mistura o sombrio com tra\u00e7os delicados para um visual \u00fanico.<\/span><\/span><\/span><\/span><\/span><\/span><\/p>\n<p class=\"QN2lPu\"><span dir=\"auto\" style=\"vertical-align: inherit\"><span dir=\"auto\" style=\"vertical-align: inherit\"><span dir=\"auto\" style=\"vertical-align: inherit\"><span dir=\"auto\" style=\"vertical-align: inherit\"><span dir=\"auto\" style=\"vertical-align: inherit\"><span dir=\"auto\" style=\"vertical-align: inherit\">&#8211; Vers\u00e1til \u2014 Pode ser usado como pingente, chaveiro, acess\u00f3rio de mochila ou pe\u00e7a decorativa.<\/span><\/span><\/span><\/span><\/span><\/span><\/p>\n<p class=\"QN2lPu\"><span dir=\"auto\" style=\"vertical-align: inherit\"><span dir=\"auto\" style=\"vertical-align: inherit\"><span dir=\"auto\" style=\"vertical-align: inherit\"><span dir=\"auto\" style=\"vertical-align: inherit\"><span dir=\"auto\" style=\"vertical-align: inherit\"><span dir=\"auto\" style=\"vertical-align: inherit\">&#8211; Impress\u00e3o 3D em Petg<\/span><\/span><\/span><\/span><\/span><\/span><\/p>\n<p class=\"QN2lPu\"><span dir=\"auto\" style=\"vertical-align: inherit\"><span dir=\"auto\" style=\"vertical-align: inherit\"><span dir=\"auto\" style=\"vertical-align: inherit\"><span dir=\"auto\" style=\"vertical-align: inherit\"><span dir=\"auto\" style=\"vertical-align: inherit\"><span dir=\"auto\" style=\"vertical-align: inherit\">&#8211; Presente Diferente \u2014 \u00d3timo para colecionadores, f\u00e3s do estilo g\u00f3tico e entusiastas de itens exclusivos.<\/span><\/span><\/span><\/span><\/span><\/span><\/p>\n<p class=\"QN2lPu\">\ud83d\udccf<span dir=\"auto\" style=\"vertical-align: inherit\"><span dir=\"auto\" style=\"vertical-align: inherit\"><span dir=\"auto\" style=\"vertical-align: inherit\"><span dir=\"auto\" style=\"vertical-align: inherit\"><span dir=\"auto\" style=\"vertical-align: inherit\"><span dir=\"auto\" style=\"vertical-align: inherit\">Varia\u00e7\u00f5es de Tamanho e Medidas<\/span><\/span><\/span><\/span><\/span><\/span><\/p>\n<p class=\"QN2lPu\"><span dir=\"auto\" style=\"vertical-align: inherit\"><span dir=\"auto\" style=\"vertical-align: inherit\"><span dir=\"auto\" style=\"vertical-align: inherit\"><span dir=\"auto\" style=\"vertical-align: inherit\"><span dir=\"auto\" style=\"vertical-align: inherit\"><span dir=\"auto\" style=\"vertical-align: inherit\">&#8211; Varia\u00e7\u00e3o \u00fanica<\/span><\/span><\/span><\/span><\/span><\/span><\/p>\n<p class=\"QN2lPu\"><span dir=\"auto\" style=\"vertical-align: inherit\"><span dir=\"auto\" style=\"vertical-align: inherit\"><span dir=\"auto\" style=\"vertical-align: inherit\"><span dir=\"auto\" style=\"vertical-align: inherit\"><span dir=\"auto\" style=\"vertical-align: inherit\"><span dir=\"auto\" style=\"vertical-align: inherit\">&#8211; Altura: 7,3 cm<\/span><\/span><\/span><\/span><\/span><\/span><\/p>\n<p class=\"QN2lPu\"><span dir=\"auto\" style=\"vertical-align: inherit\"><span dir=\"auto\" style=\"vertical-align: inherit\"><span dir=\"auto\" style=\"vertical-align: inherit\"><span dir=\"auto\" style=\"vertical-align: inherit\"><span dir=\"auto\" style=\"vertical-align: inherit\"><span dir=\"auto\" style=\"vertical-align: inherit\">&#8211; Largura: 4,6 cm<\/span><\/span><\/span><\/span><\/span><\/span><\/p>\n<p class=\"QN2lPu\"><span dir=\"auto\" style=\"vertical-align: inherit\"><span dir=\"auto\" style=\"vertical-align: inherit\"><span dir=\"auto\" style=\"vertical-align: inherit\"><span dir=\"auto\" style=\"vertical-align: inherit\"><span dir=\"auto\" style=\"vertical-align: inherit\"><span dir=\"auto\" style=\"vertical-align: inherit\">&#8211; Comprimento: 4,9 cm<\/span><\/span><\/span><\/span><\/span><\/span><\/p>\n<p class=\"QN2lPu\">\ud83d\udca1<span dir=\"auto\" style=\"vertical-align: inherit\"><span dir=\"auto\" style=\"vertical-align: inherit\"><span dir=\"auto\" style=\"vertical-align: inherit\"><span dir=\"auto\" style=\"vertical-align: inherit\"><span dir=\"auto\" style=\"vertical-align: inherit\"><span dir=\"auto\" style=\"vertical-align: inherit\">p\u00e1ra<\/span><\/span><\/span><\/span><\/span><\/span><\/p>\n<p class=\"QN2lPu\"><span dir=\"auto\" style=\"vertical-align: inherit\"><span dir=\"auto\" style=\"vertical-align: inherit\"><span dir=\"auto\" style=\"vertical-align: inherit\"><span dir=\"auto\" style=\"vertical-align: inherit\"><span dir=\"auto\" style=\"vertical-align: inherit\"><span dir=\"auto\" style=\"vertical-align: inherit\">&#8211; Personalizar mochilas, bolsas e estojo<\/span><\/span><\/span><\/span><\/span><\/span><\/p>\n<p class=\"QN2lPu\"><span dir=\"auto\" style=\"vertical-align: inherit\"><span dir=\"auto\" style=\"vertical-align: inherit\"><span dir=\"auto\" style=\"vertical-align: inherit\"><span dir=\"auto\" style=\"vertical-align: inherit\"><span dir=\"auto\" style=\"vertical-align: inherit\"><span dir=\"auto\" style=\"vertical-align: inherit\">&#8211; Decorar prateleiras, nichos e vitrines de cole\u00e7\u00f5es<\/span><\/span><\/span><\/span><\/span><\/span><\/p>\n<p class=\"QN2lPu\"><span dir=\"auto\" style=\"vertical-align: inherit\"><span dir=\"auto\" style=\"vertical-align: inherit\"><span dir=\"auto\" style=\"vertical-align: inherit\"><span dir=\"auto\" style=\"vertical-align: inherit\"><span dir=\"auto\" style=\"vertical-align: inherit\"><span dir=\"auto\" style=\"vertical-align: inherit\">&#8211; Apresentar f\u00e3s de cultura alternativa, rock e est\u00e9tica dark<\/span><\/span><\/span><\/span><\/span><\/span><\/p>\n<p class=\"QN2lPu\"><span dir=\"auto\" style=\"vertical-align: inherit\"><span dir=\"auto\" style=\"vertical-align: inherit\"><span dir=\"auto\" style=\"vertical-align: inherit\"><span dir=\"auto\" style=\"vertical-align: inherit\"><span dir=\"auto\" style=\"vertical-align: inherit\"><span dir=\"auto\" style=\"vertical-align: inherit\">*** ATEN\u00c7\u00c3O ***<\/span><\/span><\/span><\/span><\/span><\/span><\/p>\n<p class=\"QN2lPu\"><span dir=\"auto\" style=\"vertical-align: inherit\"><span dir=\"auto\" style=\"vertical-align: inherit\"><span dir=\"auto\" style=\"vertical-align: inherit\"><span dir=\"auto\" style=\"vertical-align: inherit\"><span dir=\"auto\" style=\"vertical-align: inherit\"><span dir=\"auto\" style=\"vertical-align: inherit\">*** O PRODUTO PODE TER MUDAN\u00c7A EM ALGUMAS N\u00daCLEOS ***<\/span><\/span><\/span><\/span><\/span><\/span><\/p>\n","protected":false},"excerpt":{"rendered":"<p>Charme macabro e delicadeza em miniatura reunidos num colecion\u00e1vel com personalidade. O Sweet Rest \u00e9 ideal para quem tem est\u00e9tica g\u00f3tica, cultura alternativa e pe\u00e7as pequenas que fazem diferen\u00e7a na decora\u00e7\u00e3o ou no look. \u2728s do Produto &#8211; Design Encantador \u2014 Mini caix\u00e3o com detalhes finos e finalizados. &#8211; Est\u00e9tica Dark Suave \u2014 Mistura o [&hellip;]<\/p>\n","protected":false},"featured_media":430192,"comment_status":"open","ping_status":"closed","template":"","meta":[],"product_brand":[],"product_cat":[15],"product_tag":[117],"class_list":{"0":"post-568424","1":"product","2":"type-product","3":"status-publish","4":"has-post-thumbnail","6":"product_cat-uncategorized","7":"product_tag-halloween","9":"first","10":"outofstock","11":"taxable","12":"shipping-taxable","13":"purchasable","14":"product-type-simple"},"yoast_head":"<!-- This site is optimized with the Yoast SEO plugin v25.1 - https:\/\/yoast.com\/wordpress\/plugins\/seo\/ -->\n<title>Sweet Rest - MyStore - By STLFLIX<\/title>\n<meta name=\"robots\" content=\"index, follow, max-snippet:-1, max-image-preview:large, max-video-preview:-1\" \/>\n<link rel=\"canonical\" href=\"https:\/\/my.stlflix.com\/product\/sweet-rest-69f789d4ed237\/\" \/>\n<meta property=\"og:locale\" content=\"tr_TR\" \/>\n<meta property=\"og:type\" content=\"article\" \/>\n<meta property=\"og:title\" content=\"Sweet Rest - MyStore - By STLFLIX\" \/>\n<meta property=\"og:description\" content=\"Charme macabro e delicadeza em miniatura reunidos num colecion\u00e1vel com personalidade. O Sweet Rest \u00e9 ideal para quem tem est\u00e9tica g\u00f3tica, cultura alternativa e pe\u00e7as pequenas que fazem diferen\u00e7a na decora\u00e7\u00e3o ou no look. \u2728s do Produto &#8211; Design Encantador \u2014 Mini caix\u00e3o com detalhes finos e finalizados. &#8211; Est\u00e9tica Dark Suave \u2014 Mistura o [&hellip;]\" \/>\n<meta property=\"og:url\" content=\"https:\/\/my.stlflix.com\/product\/sweet-rest-69f789d4ed237\/\" \/>\n<meta property=\"og:site_name\" content=\"MyStore - By STLFLIX\" \/>\n<meta property=\"article:publisher\" content=\"https:\/\/www.facebook.com\/STLFLIX\" \/>\n<meta property=\"article:modified_time\" content=\"2026-05-03T18:32:27+00:00\" \/>\n<meta property=\"og:image\" content=\"https:\/\/my.stlflix.com\/wp-content\/uploads\/2025\/09\/Sweet_Rest_thumb_299188291c.jpg\" \/>\n\t<meta property=\"og:image:width\" content=\"1080\" \/>\n\t<meta property=\"og:image:height\" content=\"1350\" \/>\n\t<meta property=\"og:image:type\" content=\"image\/jpeg\" \/>\n<meta name=\"twitter:card\" content=\"summary_large_image\" \/>\n<meta name=\"twitter:label1\" content=\"Est. reading time\" \/>\n\t<meta name=\"twitter:data1\" content=\"1 minute\" \/>\n<script type=\"application\/ld+json\" class=\"yoast-schema-graph\">{\"@context\":\"https:\/\/schema.org\",\"@graph\":[{\"@type\":\"WebPage\",\"@id\":\"https:\/\/my.stlflix.com\/product\/sweet-rest-69f789d4ed237\/\",\"url\":\"https:\/\/my.stlflix.com\/product\/sweet-rest-69f789d4ed237\/\",\"name\":\"Sweet Rest - MyStore - By STLFLIX\",\"isPartOf\":{\"@id\":\"https:\/\/my.stlflix.com\/#website\"},\"primaryImageOfPage\":{\"@id\":\"https:\/\/my.stlflix.com\/product\/sweet-rest-69f789d4ed237\/#primaryimage\"},\"image\":{\"@id\":\"https:\/\/my.stlflix.com\/product\/sweet-rest-69f789d4ed237\/#primaryimage\"},\"thumbnailUrl\":\"https:\/\/my.stlflix.com\/wp-content\/uploads\/2025\/09\/Sweet_Rest_thumb_299188291c.jpg\",\"datePublished\":\"2026-05-03T18:23:05+00:00\",\"dateModified\":\"2026-05-03T18:32:27+00:00\",\"breadcrumb\":{\"@id\":\"https:\/\/my.stlflix.com\/product\/sweet-rest-69f789d4ed237\/#breadcrumb\"},\"inLanguage\":\"tr-TR\",\"potentialAction\":[{\"@type\":\"ReadAction\",\"target\":[\"https:\/\/my.stlflix.com\/product\/sweet-rest-69f789d4ed237\/\"]}]},{\"@type\":\"ImageObject\",\"inLanguage\":\"tr-TR\",\"@id\":\"https:\/\/my.stlflix.com\/product\/sweet-rest-69f789d4ed237\/#primaryimage\",\"url\":\"https:\/\/my.stlflix.com\/wp-content\/uploads\/2025\/09\/Sweet_Rest_thumb_299188291c.jpg\",\"contentUrl\":\"https:\/\/my.stlflix.com\/wp-content\/uploads\/2025\/09\/Sweet_Rest_thumb_299188291c.jpg\",\"width\":1080,\"height\":1350},{\"@type\":\"BreadcrumbList\",\"@id\":\"https:\/\/my.stlflix.com\/product\/sweet-rest-69f789d4ed237\/#breadcrumb\",\"itemListElement\":[{\"@type\":\"ListItem\",\"position\":1,\"name\":\"Home\",\"item\":\"https:\/\/my.stlflix.com\/\"},{\"@type\":\"ListItem\",\"position\":2,\"name\":\"Products\",\"item\":\"https:\/\/my.stlflix.com\/shop\/\"},{\"@type\":\"ListItem\",\"position\":3,\"name\":\"Sweet Rest\"}]},{\"@type\":\"WebSite\",\"@id\":\"https:\/\/my.stlflix.com\/#website\",\"url\":\"https:\/\/my.stlflix.com\/\",\"name\":\"MyStore - By STLFLIX\",\"description\":\"\",\"publisher\":{\"@id\":\"https:\/\/my.stlflix.com\/#organization\"},\"potentialAction\":[{\"@type\":\"SearchAction\",\"target\":{\"@type\":\"EntryPoint\",\"urlTemplate\":\"https:\/\/my.stlflix.com\/?s={search_term_string}\"},\"query-input\":{\"@type\":\"PropertyValueSpecification\",\"valueRequired\":true,\"valueName\":\"search_term_string\"}}],\"inLanguage\":\"tr-TR\"},{\"@type\":\"Organization\",\"@id\":\"https:\/\/my.stlflix.com\/#organization\",\"name\":\"MyStore - By STLFLIX\",\"url\":\"https:\/\/my.stlflix.com\/\",\"logo\":{\"@type\":\"ImageObject\",\"inLanguage\":\"tr-TR\",\"@id\":\"https:\/\/my.stlflix.com\/#\/schema\/logo\/image\/\",\"url\":\"https:\/\/my.stlflix.com\/wp-content\/uploads\/2024\/06\/logo-mystore.png\",\"contentUrl\":\"https:\/\/my.stlflix.com\/wp-content\/uploads\/2024\/06\/logo-mystore.png\",\"width\":150,\"height\":41,\"caption\":\"MyStore - By STLFLIX\"},\"image\":{\"@id\":\"https:\/\/my.stlflix.com\/#\/schema\/logo\/image\/\"},\"sameAs\":[\"https:\/\/www.facebook.com\/STLFLIX\",\"https:\/\/www.instagram.com\/stlflix_\/\",\"https:\/\/www.tiktok.com\/@stlflix\"]}]}<\/script>\n<!-- \/ Yoast SEO plugin. -->","yoast_head_json":{"title":"Sweet Rest - MyStore - By STLFLIX","robots":{"index":"index","follow":"follow","max-snippet":"max-snippet:-1","max-image-preview":"max-image-preview:large","max-video-preview":"max-video-preview:-1"},"canonical":"https:\/\/my.stlflix.com\/product\/sweet-rest-69f789d4ed237\/","og_locale":"tr_TR","og_type":"article","og_title":"Sweet Rest - MyStore - By STLFLIX","og_description":"Charme macabro e delicadeza em miniatura reunidos num colecion\u00e1vel com personalidade. O Sweet Rest \u00e9 ideal para quem tem est\u00e9tica g\u00f3tica, cultura alternativa e pe\u00e7as pequenas que fazem diferen\u00e7a na decora\u00e7\u00e3o ou no look. \u2728s do Produto &#8211; Design Encantador \u2014 Mini caix\u00e3o com detalhes finos e finalizados. &#8211; Est\u00e9tica Dark Suave \u2014 Mistura o [&hellip;]","og_url":"https:\/\/my.stlflix.com\/product\/sweet-rest-69f789d4ed237\/","og_site_name":"MyStore - By STLFLIX","article_publisher":"https:\/\/www.facebook.com\/STLFLIX","article_modified_time":"2026-05-03T18:32:27+00:00","og_image":[{"width":1080,"height":1350,"url":"https:\/\/my.stlflix.com\/wp-content\/uploads\/2025\/09\/Sweet_Rest_thumb_299188291c.jpg","type":"image\/jpeg"}],"twitter_card":"summary_large_image","twitter_misc":{"Est. reading time":"1 minute"},"schema":{"@context":"https:\/\/schema.org","@graph":[{"@type":"WebPage","@id":"https:\/\/my.stlflix.com\/product\/sweet-rest-69f789d4ed237\/","url":"https:\/\/my.stlflix.com\/product\/sweet-rest-69f789d4ed237\/","name":"Sweet Rest - MyStore - By STLFLIX","isPartOf":{"@id":"https:\/\/my.stlflix.com\/#website"},"primaryImageOfPage":{"@id":"https:\/\/my.stlflix.com\/product\/sweet-rest-69f789d4ed237\/#primaryimage"},"image":{"@id":"https:\/\/my.stlflix.com\/product\/sweet-rest-69f789d4ed237\/#primaryimage"},"thumbnailUrl":"https:\/\/my.stlflix.com\/wp-content\/uploads\/2025\/09\/Sweet_Rest_thumb_299188291c.jpg","datePublished":"2026-05-03T18:23:05+00:00","dateModified":"2026-05-03T18:32:27+00:00","breadcrumb":{"@id":"https:\/\/my.stlflix.com\/product\/sweet-rest-69f789d4ed237\/#breadcrumb"},"inLanguage":"tr-TR","potentialAction":[{"@type":"ReadAction","target":["https:\/\/my.stlflix.com\/product\/sweet-rest-69f789d4ed237\/"]}]},{"@type":"ImageObject","inLanguage":"tr-TR","@id":"https:\/\/my.stlflix.com\/product\/sweet-rest-69f789d4ed237\/#primaryimage","url":"https:\/\/my.stlflix.com\/wp-content\/uploads\/2025\/09\/Sweet_Rest_thumb_299188291c.jpg","contentUrl":"https:\/\/my.stlflix.com\/wp-content\/uploads\/2025\/09\/Sweet_Rest_thumb_299188291c.jpg","width":1080,"height":1350},{"@type":"BreadcrumbList","@id":"https:\/\/my.stlflix.com\/product\/sweet-rest-69f789d4ed237\/#breadcrumb","itemListElement":[{"@type":"ListItem","position":1,"name":"Home","item":"https:\/\/my.stlflix.com\/"},{"@type":"ListItem","position":2,"name":"Products","item":"https:\/\/my.stlflix.com\/shop\/"},{"@type":"ListItem","position":3,"name":"Sweet Rest"}]},{"@type":"WebSite","@id":"https:\/\/my.stlflix.com\/#website","url":"https:\/\/my.stlflix.com\/","name":"MyStore - By STLFLIX","description":"","publisher":{"@id":"https:\/\/my.stlflix.com\/#organization"},"potentialAction":[{"@type":"SearchAction","target":{"@type":"EntryPoint","urlTemplate":"https:\/\/my.stlflix.com\/?s={search_term_string}"},"query-input":{"@type":"PropertyValueSpecification","valueRequired":true,"valueName":"search_term_string"}}],"inLanguage":"tr-TR"},{"@type":"Organization","@id":"https:\/\/my.stlflix.com\/#organization","name":"MyStore - By STLFLIX","url":"https:\/\/my.stlflix.com\/","logo":{"@type":"ImageObject","inLanguage":"tr-TR","@id":"https:\/\/my.stlflix.com\/#\/schema\/logo\/image\/","url":"https:\/\/my.stlflix.com\/wp-content\/uploads\/2024\/06\/logo-mystore.png","contentUrl":"https:\/\/my.stlflix.com\/wp-content\/uploads\/2024\/06\/logo-mystore.png","width":150,"height":41,"caption":"MyStore - By STLFLIX"},"image":{"@id":"https:\/\/my.stlflix.com\/#\/schema\/logo\/image\/"},"sameAs":["https:\/\/www.facebook.com\/STLFLIX","https:\/\/www.instagram.com\/stlflix_\/","https:\/\/www.tiktok.com\/@stlflix"]}]}},"_links":{"self":[{"href":"https:\/\/my.stlflix.com\/tr\/wp-json\/wp\/v2\/product\/568424","targetHints":{"allow":["GET"]}}],"collection":[{"href":"https:\/\/my.stlflix.com\/tr\/wp-json\/wp\/v2\/product"}],"about":[{"href":"https:\/\/my.stlflix.com\/tr\/wp-json\/wp\/v2\/types\/product"}],"replies":[{"embeddable":true,"href":"https:\/\/my.stlflix.com\/tr\/wp-json\/wp\/v2\/comments?post=568424"}],"wp:featuredmedia":[{"embeddable":true,"href":"https:\/\/my.stlflix.com\/tr\/wp-json\/wp\/v2\/media\/430192"}],"wp:attachment":[{"href":"https:\/\/my.stlflix.com\/tr\/wp-json\/wp\/v2\/media?parent=568424"}],"wp:term":[{"taxonomy":"product_brand","embeddable":true,"href":"https:\/\/my.stlflix.com\/tr\/wp-json\/wp\/v2\/product_brand?post=568424"},{"taxonomy":"product_cat","embeddable":true,"href":"https:\/\/my.stlflix.com\/tr\/wp-json\/wp\/v2\/product_cat?post=568424"},{"taxonomy":"product_tag","embeddable":true,"href":"https:\/\/my.stlflix.com\/tr\/wp-json\/wp\/v2\/product_tag?post=568424"}],"curies":[{"name":"wp","href":"https:\/\/api.w.org\/{rel}","templated":true}]}}