{"id":568630,"date":"2026-05-03T19:45:01","date_gmt":"2026-05-03T19:45:01","guid":{"rendered":"https:\/\/my.stlflix.com\/?post_type=product&#038;p=568630"},"modified":"2026-05-03T20:07:55","modified_gmt":"2026-05-03T20:07:55","slug":"nossa-senhora-com-bandeja-e-luz-de-led","status":"publish","type":"product","link":"https:\/\/my.stlflix.com\/tr\/product\/nossa-senhora-com-bandeja-e-luz-de-led\/","title":{"rendered":"Nossa Senhora com bandeja e luz de led"},"content":{"rendered":"<div class=\"relative basis-auto flex-col -mb-(--composer-overlap-px) pb-(--composer-overlap-px) [--composer-overlap-px:28px] grow flex\">\n<div class=\"flex flex-col text-sm\">\n<section class=\"text-token-text-primary w-full focus:outline-none [--shadow-height:45px] has-data-writing-block:pointer-events-none has-data-writing-block:-mt-(--shadow-height) has-data-writing-block:pt-(--shadow-height) [&amp;:has([data-writing-block])&gt;*]:pointer-events-auto [content-visibility:auto] supports-[content-visibility:auto]:[contain-intrinsic-size:auto_100lvh] R6Vx5W_threadScrollVars scroll-mb-[calc(var(--scroll-root-safe-area-inset-bottom,0px)+var(--thread-response-height))] scroll-mt-[calc(var(--header-height)+min(200px,max(70px,20svh)))]\" dir=\"auto\" data-turn-id=\"request-WEB:5b21b716-a494-4ae3-a90b-02a5ae309aeb-0\" data-testid=\"conversation-turn-2\" data-scroll-anchor=\"false\" data-turn=\"assistant\">\n<div class=\"text-base my-auto mx-auto pb-10 [--thread-content-margin:var(--thread-content-margin-xs,calc(var(--spacing)*4))] @w-sm\/main:[--thread-content-margin:var(--thread-content-margin-sm,calc(var(--spacing)*6))] @w-lg\/main:[--thread-content-margin:var(--thread-content-margin-lg,calc(var(--spacing)*16))] px-(--thread-content-margin)\">\n<div class=\"[--thread-content-max-width:40rem] @w-lg\/main:[--thread-content-max-width:48rem] mx-auto max-w-(--thread-content-max-width) flex-1 group\/turn-messages focus-visible:outline-hidden relative flex w-full min-w-0 flex-col agent-turn\">\n<div class=\"flex max-w-full flex-col gap-4 grow\">\n<div class=\"min-h-8 text-message relative flex w-full flex-col items-end gap-2 text-start break-words whitespace-normal outline-none keyboard-focused:focus-ring [.text-message+&amp;]:mt-1\" dir=\"auto\" data-message-author-role=\"assistant\" data-message-id=\"8531d283-d63d-41aa-85fb-4641476e99c7\" data-message-model-slug=\"gpt-5-3\" data-turn-start-message=\"true\">\n<div class=\"flex w-full flex-col gap-1 empty:hidden\">\n<div class=\"markdown prose dark:prose-invert w-full wrap-break-word light markdown-new-styling\">\n<p data-start=\"114\" data-end=\"281\">Pe\u00e7a decorativa e funcional, representando uma figura estilizada de Nossa Senhora, integrada a um suporte para vela tipo <em data-start=\"266\" data-end=\"276\">tealight<\/em> LED.<\/p>\n<p data-start=\"283\" data-end=\"310\"><strong data-start=\"283\" data-end=\"310\">Materiais e Fabrica\u00e7\u00e3o:<\/strong><\/p>\n<ul data-start=\"311\" data-end=\"669\">\n<li data-section-id=\"jjfcac\" data-start=\"311\" data-end=\"422\">Produzida em <strong data-start=\"326\" data-end=\"352\">PLA.<\/strong><\/li>\n<li data-section-id=\"1jncw53\" data-start=\"423\" data-end=\"573\">Acabamento com superf\u00edcie levemente acetinada, mantendo as caracter\u00edsticas das camadas da impress\u00e3o.<\/li>\n<li data-section-id=\"1ol7n5c\" data-start=\"574\" data-end=\"669\">Composi\u00e7\u00e3o em m\u00faltiplas cores: base branca, manto azul e detalhes dourados (aur\u00e9ola e ter\u00e7o).<\/li>\n<\/ul>\n<p data-start=\"671\" data-end=\"687\"><strong data-start=\"671\" data-end=\"687\">Componentes:<\/strong><\/p>\n<ul data-start=\"688\" data-end=\"1224\">\n<li data-section-id=\"69wtyj\" data-start=\"688\" data-end=\"798\"><strong data-start=\"690\" data-end=\"721\">Figura religiosa estilizada<\/strong>: design minimalista, sem defini\u00e7\u00e3o facial, com foco nas formas e simbologia.<\/li>\n<li data-section-id=\"sk0uxn\" data-start=\"799\" data-end=\"893\"><strong data-start=\"801\" data-end=\"820\">Detalhe frontal<\/strong>: aplica\u00e7\u00e3o de ter\u00e7o em relevo com cruz, fixado na parte central da pe\u00e7a.<\/li>\n<li data-section-id=\"1emvhvo\" data-start=\"894\" data-end=\"1005\"><strong data-start=\"896\" data-end=\"914\">Base integrada<\/strong>: formato retangular com bordas onduladas, garantindo estabilidade e acabamento decorativo.<\/li>\n<li data-section-id=\"buy6o2\" data-start=\"1006\" data-end=\"1224\"><strong data-start=\"1008\" data-end=\"1029\">Suporte para vela<\/strong>:\n<ul data-start=\"1033\" data-end=\"1224\">\n<li data-section-id=\"6auiju\" data-start=\"1033\" data-end=\"1100\">Compartimento cil\u00edndrico com textura externa vertical (ranhuras).<\/li>\n<li data-section-id=\"17av50d\" data-start=\"1103\" data-end=\"1146\">Compat\u00edvel com velas LED tipo <em data-start=\"1135\" data-end=\"1145\">tealight<\/em>.<\/li>\n<li data-section-id=\"1pl2pji\" data-start=\"1149\" data-end=\"1224\">A ilumina\u00e7\u00e3o indireta cria um efeito difuso e acolhedor ao redor da pe\u00e7a.<\/li>\n<\/ul>\n<\/li>\n<\/ul>\n<p data-start=\"1226\" data-end=\"1291\"><strong data-start=\"1226\" data-end=\"1251\">Dimens\u00f5es aproximadas<\/strong> <em data-start=\"1252\" data-end=\"1290\">(estimadas pela propor\u00e7\u00e3o da imagem)<\/em>:<\/p>\n<ul data-start=\"1292\" data-end=\"1420\">\n<li data-section-id=\"51m6yz\" data-start=\"1292\" data-end=\"1320\">Altura: 10 cm<\/li>\n<li data-section-id=\"19qyw6j\" data-start=\"1321\" data-end=\"1356\">Largura bandeja: 19 cm<\/li>\n<li data-section-id=\"1xj3qn8\" data-start=\"1357\" data-end=\"1420\">Di\u00e2metro do suporte de vela: padr\u00e3o para tealight:<br \/>\n4cm<\/li>\n<\/ul>\n<p data-start=\"1422\" data-end=\"1453\"><strong data-start=\"1422\" data-end=\"1453\">Caracter\u00edsticas Funcionais:<\/strong><\/p>\n<ul data-start=\"1454\" data-end=\"1674\">\n<li data-section-id=\"1h4sdcy\" data-start=\"1454\" data-end=\"1522\">Produto <strong data-start=\"1464\" data-end=\"1490\">decorativo e religioso<\/strong>, ideal para ambientes internos.<\/li>\n<li data-section-id=\"515noe\" data-start=\"1523\" data-end=\"1616\">Ilumina\u00e7\u00e3o suave, adequada para uso como luz ambiente, altar dom\u00e9stico ou item de presente.<\/li>\n<li data-section-id=\"171z6m8\" data-start=\"1617\" data-end=\"1674\">Baixo consumo de energia quando utilizado com vela LED.<\/li>\n<\/ul>\n<p data-start=\"1676\" data-end=\"1698\"><strong data-start=\"1676\" data-end=\"1698\">Est\u00e9tica e Design:<\/strong><\/p>\n<ul data-start=\"1699\" data-end=\"1909\">\n<li data-section-id=\"1jc1kvj\" data-start=\"1699\" data-end=\"1743\">Estilo contempor\u00e2neo com influ\u00eancia sacra.<\/li>\n<li data-section-id=\"4kp7gb\" data-start=\"1744\" data-end=\"1826\">Contraste crom\u00e1tico entre o branco, azul e dourado, destacando a figura central.<\/li>\n<li data-section-id=\"393b6h\" data-start=\"1827\" data-end=\"1909\">Integra\u00e7\u00e3o harmoniosa entre objeto decorativo e elemento funcional (ilumina\u00e7\u00e3o)<\/li>\n<\/ul>\n<\/div>\n<\/div>\n<\/div>\n<\/div>\n<div class=\"mt-3 w-full empty:hidden\">\n<div class=\"text-center\"><\/div>\n<\/div>\n<\/div>\n<\/div>\n<\/section>\n<div class=\"pointer-events-none -mt-px h-px translate-y-[calc(var(--scroll-root-safe-area-inset-bottom)-14*var(--spacing))]\" aria-hidden=\"true\"><\/div>\n<div class=\"pointer-events-none translate-y-(--scroll-root-safe-area-inset-bottom) R6Vx5W_threadScrollVars min-h-(--gutter-remaining-height,0px) group-data-stream-active\/scroll-root:h-[calc(var(--thread-response-height)-16*var(--spacing))]\"><\/div>\n<\/div>\n<\/div>\n<div id=\"thread-bottom-container\" class=\"sticky bottom-0 z-10 group\/thread-bottom-container relative isolate w-full basis-auto has-data-has-thread-error:pt-2 has-data-has-thread-error:[box-shadow:var(--sharp-edge-bottom-shadow)] md:border-transparent md:pt-0 dark:border-white\/20 md:dark:border-transparent print:hidden content-fade single-line flex flex-col\">\n<div class=\"relative mx-auto h-0\">\n<div class=\"flex h-0 items-end justify-center motion-safe:transition-all motion-safe:delay-300 motion-safe:duration-300 group-[:not([data-scroll-from-end])]\/scroll-root:scale-50 group-[:not([data-scroll-from-end])]\/scroll-root:translate-y-2 group-[:not([data-scroll-from-end])]\/scroll-root:opacity-0 group-[:not([data-scroll-from-end])]\/scroll-root:pointer-events-none group-[:not([data-scroll-from-end])]\/scroll-root:duration-100 group-[:not([data-scroll-from-end])]\/scroll-root:delay-0 absolute start-1\/2 z-10 -translate-x-1\/2 bottom-[calc(100%+6*var(--spacing)+var(--thread-scroll-to-bottom-banner-offset,0px))]\"><\/div>\n<\/div>\n<div id=\"thread-bottom\">\n<div>\n<div class=\"text-base mx-auto [--thread-content-margin:var(--thread-content-margin-xs,calc(var(--spacing)*4))] @w-sm\/main:[--thread-content-margin:var(--thread-content-margin-sm,calc(var(--spacing)*6))] @w-lg\/main:[--thread-content-margin:var(--thread-content-margin-lg,calc(var(--spacing)*16))] px-(--thread-content-margin)\">\n<div>\n<div class=\"[--thread-content-max-width:40rem] @w-lg\/main:[--thread-content-max-width:48rem] mx-auto max-w-(--thread-content-max-width) flex-1 mb-[var(--thread-component-gap,1rem)]\">\n<div class=\"flex justify-center empty:hidden\"><\/div>\n<div class=\"pointer-events-auto relative z-1 flex h-(--composer-container-height,100%) max-w-full flex-(--composer-container-flex,1) flex-col\">\n<div class=\"absolute start-0 end-0 bottom-full z-20\"><\/div>\n<form>\n<div class=\"hidden\"><\/div>\n<div class=\"\">\n<div class=\"bg-token-bg-primary dark:bg-token-bg-elevated-primary dark-oled:bg-token-bg-primary corner-superellipse\/1.1 cursor-text overflow-clip bg-clip-padding p-2.5 contain-inline-size motion-safe:transition-colors motion-safe:duration-200 motion-safe:ease-in-out grid grid-cols-[auto_1fr_auto] [grid-template-areas:'header_header_header'_'leading_primary_trailing'_'._footer_.'] group-data-expanded\/composer:[grid-template-areas:'header_header_header'_'primary_primary_primary'_'leading_footer_trailing'] shadow-short-composer\" data-composer-surface=\"true\">\n<div class=\"[grid-area:leading]\"><\/div>\n<div class=\"-my-2.5 flex min-h-14 items-center overflow-x-hidden px-1.5 [grid-area:primary] group-data-expanded\/composer:mb-0 group-data-expanded\/composer:px-2.5\">\n<div class=\"wcDTda_prosemirror-parent text-token-text-primary max-h-[max(30svh,5rem)] max-h-52 min-h-[var(--deep-research-composer-extra-height,unset)] flex-1 overflow-auto [scrollbar-width:thin] default-browser vertical-scroll-fade-mask\"><textarea class=\"wcDTda_fallbackTextarea\" name=\"prompt-textarea\" aria-label=\"Converse com o ChatGPT\" data-virtualkeyboard=\"true\"><\/textarea><\/p>\n<div id=\"prompt-textarea\" class=\"ProseMirror\" role=\"textbox\" data-virtualkeyboard=\"true\" aria-label=\"Converse com o ChatGPT\"><\/div>\n<\/div>\n<\/div>\n<div class=\"flex items-center gap-2 [grid-area:trailing]\">\n<div class=\"ms-auto flex items-center gap-1.5\">\n<div id=\"_r_0_\" class=\"fixed inset-s-[anchor(center)] inset-e-auto top-[calc(anchor(bottom)+var(--spacing))] bottom-auto h-fit -translate-x-1\/2 [position-try-fallbacks:flip-block] overflow-visible bg-transparent z-50\" role=\"tooltip\"><\/div>\n<p><button class=\"composer-btn h-9 min-h-9 w-9 min-w-9\" type=\"button\" aria-label=\"Iniciar ditado\" aria-describedby=\"_r_0_\"><\/button><\/p>\n<div>\n<div class=\"inline-flex\">\n<div><\/div>\n<\/div>\n<\/div>\n<\/div>\n<\/div>\n<\/div>\n<\/div>\n<\/form>\n<\/div>\n<\/div>\n<\/div>\n<\/div>\n<\/div>\n<\/div>\n<\/div>\n","protected":false},"excerpt":{"rendered":"<p>Pe\u00e7a decorativa e funcional, representando uma figura estilizada de Nossa Senhora, integrada a um suporte para vela tipo tealight LED. Materiais e Fabrica\u00e7\u00e3o: Produzida em PLA. Acabamento com superf\u00edcie levemente acetinada, mantendo as caracter\u00edsticas das camadas da impress\u00e3o. Composi\u00e7\u00e3o em m\u00faltiplas cores: base branca, manto azul e detalhes dourados (aur\u00e9ola e ter\u00e7o). Componentes: Figura religiosa [&hellip;]<\/p>\n","protected":false},"featured_media":568647,"comment_status":"open","ping_status":"closed","template":"","meta":[],"product_brand":[],"product_cat":[15],"product_tag":[6401],"class_list":{"0":"post-568630","1":"product","2":"type-product","3":"status-publish","4":"has-post-thumbnail","6":"product_cat-uncategorized","7":"product_tag-figuras-sagradas","9":"first","10":"instock","11":"sale","12":"taxable","13":"shipping-taxable","14":"purchasable","15":"product-type-simple"},"yoast_head":"<!-- This site is optimized with the Yoast SEO plugin v25.1 - https:\/\/yoast.com\/wordpress\/plugins\/seo\/ -->\n<title>Nossa Senhora com bandeja e luz de led - MyStore - By STLFLIX<\/title>\n<meta name=\"robots\" content=\"index, follow, max-snippet:-1, max-image-preview:large, max-video-preview:-1\" \/>\n<link rel=\"canonical\" href=\"https:\/\/my.stlflix.com\/product\/nossa-senhora-com-bandeja-e-luz-de-led\/\" \/>\n<meta property=\"og:locale\" content=\"tr_TR\" \/>\n<meta property=\"og:type\" content=\"article\" \/>\n<meta property=\"og:title\" content=\"Nossa Senhora com bandeja e luz de led - MyStore - By STLFLIX\" \/>\n<meta property=\"og:description\" content=\"Pe\u00e7a decorativa e funcional, representando uma figura estilizada de Nossa Senhora, integrada a um suporte para vela tipo tealight LED. Materiais e Fabrica\u00e7\u00e3o: Produzida em PLA. Acabamento com superf\u00edcie levemente acetinada, mantendo as caracter\u00edsticas das camadas da impress\u00e3o. Composi\u00e7\u00e3o em m\u00faltiplas cores: base branca, manto azul e detalhes dourados (aur\u00e9ola e ter\u00e7o). Componentes: Figura religiosa [&hellip;]\" \/>\n<meta property=\"og:url\" content=\"https:\/\/my.stlflix.com\/product\/nossa-senhora-com-bandeja-e-luz-de-led\/\" \/>\n<meta property=\"og:site_name\" content=\"MyStore - By STLFLIX\" \/>\n<meta property=\"article:publisher\" content=\"https:\/\/www.facebook.com\/STLFLIX\" \/>\n<meta property=\"article:modified_time\" content=\"2026-05-03T20:07:55+00:00\" \/>\n<meta property=\"og:image\" content=\"https:\/\/my.stlflix.com\/wp-content\/uploads\/2026\/05\/cropped-Nossa-Senhora-1.jpeg\" \/>\n\t<meta property=\"og:image:width\" content=\"852\" \/>\n\t<meta property=\"og:image:height\" content=\"837\" \/>\n\t<meta property=\"og:image:type\" content=\"image\/jpeg\" \/>\n<meta name=\"twitter:card\" content=\"summary_large_image\" \/>\n<meta name=\"twitter:label1\" content=\"Est. reading time\" \/>\n\t<meta name=\"twitter:data1\" content=\"1 minute\" \/>\n<script type=\"application\/ld+json\" class=\"yoast-schema-graph\">{\"@context\":\"https:\/\/schema.org\",\"@graph\":[{\"@type\":\"WebPage\",\"@id\":\"https:\/\/my.stlflix.com\/product\/nossa-senhora-com-bandeja-e-luz-de-led\/\",\"url\":\"https:\/\/my.stlflix.com\/product\/nossa-senhora-com-bandeja-e-luz-de-led\/\",\"name\":\"Nossa Senhora com bandeja e luz de led - MyStore - By STLFLIX\",\"isPartOf\":{\"@id\":\"https:\/\/my.stlflix.com\/#website\"},\"primaryImageOfPage\":{\"@id\":\"https:\/\/my.stlflix.com\/product\/nossa-senhora-com-bandeja-e-luz-de-led\/#primaryimage\"},\"image\":{\"@id\":\"https:\/\/my.stlflix.com\/product\/nossa-senhora-com-bandeja-e-luz-de-led\/#primaryimage\"},\"thumbnailUrl\":\"https:\/\/my.stlflix.com\/wp-content\/uploads\/2026\/05\/cropped-Nossa-Senhora-1.jpeg\",\"datePublished\":\"2026-05-03T19:45:01+00:00\",\"dateModified\":\"2026-05-03T20:07:55+00:00\",\"breadcrumb\":{\"@id\":\"https:\/\/my.stlflix.com\/product\/nossa-senhora-com-bandeja-e-luz-de-led\/#breadcrumb\"},\"inLanguage\":\"tr-TR\",\"potentialAction\":[{\"@type\":\"ReadAction\",\"target\":[\"https:\/\/my.stlflix.com\/product\/nossa-senhora-com-bandeja-e-luz-de-led\/\"]}]},{\"@type\":\"ImageObject\",\"inLanguage\":\"tr-TR\",\"@id\":\"https:\/\/my.stlflix.com\/product\/nossa-senhora-com-bandeja-e-luz-de-led\/#primaryimage\",\"url\":\"https:\/\/my.stlflix.com\/wp-content\/uploads\/2026\/05\/cropped-Nossa-Senhora-1.jpeg\",\"contentUrl\":\"https:\/\/my.stlflix.com\/wp-content\/uploads\/2026\/05\/cropped-Nossa-Senhora-1.jpeg\",\"width\":852,\"height\":837},{\"@type\":\"BreadcrumbList\",\"@id\":\"https:\/\/my.stlflix.com\/product\/nossa-senhora-com-bandeja-e-luz-de-led\/#breadcrumb\",\"itemListElement\":[{\"@type\":\"ListItem\",\"position\":1,\"name\":\"Home\",\"item\":\"https:\/\/my.stlflix.com\/\"},{\"@type\":\"ListItem\",\"position\":2,\"name\":\"Products\",\"item\":\"https:\/\/my.stlflix.com\/shop\/\"},{\"@type\":\"ListItem\",\"position\":3,\"name\":\"Nossa Senhora com bandeja e luz de led\"}]},{\"@type\":\"WebSite\",\"@id\":\"https:\/\/my.stlflix.com\/#website\",\"url\":\"https:\/\/my.stlflix.com\/\",\"name\":\"MyStore - By STLFLIX\",\"description\":\"\",\"publisher\":{\"@id\":\"https:\/\/my.stlflix.com\/#organization\"},\"potentialAction\":[{\"@type\":\"SearchAction\",\"target\":{\"@type\":\"EntryPoint\",\"urlTemplate\":\"https:\/\/my.stlflix.com\/?s={search_term_string}\"},\"query-input\":{\"@type\":\"PropertyValueSpecification\",\"valueRequired\":true,\"valueName\":\"search_term_string\"}}],\"inLanguage\":\"tr-TR\"},{\"@type\":\"Organization\",\"@id\":\"https:\/\/my.stlflix.com\/#organization\",\"name\":\"MyStore - By STLFLIX\",\"url\":\"https:\/\/my.stlflix.com\/\",\"logo\":{\"@type\":\"ImageObject\",\"inLanguage\":\"tr-TR\",\"@id\":\"https:\/\/my.stlflix.com\/#\/schema\/logo\/image\/\",\"url\":\"https:\/\/my.stlflix.com\/wp-content\/uploads\/2024\/06\/logo-mystore.png\",\"contentUrl\":\"https:\/\/my.stlflix.com\/wp-content\/uploads\/2024\/06\/logo-mystore.png\",\"width\":150,\"height\":41,\"caption\":\"MyStore - By STLFLIX\"},\"image\":{\"@id\":\"https:\/\/my.stlflix.com\/#\/schema\/logo\/image\/\"},\"sameAs\":[\"https:\/\/www.facebook.com\/STLFLIX\",\"https:\/\/www.instagram.com\/stlflix_\/\",\"https:\/\/www.tiktok.com\/@stlflix\"]}]}<\/script>\n<!-- \/ Yoast SEO plugin. -->","yoast_head_json":{"title":"Nossa Senhora com bandeja e luz de led - MyStore - By STLFLIX","robots":{"index":"index","follow":"follow","max-snippet":"max-snippet:-1","max-image-preview":"max-image-preview:large","max-video-preview":"max-video-preview:-1"},"canonical":"https:\/\/my.stlflix.com\/product\/nossa-senhora-com-bandeja-e-luz-de-led\/","og_locale":"tr_TR","og_type":"article","og_title":"Nossa Senhora com bandeja e luz de led - MyStore - By STLFLIX","og_description":"Pe\u00e7a decorativa e funcional, representando uma figura estilizada de Nossa Senhora, integrada a um suporte para vela tipo tealight LED. Materiais e Fabrica\u00e7\u00e3o: Produzida em PLA. Acabamento com superf\u00edcie levemente acetinada, mantendo as caracter\u00edsticas das camadas da impress\u00e3o. Composi\u00e7\u00e3o em m\u00faltiplas cores: base branca, manto azul e detalhes dourados (aur\u00e9ola e ter\u00e7o). Componentes: Figura religiosa [&hellip;]","og_url":"https:\/\/my.stlflix.com\/product\/nossa-senhora-com-bandeja-e-luz-de-led\/","og_site_name":"MyStore - By STLFLIX","article_publisher":"https:\/\/www.facebook.com\/STLFLIX","article_modified_time":"2026-05-03T20:07:55+00:00","og_image":[{"width":852,"height":837,"url":"https:\/\/my.stlflix.com\/wp-content\/uploads\/2026\/05\/cropped-Nossa-Senhora-1.jpeg","type":"image\/jpeg"}],"twitter_card":"summary_large_image","twitter_misc":{"Est. reading time":"1 minute"},"schema":{"@context":"https:\/\/schema.org","@graph":[{"@type":"WebPage","@id":"https:\/\/my.stlflix.com\/product\/nossa-senhora-com-bandeja-e-luz-de-led\/","url":"https:\/\/my.stlflix.com\/product\/nossa-senhora-com-bandeja-e-luz-de-led\/","name":"Nossa Senhora com bandeja e luz de led - MyStore - By STLFLIX","isPartOf":{"@id":"https:\/\/my.stlflix.com\/#website"},"primaryImageOfPage":{"@id":"https:\/\/my.stlflix.com\/product\/nossa-senhora-com-bandeja-e-luz-de-led\/#primaryimage"},"image":{"@id":"https:\/\/my.stlflix.com\/product\/nossa-senhora-com-bandeja-e-luz-de-led\/#primaryimage"},"thumbnailUrl":"https:\/\/my.stlflix.com\/wp-content\/uploads\/2026\/05\/cropped-Nossa-Senhora-1.jpeg","datePublished":"2026-05-03T19:45:01+00:00","dateModified":"2026-05-03T20:07:55+00:00","breadcrumb":{"@id":"https:\/\/my.stlflix.com\/product\/nossa-senhora-com-bandeja-e-luz-de-led\/#breadcrumb"},"inLanguage":"tr-TR","potentialAction":[{"@type":"ReadAction","target":["https:\/\/my.stlflix.com\/product\/nossa-senhora-com-bandeja-e-luz-de-led\/"]}]},{"@type":"ImageObject","inLanguage":"tr-TR","@id":"https:\/\/my.stlflix.com\/product\/nossa-senhora-com-bandeja-e-luz-de-led\/#primaryimage","url":"https:\/\/my.stlflix.com\/wp-content\/uploads\/2026\/05\/cropped-Nossa-Senhora-1.jpeg","contentUrl":"https:\/\/my.stlflix.com\/wp-content\/uploads\/2026\/05\/cropped-Nossa-Senhora-1.jpeg","width":852,"height":837},{"@type":"BreadcrumbList","@id":"https:\/\/my.stlflix.com\/product\/nossa-senhora-com-bandeja-e-luz-de-led\/#breadcrumb","itemListElement":[{"@type":"ListItem","position":1,"name":"Home","item":"https:\/\/my.stlflix.com\/"},{"@type":"ListItem","position":2,"name":"Products","item":"https:\/\/my.stlflix.com\/shop\/"},{"@type":"ListItem","position":3,"name":"Nossa Senhora com bandeja e luz de led"}]},{"@type":"WebSite","@id":"https:\/\/my.stlflix.com\/#website","url":"https:\/\/my.stlflix.com\/","name":"MyStore - By STLFLIX","description":"","publisher":{"@id":"https:\/\/my.stlflix.com\/#organization"},"potentialAction":[{"@type":"SearchAction","target":{"@type":"EntryPoint","urlTemplate":"https:\/\/my.stlflix.com\/?s={search_term_string}"},"query-input":{"@type":"PropertyValueSpecification","valueRequired":true,"valueName":"search_term_string"}}],"inLanguage":"tr-TR"},{"@type":"Organization","@id":"https:\/\/my.stlflix.com\/#organization","name":"MyStore - By STLFLIX","url":"https:\/\/my.stlflix.com\/","logo":{"@type":"ImageObject","inLanguage":"tr-TR","@id":"https:\/\/my.stlflix.com\/#\/schema\/logo\/image\/","url":"https:\/\/my.stlflix.com\/wp-content\/uploads\/2024\/06\/logo-mystore.png","contentUrl":"https:\/\/my.stlflix.com\/wp-content\/uploads\/2024\/06\/logo-mystore.png","width":150,"height":41,"caption":"MyStore - By STLFLIX"},"image":{"@id":"https:\/\/my.stlflix.com\/#\/schema\/logo\/image\/"},"sameAs":["https:\/\/www.facebook.com\/STLFLIX","https:\/\/www.instagram.com\/stlflix_\/","https:\/\/www.tiktok.com\/@stlflix"]}]}},"_links":{"self":[{"href":"https:\/\/my.stlflix.com\/tr\/wp-json\/wp\/v2\/product\/568630","targetHints":{"allow":["GET"]}}],"collection":[{"href":"https:\/\/my.stlflix.com\/tr\/wp-json\/wp\/v2\/product"}],"about":[{"href":"https:\/\/my.stlflix.com\/tr\/wp-json\/wp\/v2\/types\/product"}],"replies":[{"embeddable":true,"href":"https:\/\/my.stlflix.com\/tr\/wp-json\/wp\/v2\/comments?post=568630"}],"wp:featuredmedia":[{"embeddable":true,"href":"https:\/\/my.stlflix.com\/tr\/wp-json\/wp\/v2\/media\/568647"}],"wp:attachment":[{"href":"https:\/\/my.stlflix.com\/tr\/wp-json\/wp\/v2\/media?parent=568630"}],"wp:term":[{"taxonomy":"product_brand","embeddable":true,"href":"https:\/\/my.stlflix.com\/tr\/wp-json\/wp\/v2\/product_brand?post=568630"},{"taxonomy":"product_cat","embeddable":true,"href":"https:\/\/my.stlflix.com\/tr\/wp-json\/wp\/v2\/product_cat?post=568630"},{"taxonomy":"product_tag","embeddable":true,"href":"https:\/\/my.stlflix.com\/tr\/wp-json\/wp\/v2\/product_tag?post=568630"}],"curies":[{"name":"wp","href":"https:\/\/api.w.org\/{rel}","templated":true}]}}