{"id":56974,"date":"2024-08-16T03:08:53","date_gmt":"2024-08-16T03:08:53","guid":{"rendered":"https:\/\/my.stlflix.com\/?post_type=product&#038;p=56974"},"modified":"2024-12-22T11:17:33","modified_gmt":"2024-12-22T11:17:33","slug":"leo-66baacb8321f5","status":"publish","type":"product","link":"https:\/\/my.stlflix.com\/tr\/product\/leo-66baacb8321f5\/","title":{"rendered":"Amuleto Zod\u00edaco: LE\u00c3O"},"content":{"rendered":"<p>Desperte a for\u00e7a e a coragem que habitam em voc\u00ea com o Amuleto Zod\u00edaco de Le\u00e3o. Este poderoso talism\u00e3 \u00e9 cuidadosamente elaborado para amplificar as qualidades naturais dos leoninos, como a lideran\u00e7a, a autoconfian\u00e7a e a generosidade. Feito com materiais de alta qualidade, o amuleto apresenta um design elegante e sofisticado, perfeito para ser usado como colar ou pulseira. Carregue consigo a energia vibrante e magn\u00e9tica do signo de Le\u00e3o e sinta-se mais inspirado e protegido em todas as suas jornadas. Ideal para presentear a si mesmo ou a algu\u00e9m especial que nasceu sob este signo de fogo.<\/p>\n","protected":false},"excerpt":{"rendered":"<p>Desperte a for\u00e7a e a coragem que habitam em voc\u00ea com o Amuleto Zod\u00edaco de Le\u00e3o. Este poderoso talism\u00e3 \u00e9 cuidadosamente elaborado para amplificar as qualidades naturais dos leoninos, como a lideran\u00e7a, a autoconfian\u00e7a e a generosidade. Feito com materiais de alta qualidade, o amuleto apresenta um design elegante e sofisticado, perfeito para ser usado [&hellip;]<\/p>\n","protected":false},"featured_media":55344,"comment_status":"open","ping_status":"closed","template":"","meta":[],"product_brand":[],"product_cat":[25],"product_tag":[680,679],"class_list":{"0":"post-56974","1":"product","2":"type-product","3":"status-publish","4":"has-post-thumbnail","6":"product_cat-home-decor","7":"product_tag-promocao","8":"product_tag-signos","10":"first","11":"instock","12":"sale","13":"sold-individually","14":"taxable","15":"shipping-taxable","16":"purchasable","17":"product-type-simple"},"yoast_head":"<!-- This site is optimized with the Yoast SEO plugin v25.1 - https:\/\/yoast.com\/wordpress\/plugins\/seo\/ -->\n<title>Amuleto Zod\u00edaco: LE\u00c3O - MyStore - By STLFLIX<\/title>\n<meta name=\"robots\" content=\"index, follow, max-snippet:-1, max-image-preview:large, max-video-preview:-1\" \/>\n<link rel=\"canonical\" href=\"https:\/\/my.stlflix.com\/es\/product\/leo-66baacb8321f5\/\" \/>\n<meta property=\"og:locale\" content=\"tr_TR\" \/>\n<meta property=\"og:type\" content=\"article\" \/>\n<meta property=\"og:title\" content=\"Amuleto Zod\u00edaco: LE\u00c3O - MyStore - By STLFLIX\" \/>\n<meta property=\"og:description\" content=\"Desperte a for\u00e7a e a coragem que habitam em voc\u00ea com o Amuleto Zod\u00edaco de Le\u00e3o. Este poderoso talism\u00e3 \u00e9 cuidadosamente elaborado para amplificar as qualidades naturais dos leoninos, como a lideran\u00e7a, a autoconfian\u00e7a e a generosidade. Feito com materiais de alta qualidade, o amuleto apresenta um design elegante e sofisticado, perfeito para ser usado [&hellip;]\" \/>\n<meta property=\"og:url\" content=\"https:\/\/my.stlflix.com\/es\/product\/leo-66baacb8321f5\/\" \/>\n<meta property=\"og:site_name\" content=\"MyStore - By STLFLIX\" \/>\n<meta property=\"article:publisher\" content=\"https:\/\/www.facebook.com\/STLFLIX\" \/>\n<meta property=\"article:modified_time\" content=\"2024-12-22T11:17:33+00:00\" \/>\n<meta property=\"og:image\" content=\"https:\/\/my.stlflix.com\/wp-content\/uploads\/2024\/08\/Leo_thumb_df8f63f8fe.png\" \/>\n\t<meta property=\"og:image:width\" content=\"1080\" \/>\n\t<meta property=\"og:image:height\" content=\"1350\" \/>\n\t<meta property=\"og:image:type\" content=\"image\/png\" \/>\n<meta name=\"twitter:card\" content=\"summary_large_image\" \/>\n<meta name=\"twitter:label1\" content=\"Est. reading time\" \/>\n\t<meta name=\"twitter:data1\" content=\"1 minute\" \/>\n<script type=\"application\/ld+json\" class=\"yoast-schema-graph\">{\"@context\":\"https:\/\/schema.org\",\"@graph\":[{\"@type\":\"WebPage\",\"@id\":\"https:\/\/my.stlflix.com\/es\/product\/leo-66baacb8321f5\/\",\"url\":\"https:\/\/my.stlflix.com\/es\/product\/leo-66baacb8321f5\/\",\"name\":\"Amuleto Zod\u00edaco: LE\u00c3O - MyStore - By STLFLIX\",\"isPartOf\":{\"@id\":\"https:\/\/my.stlflix.com\/tr\/#website\"},\"primaryImageOfPage\":{\"@id\":\"https:\/\/my.stlflix.com\/es\/product\/leo-66baacb8321f5\/#primaryimage\"},\"image\":{\"@id\":\"https:\/\/my.stlflix.com\/es\/product\/leo-66baacb8321f5\/#primaryimage\"},\"thumbnailUrl\":\"https:\/\/my.stlflix.com\/wp-content\/uploads\/2024\/08\/Leo_thumb_df8f63f8fe.png\",\"datePublished\":\"2024-08-16T03:08:53+00:00\",\"dateModified\":\"2024-12-22T11:17:33+00:00\",\"breadcrumb\":{\"@id\":\"https:\/\/my.stlflix.com\/es\/product\/leo-66baacb8321f5\/#breadcrumb\"},\"inLanguage\":\"tr-TR\",\"potentialAction\":[{\"@type\":\"ReadAction\",\"target\":[\"https:\/\/my.stlflix.com\/es\/product\/leo-66baacb8321f5\/\"]}]},{\"@type\":\"ImageObject\",\"inLanguage\":\"tr-TR\",\"@id\":\"https:\/\/my.stlflix.com\/es\/product\/leo-66baacb8321f5\/#primaryimage\",\"url\":\"https:\/\/my.stlflix.com\/wp-content\/uploads\/2024\/08\/Leo_thumb_df8f63f8fe.png\",\"contentUrl\":\"https:\/\/my.stlflix.com\/wp-content\/uploads\/2024\/08\/Leo_thumb_df8f63f8fe.png\",\"width\":1080,\"height\":1350},{\"@type\":\"BreadcrumbList\",\"@id\":\"https:\/\/my.stlflix.com\/es\/product\/leo-66baacb8321f5\/#breadcrumb\",\"itemListElement\":[{\"@type\":\"ListItem\",\"position\":1,\"name\":\"Home\",\"item\":\"https:\/\/my.stlflix.com\/\"},{\"@type\":\"ListItem\",\"position\":2,\"name\":\"Products\",\"item\":\"https:\/\/my.stlflix.com\/fr\/shop\/\"},{\"@type\":\"ListItem\",\"position\":3,\"name\":\"Amuleto Zod\u00edaco: LE\u00c3O\"}]},{\"@type\":\"WebSite\",\"@id\":\"https:\/\/my.stlflix.com\/tr\/#website\",\"url\":\"https:\/\/my.stlflix.com\/tr\/\",\"name\":\"MyStore - By STLFLIX\",\"description\":\"\",\"publisher\":{\"@id\":\"https:\/\/my.stlflix.com\/tr\/#organization\"},\"potentialAction\":[{\"@type\":\"SearchAction\",\"target\":{\"@type\":\"EntryPoint\",\"urlTemplate\":\"https:\/\/my.stlflix.com\/tr\/?s={search_term_string}\"},\"query-input\":{\"@type\":\"PropertyValueSpecification\",\"valueRequired\":true,\"valueName\":\"search_term_string\"}}],\"inLanguage\":\"tr-TR\"},{\"@type\":\"Organization\",\"@id\":\"https:\/\/my.stlflix.com\/tr\/#organization\",\"name\":\"MyStore - By STLFLIX\",\"url\":\"https:\/\/my.stlflix.com\/tr\/\",\"logo\":{\"@type\":\"ImageObject\",\"inLanguage\":\"tr-TR\",\"@id\":\"https:\/\/my.stlflix.com\/tr\/#\/schema\/logo\/image\/\",\"url\":\"https:\/\/my.stlflix.com\/wp-content\/uploads\/2024\/06\/logo-mystore.png\",\"contentUrl\":\"https:\/\/my.stlflix.com\/wp-content\/uploads\/2024\/06\/logo-mystore.png\",\"width\":150,\"height\":41,\"caption\":\"MyStore - By STLFLIX\"},\"image\":{\"@id\":\"https:\/\/my.stlflix.com\/tr\/#\/schema\/logo\/image\/\"},\"sameAs\":[\"https:\/\/www.facebook.com\/STLFLIX\",\"https:\/\/www.instagram.com\/stlflix_\/\",\"https:\/\/www.tiktok.com\/@stlflix\"]}]}<\/script>\n<!-- \/ Yoast SEO plugin. -->","yoast_head_json":{"title":"Amuleto Zod\u00edaco: LE\u00c3O - MyStore - By STLFLIX","robots":{"index":"index","follow":"follow","max-snippet":"max-snippet:-1","max-image-preview":"max-image-preview:large","max-video-preview":"max-video-preview:-1"},"canonical":"https:\/\/my.stlflix.com\/es\/product\/leo-66baacb8321f5\/","og_locale":"tr_TR","og_type":"article","og_title":"Amuleto Zod\u00edaco: LE\u00c3O - MyStore - By STLFLIX","og_description":"Desperte a for\u00e7a e a coragem que habitam em voc\u00ea com o Amuleto Zod\u00edaco de Le\u00e3o. Este poderoso talism\u00e3 \u00e9 cuidadosamente elaborado para amplificar as qualidades naturais dos leoninos, como a lideran\u00e7a, a autoconfian\u00e7a e a generosidade. Feito com materiais de alta qualidade, o amuleto apresenta um design elegante e sofisticado, perfeito para ser usado [&hellip;]","og_url":"https:\/\/my.stlflix.com\/es\/product\/leo-66baacb8321f5\/","og_site_name":"MyStore - By STLFLIX","article_publisher":"https:\/\/www.facebook.com\/STLFLIX","article_modified_time":"2024-12-22T11:17:33+00:00","og_image":[{"width":1080,"height":1350,"url":"https:\/\/my.stlflix.com\/wp-content\/uploads\/2024\/08\/Leo_thumb_df8f63f8fe.png","type":"image\/png"}],"twitter_card":"summary_large_image","twitter_misc":{"Est. reading time":"1 minute"},"schema":{"@context":"https:\/\/schema.org","@graph":[{"@type":"WebPage","@id":"https:\/\/my.stlflix.com\/es\/product\/leo-66baacb8321f5\/","url":"https:\/\/my.stlflix.com\/es\/product\/leo-66baacb8321f5\/","name":"Amuleto Zod\u00edaco: LE\u00c3O - MyStore - By STLFLIX","isPartOf":{"@id":"https:\/\/my.stlflix.com\/tr\/#website"},"primaryImageOfPage":{"@id":"https:\/\/my.stlflix.com\/es\/product\/leo-66baacb8321f5\/#primaryimage"},"image":{"@id":"https:\/\/my.stlflix.com\/es\/product\/leo-66baacb8321f5\/#primaryimage"},"thumbnailUrl":"https:\/\/my.stlflix.com\/wp-content\/uploads\/2024\/08\/Leo_thumb_df8f63f8fe.png","datePublished":"2024-08-16T03:08:53+00:00","dateModified":"2024-12-22T11:17:33+00:00","breadcrumb":{"@id":"https:\/\/my.stlflix.com\/es\/product\/leo-66baacb8321f5\/#breadcrumb"},"inLanguage":"tr-TR","potentialAction":[{"@type":"ReadAction","target":["https:\/\/my.stlflix.com\/es\/product\/leo-66baacb8321f5\/"]}]},{"@type":"ImageObject","inLanguage":"tr-TR","@id":"https:\/\/my.stlflix.com\/es\/product\/leo-66baacb8321f5\/#primaryimage","url":"https:\/\/my.stlflix.com\/wp-content\/uploads\/2024\/08\/Leo_thumb_df8f63f8fe.png","contentUrl":"https:\/\/my.stlflix.com\/wp-content\/uploads\/2024\/08\/Leo_thumb_df8f63f8fe.png","width":1080,"height":1350},{"@type":"BreadcrumbList","@id":"https:\/\/my.stlflix.com\/es\/product\/leo-66baacb8321f5\/#breadcrumb","itemListElement":[{"@type":"ListItem","position":1,"name":"Home","item":"https:\/\/my.stlflix.com\/"},{"@type":"ListItem","position":2,"name":"Products","item":"https:\/\/my.stlflix.com\/fr\/shop\/"},{"@type":"ListItem","position":3,"name":"Amuleto Zod\u00edaco: LE\u00c3O"}]},{"@type":"WebSite","@id":"https:\/\/my.stlflix.com\/tr\/#website","url":"https:\/\/my.stlflix.com\/tr\/","name":"MyStore - By STLFLIX","description":"","publisher":{"@id":"https:\/\/my.stlflix.com\/tr\/#organization"},"potentialAction":[{"@type":"SearchAction","target":{"@type":"EntryPoint","urlTemplate":"https:\/\/my.stlflix.com\/tr\/?s={search_term_string}"},"query-input":{"@type":"PropertyValueSpecification","valueRequired":true,"valueName":"search_term_string"}}],"inLanguage":"tr-TR"},{"@type":"Organization","@id":"https:\/\/my.stlflix.com\/tr\/#organization","name":"MyStore - By STLFLIX","url":"https:\/\/my.stlflix.com\/tr\/","logo":{"@type":"ImageObject","inLanguage":"tr-TR","@id":"https:\/\/my.stlflix.com\/tr\/#\/schema\/logo\/image\/","url":"https:\/\/my.stlflix.com\/wp-content\/uploads\/2024\/06\/logo-mystore.png","contentUrl":"https:\/\/my.stlflix.com\/wp-content\/uploads\/2024\/06\/logo-mystore.png","width":150,"height":41,"caption":"MyStore - By STLFLIX"},"image":{"@id":"https:\/\/my.stlflix.com\/tr\/#\/schema\/logo\/image\/"},"sameAs":["https:\/\/www.facebook.com\/STLFLIX","https:\/\/www.instagram.com\/stlflix_\/","https:\/\/www.tiktok.com\/@stlflix"]}]}},"_links":{"self":[{"href":"https:\/\/my.stlflix.com\/tr\/wp-json\/wp\/v2\/product\/56974","targetHints":{"allow":["GET"]}}],"collection":[{"href":"https:\/\/my.stlflix.com\/tr\/wp-json\/wp\/v2\/product"}],"about":[{"href":"https:\/\/my.stlflix.com\/tr\/wp-json\/wp\/v2\/types\/product"}],"replies":[{"embeddable":true,"href":"https:\/\/my.stlflix.com\/tr\/wp-json\/wp\/v2\/comments?post=56974"}],"wp:featuredmedia":[{"embeddable":true,"href":"https:\/\/my.stlflix.com\/tr\/wp-json\/wp\/v2\/media\/55344"}],"wp:attachment":[{"href":"https:\/\/my.stlflix.com\/tr\/wp-json\/wp\/v2\/media?parent=56974"}],"wp:term":[{"taxonomy":"product_brand","embeddable":true,"href":"https:\/\/my.stlflix.com\/tr\/wp-json\/wp\/v2\/product_brand?post=56974"},{"taxonomy":"product_cat","embeddable":true,"href":"https:\/\/my.stlflix.com\/tr\/wp-json\/wp\/v2\/product_cat?post=56974"},{"taxonomy":"product_tag","embeddable":true,"href":"https:\/\/my.stlflix.com\/tr\/wp-json\/wp\/v2\/product_tag?post=56974"}],"curies":[{"name":"wp","href":"https:\/\/api.w.org\/{rel}","templated":true}]}}