{"id":61372,"date":"2024-08-15T16:05:38","date_gmt":"2024-08-15T16:05:38","guid":{"rendered":"https:\/\/my.stlflix.com\/?post_type=product&#038;p=61372"},"modified":"2025-05-15T15:51:26","modified_gmt":"2025-05-15T15:51:26","slug":"chaveiro-dragao-guardiao","status":"publish","type":"product","link":"https:\/\/my.stlflix.com\/tr\/product\/chaveiro-dragao-guardiao\/","title":{"rendered":"Chaveiro Drag\u00e3o Guardi\u00e3o"},"content":{"rendered":"<p>PRODUTO EM COR \u00daNICA!<\/p>\n<p>Transforme suas chaves em uma declara\u00e7\u00e3o de estilo com o Chaveiro Drag\u00e3o Guardi\u00e3o. Este acess\u00f3rio impressionante apresenta um design detalhado e reluzente, capturando a majestade e o mist\u00e9rio dos drag\u00f5es lend\u00e1rios. Feito com materiais de alta qualidade, \u00e9 perfeito para quem deseja adicionar um toque de fantasia ao dia a dia. Seja para uso pessoal ou como presente, o chaveiro Drag\u00e3o Guardi\u00e3o \u00e9 uma pe\u00e7a \u00fanica que certamente encantar\u00e1 e proteger\u00e1 suas chaves com um toque de magia.<\/p>\n","protected":false},"excerpt":{"rendered":"<p>PRODUTO EM COR \u00daNICA! Transforme suas chaves em uma declara\u00e7\u00e3o de estilo com o Chaveiro Drag\u00e3o Guardi\u00e3o. Este acess\u00f3rio impressionante apresenta um design detalhado e reluzente, capturando a majestade e o mist\u00e9rio dos drag\u00f5es lend\u00e1rios. Feito com materiais de alta qualidade, \u00e9 perfeito para quem deseja adicionar um toque de fantasia ao dia a dia. [&hellip;]<\/p>\n","protected":false},"featured_media":69843,"comment_status":"open","ping_status":"closed","template":"","meta":[],"product_brand":[],"product_cat":[19],"product_tag":[550],"class_list":{"0":"post-61372","1":"product","2":"type-product","3":"status-publish","4":"has-post-thumbnail","6":"product_cat-animals","7":"product_tag-chaveirinhos","9":"first","10":"instock","11":"shipping-taxable","12":"purchasable","13":"product-type-variable"},"yoast_head":"<!-- This site is optimized with the Yoast SEO plugin v25.1 - https:\/\/yoast.com\/wordpress\/plugins\/seo\/ -->\n<title>Chaveiro Drag\u00e3o Guardi\u00e3o - J&amp;D Print Store<\/title>\n<meta name=\"description\" content=\"Transforme suas chaves em uma declara\u00e7\u00e3o de estilo com o Chaveiro Drag\u00e3o Guardi\u00e3o. Este acess\u00f3rio impressionante apresenta um design detalhado e reluzente, capturando a majestade e o mist\u00e9rio dos drag\u00f5es lend\u00e1rios.\" \/>\n<meta name=\"robots\" content=\"index, follow, max-snippet:-1, max-image-preview:large, max-video-preview:-1\" \/>\n<link rel=\"canonical\" href=\"https:\/\/my.stlflix.com\/product\/chaveiro-dragao-guardiao\/\" \/>\n<meta property=\"og:locale\" content=\"tr_TR\" \/>\n<meta property=\"og:type\" content=\"article\" \/>\n<meta property=\"og:title\" content=\"Chaveiro Drag\u00e3o Guardi\u00e3o - J&amp;D Print Store\" \/>\n<meta property=\"og:description\" content=\"Transforme suas chaves em uma declara\u00e7\u00e3o de estilo com o Chaveiro Drag\u00e3o Guardi\u00e3o. Este acess\u00f3rio impressionante apresenta um design detalhado e reluzente, capturando a majestade e o mist\u00e9rio dos drag\u00f5es lend\u00e1rios.\" \/>\n<meta property=\"og:url\" content=\"https:\/\/my.stlflix.com\/product\/chaveiro-dragao-guardiao\/\" \/>\n<meta property=\"og:site_name\" content=\"MyStore - By STLFLIX\" \/>\n<meta property=\"article:publisher\" content=\"https:\/\/www.facebook.com\/STLFLIX\" \/>\n<meta property=\"article:modified_time\" content=\"2025-05-15T15:51:26+00:00\" \/>\n<meta property=\"og:image\" content=\"https:\/\/my.stlflix.com\/wp-content\/uploads\/2024\/08\/Epic_Dragon_Keychain_1_f9585e3deb.jpg\" \/>\n\t<meta property=\"og:image:width\" content=\"1080\" \/>\n\t<meta property=\"og:image:height\" content=\"1350\" \/>\n\t<meta property=\"og:image:type\" content=\"image\/jpeg\" \/>\n<meta name=\"twitter:card\" content=\"summary_large_image\" \/>\n<script type=\"application\/ld+json\" class=\"yoast-schema-graph\">{\"@context\":\"https:\/\/schema.org\",\"@graph\":[{\"@type\":\"WebPage\",\"@id\":\"https:\/\/my.stlflix.com\/product\/chaveiro-dragao-guardiao\/\",\"url\":\"https:\/\/my.stlflix.com\/product\/chaveiro-dragao-guardiao\/\",\"name\":\"Chaveiro Drag\u00e3o Guardi\u00e3o - J&D Print Store\",\"isPartOf\":{\"@id\":\"https:\/\/my.stlflix.com\/tr\/#website\"},\"primaryImageOfPage\":{\"@id\":\"https:\/\/my.stlflix.com\/product\/chaveiro-dragao-guardiao\/#primaryimage\"},\"image\":{\"@id\":\"https:\/\/my.stlflix.com\/product\/chaveiro-dragao-guardiao\/#primaryimage\"},\"thumbnailUrl\":\"https:\/\/my.stlflix.com\/wp-content\/uploads\/2024\/08\/Epic_Dragon_Keychain_1_f9585e3deb.jpg\",\"datePublished\":\"2024-08-15T16:05:38+00:00\",\"dateModified\":\"2025-05-15T15:51:26+00:00\",\"description\":\"Transforme suas chaves em uma declara\u00e7\u00e3o de estilo com o Chaveiro Drag\u00e3o Guardi\u00e3o. Este acess\u00f3rio impressionante apresenta um design detalhado e reluzente, capturando a majestade e o mist\u00e9rio dos drag\u00f5es lend\u00e1rios.\",\"breadcrumb\":{\"@id\":\"https:\/\/my.stlflix.com\/product\/chaveiro-dragao-guardiao\/#breadcrumb\"},\"inLanguage\":\"tr-TR\",\"potentialAction\":[{\"@type\":\"ReadAction\",\"target\":[\"https:\/\/my.stlflix.com\/product\/chaveiro-dragao-guardiao\/\"]}]},{\"@type\":\"ImageObject\",\"inLanguage\":\"tr-TR\",\"@id\":\"https:\/\/my.stlflix.com\/product\/chaveiro-dragao-guardiao\/#primaryimage\",\"url\":\"https:\/\/my.stlflix.com\/wp-content\/uploads\/2024\/08\/Epic_Dragon_Keychain_1_f9585e3deb.jpg\",\"contentUrl\":\"https:\/\/my.stlflix.com\/wp-content\/uploads\/2024\/08\/Epic_Dragon_Keychain_1_f9585e3deb.jpg\",\"width\":1080,\"height\":1350},{\"@type\":\"BreadcrumbList\",\"@id\":\"https:\/\/my.stlflix.com\/product\/chaveiro-dragao-guardiao\/#breadcrumb\",\"itemListElement\":[{\"@type\":\"ListItem\",\"position\":1,\"name\":\"Home\",\"item\":\"https:\/\/my.stlflix.com\/\"},{\"@type\":\"ListItem\",\"position\":2,\"name\":\"Products\",\"item\":\"https:\/\/my.stlflix.com\/fr\/shop\/\"},{\"@type\":\"ListItem\",\"position\":3,\"name\":\"Chaveiro Drag\u00e3o Guardi\u00e3o\"}]},{\"@type\":\"WebSite\",\"@id\":\"https:\/\/my.stlflix.com\/tr\/#website\",\"url\":\"https:\/\/my.stlflix.com\/tr\/\",\"name\":\"MyStore - By STLFLIX\",\"description\":\"\",\"publisher\":{\"@id\":\"https:\/\/my.stlflix.com\/tr\/#organization\"},\"potentialAction\":[{\"@type\":\"SearchAction\",\"target\":{\"@type\":\"EntryPoint\",\"urlTemplate\":\"https:\/\/my.stlflix.com\/tr\/?s={search_term_string}\"},\"query-input\":{\"@type\":\"PropertyValueSpecification\",\"valueRequired\":true,\"valueName\":\"search_term_string\"}}],\"inLanguage\":\"tr-TR\"},{\"@type\":\"Organization\",\"@id\":\"https:\/\/my.stlflix.com\/tr\/#organization\",\"name\":\"MyStore - By STLFLIX\",\"url\":\"https:\/\/my.stlflix.com\/tr\/\",\"logo\":{\"@type\":\"ImageObject\",\"inLanguage\":\"tr-TR\",\"@id\":\"https:\/\/my.stlflix.com\/tr\/#\/schema\/logo\/image\/\",\"url\":\"https:\/\/my.stlflix.com\/wp-content\/uploads\/2024\/06\/logo-mystore.png\",\"contentUrl\":\"https:\/\/my.stlflix.com\/wp-content\/uploads\/2024\/06\/logo-mystore.png\",\"width\":150,\"height\":41,\"caption\":\"MyStore - By STLFLIX\"},\"image\":{\"@id\":\"https:\/\/my.stlflix.com\/tr\/#\/schema\/logo\/image\/\"},\"sameAs\":[\"https:\/\/www.facebook.com\/STLFLIX\",\"https:\/\/www.instagram.com\/stlflix_\/\",\"https:\/\/www.tiktok.com\/@stlflix\"]}]}<\/script>\n<!-- \/ Yoast SEO plugin. -->","yoast_head_json":{"title":"Chaveiro Drag\u00e3o Guardi\u00e3o - J&D Print Store","description":"Transforme suas chaves em uma declara\u00e7\u00e3o de estilo com o Chaveiro Drag\u00e3o Guardi\u00e3o. Este acess\u00f3rio impressionante apresenta um design detalhado e reluzente, capturando a majestade e o mist\u00e9rio dos drag\u00f5es lend\u00e1rios.","robots":{"index":"index","follow":"follow","max-snippet":"max-snippet:-1","max-image-preview":"max-image-preview:large","max-video-preview":"max-video-preview:-1"},"canonical":"https:\/\/my.stlflix.com\/product\/chaveiro-dragao-guardiao\/","og_locale":"tr_TR","og_type":"article","og_title":"Chaveiro Drag\u00e3o Guardi\u00e3o - J&D Print Store","og_description":"Transforme suas chaves em uma declara\u00e7\u00e3o de estilo com o Chaveiro Drag\u00e3o Guardi\u00e3o. Este acess\u00f3rio impressionante apresenta um design detalhado e reluzente, capturando a majestade e o mist\u00e9rio dos drag\u00f5es lend\u00e1rios.","og_url":"https:\/\/my.stlflix.com\/product\/chaveiro-dragao-guardiao\/","og_site_name":"MyStore - By STLFLIX","article_publisher":"https:\/\/www.facebook.com\/STLFLIX","article_modified_time":"2025-05-15T15:51:26+00:00","og_image":[{"width":1080,"height":1350,"url":"https:\/\/my.stlflix.com\/wp-content\/uploads\/2024\/08\/Epic_Dragon_Keychain_1_f9585e3deb.jpg","type":"image\/jpeg"}],"twitter_card":"summary_large_image","schema":{"@context":"https:\/\/schema.org","@graph":[{"@type":"WebPage","@id":"https:\/\/my.stlflix.com\/product\/chaveiro-dragao-guardiao\/","url":"https:\/\/my.stlflix.com\/product\/chaveiro-dragao-guardiao\/","name":"Chaveiro Drag\u00e3o Guardi\u00e3o - J&D Print Store","isPartOf":{"@id":"https:\/\/my.stlflix.com\/tr\/#website"},"primaryImageOfPage":{"@id":"https:\/\/my.stlflix.com\/product\/chaveiro-dragao-guardiao\/#primaryimage"},"image":{"@id":"https:\/\/my.stlflix.com\/product\/chaveiro-dragao-guardiao\/#primaryimage"},"thumbnailUrl":"https:\/\/my.stlflix.com\/wp-content\/uploads\/2024\/08\/Epic_Dragon_Keychain_1_f9585e3deb.jpg","datePublished":"2024-08-15T16:05:38+00:00","dateModified":"2025-05-15T15:51:26+00:00","description":"Transforme suas chaves em uma declara\u00e7\u00e3o de estilo com o Chaveiro Drag\u00e3o Guardi\u00e3o. Este acess\u00f3rio impressionante apresenta um design detalhado e reluzente, capturando a majestade e o mist\u00e9rio dos drag\u00f5es lend\u00e1rios.","breadcrumb":{"@id":"https:\/\/my.stlflix.com\/product\/chaveiro-dragao-guardiao\/#breadcrumb"},"inLanguage":"tr-TR","potentialAction":[{"@type":"ReadAction","target":["https:\/\/my.stlflix.com\/product\/chaveiro-dragao-guardiao\/"]}]},{"@type":"ImageObject","inLanguage":"tr-TR","@id":"https:\/\/my.stlflix.com\/product\/chaveiro-dragao-guardiao\/#primaryimage","url":"https:\/\/my.stlflix.com\/wp-content\/uploads\/2024\/08\/Epic_Dragon_Keychain_1_f9585e3deb.jpg","contentUrl":"https:\/\/my.stlflix.com\/wp-content\/uploads\/2024\/08\/Epic_Dragon_Keychain_1_f9585e3deb.jpg","width":1080,"height":1350},{"@type":"BreadcrumbList","@id":"https:\/\/my.stlflix.com\/product\/chaveiro-dragao-guardiao\/#breadcrumb","itemListElement":[{"@type":"ListItem","position":1,"name":"Home","item":"https:\/\/my.stlflix.com\/"},{"@type":"ListItem","position":2,"name":"Products","item":"https:\/\/my.stlflix.com\/fr\/shop\/"},{"@type":"ListItem","position":3,"name":"Chaveiro Drag\u00e3o Guardi\u00e3o"}]},{"@type":"WebSite","@id":"https:\/\/my.stlflix.com\/tr\/#website","url":"https:\/\/my.stlflix.com\/tr\/","name":"MyStore - By STLFLIX","description":"","publisher":{"@id":"https:\/\/my.stlflix.com\/tr\/#organization"},"potentialAction":[{"@type":"SearchAction","target":{"@type":"EntryPoint","urlTemplate":"https:\/\/my.stlflix.com\/tr\/?s={search_term_string}"},"query-input":{"@type":"PropertyValueSpecification","valueRequired":true,"valueName":"search_term_string"}}],"inLanguage":"tr-TR"},{"@type":"Organization","@id":"https:\/\/my.stlflix.com\/tr\/#organization","name":"MyStore - By STLFLIX","url":"https:\/\/my.stlflix.com\/tr\/","logo":{"@type":"ImageObject","inLanguage":"tr-TR","@id":"https:\/\/my.stlflix.com\/tr\/#\/schema\/logo\/image\/","url":"https:\/\/my.stlflix.com\/wp-content\/uploads\/2024\/06\/logo-mystore.png","contentUrl":"https:\/\/my.stlflix.com\/wp-content\/uploads\/2024\/06\/logo-mystore.png","width":150,"height":41,"caption":"MyStore - By STLFLIX"},"image":{"@id":"https:\/\/my.stlflix.com\/tr\/#\/schema\/logo\/image\/"},"sameAs":["https:\/\/www.facebook.com\/STLFLIX","https:\/\/www.instagram.com\/stlflix_\/","https:\/\/www.tiktok.com\/@stlflix"]}]}},"_links":{"self":[{"href":"https:\/\/my.stlflix.com\/tr\/wp-json\/wp\/v2\/product\/61372","targetHints":{"allow":["GET"]}}],"collection":[{"href":"https:\/\/my.stlflix.com\/tr\/wp-json\/wp\/v2\/product"}],"about":[{"href":"https:\/\/my.stlflix.com\/tr\/wp-json\/wp\/v2\/types\/product"}],"replies":[{"embeddable":true,"href":"https:\/\/my.stlflix.com\/tr\/wp-json\/wp\/v2\/comments?post=61372"}],"wp:featuredmedia":[{"embeddable":true,"href":"https:\/\/my.stlflix.com\/tr\/wp-json\/wp\/v2\/media\/69843"}],"wp:attachment":[{"href":"https:\/\/my.stlflix.com\/tr\/wp-json\/wp\/v2\/media?parent=61372"}],"wp:term":[{"taxonomy":"product_brand","embeddable":true,"href":"https:\/\/my.stlflix.com\/tr\/wp-json\/wp\/v2\/product_brand?post=61372"},{"taxonomy":"product_cat","embeddable":true,"href":"https:\/\/my.stlflix.com\/tr\/wp-json\/wp\/v2\/product_cat?post=61372"},{"taxonomy":"product_tag","embeddable":true,"href":"https:\/\/my.stlflix.com\/tr\/wp-json\/wp\/v2\/product_tag?post=61372"}],"curies":[{"name":"wp","href":"https:\/\/api.w.org\/{rel}","templated":true}]}}