{"id":63792,"date":"2024-08-14T14:54:10","date_gmt":"2024-08-14T14:54:10","guid":{"rendered":"https:\/\/my.stlflix.com\/?post_type=product&#038;p=63792"},"modified":"2024-12-22T11:22:54","modified_gmt":"2024-12-22T11:22:54","slug":"spexxer","status":"publish","type":"product","link":"https:\/\/my.stlflix.com\/tr\/product\/spexxer\/","title":{"rendered":"5er Pack SpeXXer Brillenhalter \/ Sonnenbrillenhalter \/ Kopfh\u00f6rerhalter"},"content":{"rendered":"<p>Willst du deine Lieblingsbrille oder Sonnenbrille immer griffbereit haben und dabei noch Platz sparen? Dann haben wir die L\u00f6sung f\u00fcr dich! Unsere Brillenhalter sind der perfekte Helfer f\u00fcr deine geliebten Brillen. Durch die minimalistische und dezenten Form passen sie in jedes Zimmer und sind dabei immer ein Hingucker.<\/p>\n<p>Die Halter werden einfach an der Wand angebracht und bestehen aus einem Dreieck, das durch seine Form die ideale Ablage f\u00fcr eine Brille oder Sonnenbrille bietet. Mit den Ma\u00dfen 48x43x40 B\/T\/H, sind sie kompakt genug, um nicht viel Platz in Anspruch zu nehmen und trotzdem gro\u00df genug, um deine Brille oder Sonnenbrille sicher und griffbereit aufzubewahren.<\/p>\n<p>Die R\u00fcckseite der Brillenhalter ist mit doppelseitigen Klebepunkten versehen, so dass sie sich einfach an der Wand anbringen lassen. Dabei hinterlassen sie keine R\u00fcckst\u00e4nde und k\u00f6nnen r\u00fcckstandslos entfernt werden.<\/p>\n<p>Unsere Brillenhalter sind im praktischen 5er Pack erh\u00e4ltlich, so dass du mehrere Brillen oder Sonnenbrillen an der Wand aufbewahren und pr\u00e4sentieren kannst.<\/p>\n<p>Wir bieten unsere Brillenhalter in verschiedenen Farben an, damit sie perfekt in dein Wohnambiente passen. Ob klassisches Schwarz, edles Gold oder knalliges Pink, bei uns findest du garantiert die passende Farbe.<\/p>\n<p>Unsere Brillenhalter sind nicht nur praktisch, sondern auch hochwertig verarbeitet. Wir verwenden nur hochwertige Materialien, um sicherzustellen, dass du lange Freude an deinem Brillenhalter hast.<\/p>\n<p>Also, worauf wartest du noch? Bestelle jetzt deine Brillenhalter im 5er Pack und organisiere deine Brillen oder Sonnenbrillen stilvoll, platzsparend und ganz einfach ohne Bohren!<\/p>\n<p>Weitere Farben auf Anfrage!<\/p>\n<p>Bitte beachte, dass es einige Brillen gibt, die tiefer sind als 40mm. Sollte dies der Fall sein, bieten wir dir auch eine gr\u00f6\u00dfere Variante an. Dann w\u00e4hle die XXL-Variante (60mm).<\/p>\n<p>Umwelt:<br \/>\nPLA ist umweltfreundlich, weil es biologisch abbaubar ist, was bedeutet, dass es sich in der Natur im Laufe der Zeit abbaut, ohne die Umwelt zu verschmutzen.<br \/>\nPLA ist eine gute Alternative zu herk\u00f6mmlichem Plastik, da es weniger sch\u00e4dlich f\u00fcr die Umwelt ist.<\/p>\n<p>Bitte beachten Sie, dass bei Bestellungen von mehreren Einheiten aufgrund der Eigenschaften der recycelten Materialien leichte Farbabweichungen auftreten k\u00f6nnen. Bei einer vollst\u00e4ndigen Bestellung tritt dieser Effekt jedoch nicht auf.<\/p>\n","protected":false},"excerpt":{"rendered":"<p>Willst du deine Lieblingsbrille oder Sonnenbrille immer griffbereit haben und dabei noch Platz sparen? Dann haben wir die L\u00f6sung f\u00fcr dich! Unsere Brillenhalter sind der perfekte Helfer f\u00fcr deine geliebten Brillen. Durch die minimalistische und dezenten Form passen sie in jedes Zimmer und sind dabei immer ein Hingucker. Die Halter werden einfach an der Wand [&hellip;]<\/p>\n","protected":false},"featured_media":63793,"comment_status":"open","ping_status":"closed","template":"","meta":[],"product_brand":[],"product_cat":[15],"product_tag":[421],"class_list":{"0":"post-63792","1":"product","2":"type-product","3":"status-publish","4":"has-post-thumbnail","6":"product_cat-uncategorized","7":"product_tag-acessorios-de-bar","9":"first","10":"instock","11":"sale","12":"shipping-taxable","13":"purchasable","14":"product-type-variable","15":"has-default-attributes"},"yoast_head":"<!-- This site is optimized with the Yoast SEO plugin v25.1 - https:\/\/yoast.com\/wordpress\/plugins\/seo\/ -->\n<title>5er Pack SpeXXer Brillenhalter \/ Sonnenbrillenhalter \/ Kopfh\u00f6rerhalter - MyStore - By STLFLIX<\/title>\n<meta name=\"robots\" content=\"index, follow, max-snippet:-1, max-image-preview:large, max-video-preview:-1\" \/>\n<link rel=\"canonical\" href=\"https:\/\/www.lojadomandela3d.biz\/product\/spexxer\/\" \/>\n<meta property=\"og:locale\" content=\"tr_TR\" \/>\n<meta property=\"og:type\" content=\"article\" \/>\n<meta property=\"og:title\" content=\"5er Pack SpeXXer Brillenhalter \/ Sonnenbrillenhalter \/ Kopfh\u00f6rerhalter - MyStore - By STLFLIX\" \/>\n<meta property=\"og:description\" content=\"Willst du deine Lieblingsbrille oder Sonnenbrille immer griffbereit haben und dabei noch Platz sparen? Dann haben wir die L\u00f6sung f\u00fcr dich! Unsere Brillenhalter sind der perfekte Helfer f\u00fcr deine geliebten Brillen. Durch die minimalistische und dezenten Form passen sie in jedes Zimmer und sind dabei immer ein Hingucker. Die Halter werden einfach an der Wand [&hellip;]\" \/>\n<meta property=\"og:url\" content=\"https:\/\/www.lojadomandela3d.biz\/product\/spexxer\/\" \/>\n<meta property=\"og:site_name\" content=\"MyStore - By STLFLIX\" \/>\n<meta property=\"article:publisher\" content=\"https:\/\/www.facebook.com\/STLFLIX\" \/>\n<meta property=\"article:modified_time\" content=\"2024-12-22T11:22:54+00:00\" \/>\n<meta property=\"og:image\" content=\"https:\/\/www.lojadomandela3d.biz\/wp-content\/uploads\/2024\/08\/Bildschirmfoto-2024-08-14-um-16.59.45-1024x769.png\" \/>\n\t<meta property=\"og:image:width\" content=\"1024\" \/>\n\t<meta property=\"og:image:height\" content=\"769\" \/>\n\t<meta property=\"og:image:type\" content=\"image\/png\" \/>\n<meta name=\"twitter:card\" content=\"summary_large_image\" \/>\n<meta name=\"twitter:label1\" content=\"Est. reading time\" \/>\n\t<meta name=\"twitter:data1\" content=\"2 minutes\" \/>\n<script type=\"application\/ld+json\" class=\"yoast-schema-graph\">{\"@context\":\"https:\/\/schema.org\",\"@graph\":[{\"@type\":\"WebPage\",\"@id\":\"https:\/\/www.lojadomandela3d.biz\/product\/spexxer\/\",\"url\":\"https:\/\/www.lojadomandela3d.biz\/product\/spexxer\/\",\"name\":\"5er Pack SpeXXer Brillenhalter \/ Sonnenbrillenhalter \/ Kopfh\u00f6rerhalter - MyStore - By STLFLIX\",\"isPartOf\":{\"@id\":\"https:\/\/my.stlflix.com\/tr\/#website\"},\"primaryImageOfPage\":{\"@id\":\"https:\/\/www.lojadomandela3d.biz\/product\/spexxer\/#primaryimage\"},\"image\":{\"@id\":\"https:\/\/www.lojadomandela3d.biz\/product\/spexxer\/#primaryimage\"},\"thumbnailUrl\":\"https:\/\/my.stlflix.com\/wp-content\/uploads\/2024\/08\/Bildschirmfoto-2024-08-14-um-16.59.45.png\",\"datePublished\":\"2024-08-14T14:54:10+00:00\",\"dateModified\":\"2024-12-22T11:22:54+00:00\",\"breadcrumb\":{\"@id\":\"https:\/\/www.lojadomandela3d.biz\/product\/spexxer\/#breadcrumb\"},\"inLanguage\":\"tr-TR\",\"potentialAction\":[{\"@type\":\"ReadAction\",\"target\":[\"https:\/\/www.lojadomandela3d.biz\/product\/spexxer\/\"]}]},{\"@type\":\"ImageObject\",\"inLanguage\":\"tr-TR\",\"@id\":\"https:\/\/www.lojadomandela3d.biz\/product\/spexxer\/#primaryimage\",\"url\":\"https:\/\/my.stlflix.com\/wp-content\/uploads\/2024\/08\/Bildschirmfoto-2024-08-14-um-16.59.45.png\",\"contentUrl\":\"https:\/\/my.stlflix.com\/wp-content\/uploads\/2024\/08\/Bildschirmfoto-2024-08-14-um-16.59.45.png\",\"width\":1992,\"height\":1496},{\"@type\":\"BreadcrumbList\",\"@id\":\"https:\/\/www.lojadomandela3d.biz\/product\/spexxer\/#breadcrumb\",\"itemListElement\":[{\"@type\":\"ListItem\",\"position\":1,\"name\":\"Home\",\"item\":\"https:\/\/my.stlflix.com\/\"},{\"@type\":\"ListItem\",\"position\":2,\"name\":\"Products\",\"item\":\"https:\/\/my.stlflix.com\/fr\/shop\/\"},{\"@type\":\"ListItem\",\"position\":3,\"name\":\"5er Pack SpeXXer Brillenhalter \/ Sonnenbrillenhalter \/ Kopfh\u00f6rerhalter\"}]},{\"@type\":\"WebSite\",\"@id\":\"https:\/\/my.stlflix.com\/tr\/#website\",\"url\":\"https:\/\/my.stlflix.com\/tr\/\",\"name\":\"MyStore - By STLFLIX\",\"description\":\"\",\"publisher\":{\"@id\":\"https:\/\/my.stlflix.com\/tr\/#organization\"},\"potentialAction\":[{\"@type\":\"SearchAction\",\"target\":{\"@type\":\"EntryPoint\",\"urlTemplate\":\"https:\/\/my.stlflix.com\/tr\/?s={search_term_string}\"},\"query-input\":{\"@type\":\"PropertyValueSpecification\",\"valueRequired\":true,\"valueName\":\"search_term_string\"}}],\"inLanguage\":\"tr-TR\"},{\"@type\":\"Organization\",\"@id\":\"https:\/\/my.stlflix.com\/tr\/#organization\",\"name\":\"MyStore - By STLFLIX\",\"url\":\"https:\/\/my.stlflix.com\/tr\/\",\"logo\":{\"@type\":\"ImageObject\",\"inLanguage\":\"tr-TR\",\"@id\":\"https:\/\/my.stlflix.com\/tr\/#\/schema\/logo\/image\/\",\"url\":\"https:\/\/my.stlflix.com\/wp-content\/uploads\/2024\/06\/logo-mystore.png\",\"contentUrl\":\"https:\/\/my.stlflix.com\/wp-content\/uploads\/2024\/06\/logo-mystore.png\",\"width\":150,\"height\":41,\"caption\":\"MyStore - By STLFLIX\"},\"image\":{\"@id\":\"https:\/\/my.stlflix.com\/tr\/#\/schema\/logo\/image\/\"},\"sameAs\":[\"https:\/\/www.facebook.com\/STLFLIX\",\"https:\/\/www.instagram.com\/stlflix_\/\",\"https:\/\/www.tiktok.com\/@stlflix\"]}]}<\/script>\n<!-- \/ Yoast SEO plugin. -->","yoast_head_json":{"title":"5er Pack SpeXXer Brillenhalter \/ Sonnenbrillenhalter \/ Kopfh\u00f6rerhalter - MyStore - By STLFLIX","robots":{"index":"index","follow":"follow","max-snippet":"max-snippet:-1","max-image-preview":"max-image-preview:large","max-video-preview":"max-video-preview:-1"},"canonical":"https:\/\/www.lojadomandela3d.biz\/product\/spexxer\/","og_locale":"tr_TR","og_type":"article","og_title":"5er Pack SpeXXer Brillenhalter \/ Sonnenbrillenhalter \/ Kopfh\u00f6rerhalter - MyStore - By STLFLIX","og_description":"Willst du deine Lieblingsbrille oder Sonnenbrille immer griffbereit haben und dabei noch Platz sparen? Dann haben wir die L\u00f6sung f\u00fcr dich! Unsere Brillenhalter sind der perfekte Helfer f\u00fcr deine geliebten Brillen. Durch die minimalistische und dezenten Form passen sie in jedes Zimmer und sind dabei immer ein Hingucker. Die Halter werden einfach an der Wand [&hellip;]","og_url":"https:\/\/www.lojadomandela3d.biz\/product\/spexxer\/","og_site_name":"MyStore - By STLFLIX","article_publisher":"https:\/\/www.facebook.com\/STLFLIX","article_modified_time":"2024-12-22T11:22:54+00:00","og_image":[{"width":1024,"height":769,"url":"https:\/\/www.lojadomandela3d.biz\/wp-content\/uploads\/2024\/08\/Bildschirmfoto-2024-08-14-um-16.59.45-1024x769.png","type":"image\/png"}],"twitter_card":"summary_large_image","twitter_misc":{"Est. reading time":"2 minutes"},"schema":{"@context":"https:\/\/schema.org","@graph":[{"@type":"WebPage","@id":"https:\/\/www.lojadomandela3d.biz\/product\/spexxer\/","url":"https:\/\/www.lojadomandela3d.biz\/product\/spexxer\/","name":"5er Pack SpeXXer Brillenhalter \/ Sonnenbrillenhalter \/ Kopfh\u00f6rerhalter - MyStore - By STLFLIX","isPartOf":{"@id":"https:\/\/my.stlflix.com\/tr\/#website"},"primaryImageOfPage":{"@id":"https:\/\/www.lojadomandela3d.biz\/product\/spexxer\/#primaryimage"},"image":{"@id":"https:\/\/www.lojadomandela3d.biz\/product\/spexxer\/#primaryimage"},"thumbnailUrl":"https:\/\/my.stlflix.com\/wp-content\/uploads\/2024\/08\/Bildschirmfoto-2024-08-14-um-16.59.45.png","datePublished":"2024-08-14T14:54:10+00:00","dateModified":"2024-12-22T11:22:54+00:00","breadcrumb":{"@id":"https:\/\/www.lojadomandela3d.biz\/product\/spexxer\/#breadcrumb"},"inLanguage":"tr-TR","potentialAction":[{"@type":"ReadAction","target":["https:\/\/www.lojadomandela3d.biz\/product\/spexxer\/"]}]},{"@type":"ImageObject","inLanguage":"tr-TR","@id":"https:\/\/www.lojadomandela3d.biz\/product\/spexxer\/#primaryimage","url":"https:\/\/my.stlflix.com\/wp-content\/uploads\/2024\/08\/Bildschirmfoto-2024-08-14-um-16.59.45.png","contentUrl":"https:\/\/my.stlflix.com\/wp-content\/uploads\/2024\/08\/Bildschirmfoto-2024-08-14-um-16.59.45.png","width":1992,"height":1496},{"@type":"BreadcrumbList","@id":"https:\/\/www.lojadomandela3d.biz\/product\/spexxer\/#breadcrumb","itemListElement":[{"@type":"ListItem","position":1,"name":"Home","item":"https:\/\/my.stlflix.com\/"},{"@type":"ListItem","position":2,"name":"Products","item":"https:\/\/my.stlflix.com\/fr\/shop\/"},{"@type":"ListItem","position":3,"name":"5er Pack SpeXXer Brillenhalter \/ Sonnenbrillenhalter \/ Kopfh\u00f6rerhalter"}]},{"@type":"WebSite","@id":"https:\/\/my.stlflix.com\/tr\/#website","url":"https:\/\/my.stlflix.com\/tr\/","name":"MyStore - By STLFLIX","description":"","publisher":{"@id":"https:\/\/my.stlflix.com\/tr\/#organization"},"potentialAction":[{"@type":"SearchAction","target":{"@type":"EntryPoint","urlTemplate":"https:\/\/my.stlflix.com\/tr\/?s={search_term_string}"},"query-input":{"@type":"PropertyValueSpecification","valueRequired":true,"valueName":"search_term_string"}}],"inLanguage":"tr-TR"},{"@type":"Organization","@id":"https:\/\/my.stlflix.com\/tr\/#organization","name":"MyStore - By STLFLIX","url":"https:\/\/my.stlflix.com\/tr\/","logo":{"@type":"ImageObject","inLanguage":"tr-TR","@id":"https:\/\/my.stlflix.com\/tr\/#\/schema\/logo\/image\/","url":"https:\/\/my.stlflix.com\/wp-content\/uploads\/2024\/06\/logo-mystore.png","contentUrl":"https:\/\/my.stlflix.com\/wp-content\/uploads\/2024\/06\/logo-mystore.png","width":150,"height":41,"caption":"MyStore - By STLFLIX"},"image":{"@id":"https:\/\/my.stlflix.com\/tr\/#\/schema\/logo\/image\/"},"sameAs":["https:\/\/www.facebook.com\/STLFLIX","https:\/\/www.instagram.com\/stlflix_\/","https:\/\/www.tiktok.com\/@stlflix"]}]}},"_links":{"self":[{"href":"https:\/\/my.stlflix.com\/tr\/wp-json\/wp\/v2\/product\/63792","targetHints":{"allow":["GET"]}}],"collection":[{"href":"https:\/\/my.stlflix.com\/tr\/wp-json\/wp\/v2\/product"}],"about":[{"href":"https:\/\/my.stlflix.com\/tr\/wp-json\/wp\/v2\/types\/product"}],"replies":[{"embeddable":true,"href":"https:\/\/my.stlflix.com\/tr\/wp-json\/wp\/v2\/comments?post=63792"}],"wp:featuredmedia":[{"embeddable":true,"href":"https:\/\/my.stlflix.com\/tr\/wp-json\/wp\/v2\/media\/63793"}],"wp:attachment":[{"href":"https:\/\/my.stlflix.com\/tr\/wp-json\/wp\/v2\/media?parent=63792"}],"wp:term":[{"taxonomy":"product_brand","embeddable":true,"href":"https:\/\/my.stlflix.com\/tr\/wp-json\/wp\/v2\/product_brand?post=63792"},{"taxonomy":"product_cat","embeddable":true,"href":"https:\/\/my.stlflix.com\/tr\/wp-json\/wp\/v2\/product_cat?post=63792"},{"taxonomy":"product_tag","embeddable":true,"href":"https:\/\/my.stlflix.com\/tr\/wp-json\/wp\/v2\/product_tag?post=63792"}],"curies":[{"name":"wp","href":"https:\/\/api.w.org\/{rel}","templated":true}]}}