{"id":76428,"date":"2024-08-23T10:57:52","date_gmt":"2024-08-23T10:57:52","guid":{"rendered":"https:\/\/my.stlflix.com\/?post_type=product&#038;p=76428"},"modified":"2024-12-22T11:35:50","modified_gmt":"2024-12-22T11:35:50","slug":"astronaut-glasses-support-66c523ad9e658","status":"publish","type":"product","link":"https:\/\/my.stlflix.com\/tr\/product\/astronaut-glasses-support-66c523ad9e658\/","title":{"rendered":"Astronaut Glasses Support"},"content":{"rendered":"<div class=\"elementor-element elementor-element-0013f05 e-con-full e-flex e-con e-child\" data-id=\"0013f05\" data-element_type=\"container\">\n<div class=\"elementor-element elementor-element-50463fb elementor-widget elementor-widget-text-editor\" data-id=\"50463fb\" data-element_type=\"widget\" data-widget_type=\"text-editor.default\">\n<div class=\"elementor-widget-container\">\n<p>Ready for take off! \u2013 Aber warte, wo ist schon wieder meine Brille hin? Sicher gelagert in den H\u00e4nden Ihres eigenen Astronauten.<\/p>\n<p>Dieses Produkt wird f\u00fcr Sie individuell in der Farbe angepasst und hergestellt.<\/p>\n<p>Ihre Auswahlm\u00f6glichkeiten:<\/p>\n<ul>\n<li>K\u00f6rperfarbe<\/li>\n<li>Visierfarbe<\/li>\n<\/ul>\n<p>[14,90 \u20ac]<\/p>\n<p><a href=\"mailto:info@yvoprojects.de\">Hier Anfragen<\/a><\/p>\n<\/div>\n<\/div>\n<\/div>\n","protected":false},"excerpt":{"rendered":"<p>Ready for take off! \u2013 Aber warte, wo ist schon wieder meine Brille hin? Sicher gelagert in den H\u00e4nden Ihres eigenen Astronauten. Dieses Produkt wird f\u00fcr Sie individuell in der Farbe angepasst und hergestellt. Ihre Auswahlm\u00f6glichkeiten: K\u00f6rperfarbe Visierfarbe [14,90 \u20ac] Hier Anfragen<\/p>\n","protected":false},"featured_media":9394,"comment_status":"open","ping_status":"closed","template":"","meta":[],"product_brand":[],"product_cat":[25],"product_tag":[828],"class_list":{"0":"post-76428","1":"product","2":"type-product","3":"status-publish","4":"has-post-thumbnail","6":"product_cat-home-decor","7":"product_tag-brille","9":"first","10":"instock","11":"purchasable","12":"product-type-simple"},"yoast_head":"<!-- This site is optimized with the Yoast SEO plugin v25.1 - https:\/\/yoast.com\/wordpress\/plugins\/seo\/ -->\n<title>Astronaut Glasses Support<\/title>\n<meta name=\"description\" content=\"Sie m\u00f6chten ganz hoch hinaus? Dieser Brillenhalter sorgt daf\u00fcr, dass Sie auf dem Weg nach oben Ihre Brille immer finden.\" \/>\n<meta name=\"robots\" content=\"index, follow, max-snippet:-1, max-image-preview:large, max-video-preview:-1\" \/>\n<link rel=\"canonical\" href=\"https:\/\/my.stlflix.com\/tr\/product\/astronaut-glasses-support-66c523ad9e658\/\" \/>\n<meta property=\"og:locale\" content=\"tr_TR\" \/>\n<meta property=\"og:type\" content=\"article\" \/>\n<meta property=\"og:title\" content=\"Astronaut Glasses Support\" \/>\n<meta property=\"og:description\" content=\"Sie m\u00f6chten ganz hoch hinaus? Dieser Brillenhalter sorgt daf\u00fcr, dass Sie auf dem Weg nach oben Ihre Brille immer finden.\" \/>\n<meta property=\"og:url\" content=\"https:\/\/my.stlflix.com\/tr\/product\/astronaut-glasses-support-66c523ad9e658\/\" \/>\n<meta property=\"og:site_name\" content=\"MyStore - By STLFLIX\" \/>\n<meta property=\"article:publisher\" content=\"https:\/\/www.facebook.com\/STLFLIX\" \/>\n<meta property=\"article:modified_time\" content=\"2024-12-22T11:35:50+00:00\" \/>\n<meta property=\"og:image\" content=\"https:\/\/my.stlflix.com\/wp-content\/uploads\/2024\/03\/Astronaut_glasses_support_47a809a625.png\" \/>\n\t<meta property=\"og:image:width\" content=\"542\" \/>\n\t<meta property=\"og:image:height\" content=\"678\" \/>\n\t<meta property=\"og:image:type\" content=\"image\/png\" \/>\n<meta name=\"twitter:card\" content=\"summary_large_image\" \/>\n<script type=\"application\/ld+json\" class=\"yoast-schema-graph\">{\"@context\":\"https:\/\/schema.org\",\"@graph\":[{\"@type\":\"WebPage\",\"@id\":\"https:\/\/my.stlflix.com\/tr\/product\/astronaut-glasses-support-66c523ad9e658\/\",\"url\":\"https:\/\/my.stlflix.com\/tr\/product\/astronaut-glasses-support-66c523ad9e658\/\",\"name\":\"Astronaut Glasses Support\",\"isPartOf\":{\"@id\":\"https:\/\/my.stlflix.com\/#website\"},\"primaryImageOfPage\":{\"@id\":\"https:\/\/my.stlflix.com\/tr\/product\/astronaut-glasses-support-66c523ad9e658\/#primaryimage\"},\"image\":{\"@id\":\"https:\/\/my.stlflix.com\/tr\/product\/astronaut-glasses-support-66c523ad9e658\/#primaryimage\"},\"thumbnailUrl\":\"https:\/\/my.stlflix.com\/wp-content\/uploads\/2024\/03\/Astronaut_glasses_support_47a809a625.png\",\"datePublished\":\"2024-08-23T10:57:52+00:00\",\"dateModified\":\"2024-12-22T11:35:50+00:00\",\"description\":\"Sie m\u00f6chten ganz hoch hinaus? Dieser Brillenhalter sorgt daf\u00fcr, dass Sie auf dem Weg nach oben Ihre Brille immer finden.\",\"breadcrumb\":{\"@id\":\"https:\/\/my.stlflix.com\/tr\/product\/astronaut-glasses-support-66c523ad9e658\/#breadcrumb\"},\"inLanguage\":\"tr-TR\",\"potentialAction\":[{\"@type\":\"ReadAction\",\"target\":[\"https:\/\/my.stlflix.com\/tr\/product\/astronaut-glasses-support-66c523ad9e658\/\"]}]},{\"@type\":\"ImageObject\",\"inLanguage\":\"tr-TR\",\"@id\":\"https:\/\/my.stlflix.com\/tr\/product\/astronaut-glasses-support-66c523ad9e658\/#primaryimage\",\"url\":\"https:\/\/my.stlflix.com\/wp-content\/uploads\/2024\/03\/Astronaut_glasses_support_47a809a625.png\",\"contentUrl\":\"https:\/\/my.stlflix.com\/wp-content\/uploads\/2024\/03\/Astronaut_glasses_support_47a809a625.png\",\"width\":542,\"height\":678},{\"@type\":\"BreadcrumbList\",\"@id\":\"https:\/\/my.stlflix.com\/tr\/product\/astronaut-glasses-support-66c523ad9e658\/#breadcrumb\",\"itemListElement\":[{\"@type\":\"ListItem\",\"position\":1,\"name\":\"Home\",\"item\":\"https:\/\/my.stlflix.com\/\"},{\"@type\":\"ListItem\",\"position\":2,\"name\":\"Products\",\"item\":\"https:\/\/my.stlflix.com\/shop\/\"},{\"@type\":\"ListItem\",\"position\":3,\"name\":\"Astronaut Glasses Support\"}]},{\"@type\":\"WebSite\",\"@id\":\"https:\/\/my.stlflix.com\/#website\",\"url\":\"https:\/\/my.stlflix.com\/\",\"name\":\"MyStore - By STLFLIX\",\"description\":\"\",\"publisher\":{\"@id\":\"https:\/\/my.stlflix.com\/#organization\"},\"potentialAction\":[{\"@type\":\"SearchAction\",\"target\":{\"@type\":\"EntryPoint\",\"urlTemplate\":\"https:\/\/my.stlflix.com\/?s={search_term_string}\"},\"query-input\":{\"@type\":\"PropertyValueSpecification\",\"valueRequired\":true,\"valueName\":\"search_term_string\"}}],\"inLanguage\":\"tr-TR\"},{\"@type\":\"Organization\",\"@id\":\"https:\/\/my.stlflix.com\/#organization\",\"name\":\"MyStore - By STLFLIX\",\"url\":\"https:\/\/my.stlflix.com\/\",\"logo\":{\"@type\":\"ImageObject\",\"inLanguage\":\"tr-TR\",\"@id\":\"https:\/\/my.stlflix.com\/#\/schema\/logo\/image\/\",\"url\":\"https:\/\/my.stlflix.com\/wp-content\/uploads\/2024\/06\/logo-mystore.png\",\"contentUrl\":\"https:\/\/my.stlflix.com\/wp-content\/uploads\/2024\/06\/logo-mystore.png\",\"width\":150,\"height\":41,\"caption\":\"MyStore - By STLFLIX\"},\"image\":{\"@id\":\"https:\/\/my.stlflix.com\/#\/schema\/logo\/image\/\"},\"sameAs\":[\"https:\/\/www.facebook.com\/STLFLIX\",\"https:\/\/www.instagram.com\/stlflix_\/\",\"https:\/\/www.tiktok.com\/@stlflix\"]}]}<\/script>\n<!-- \/ Yoast SEO plugin. -->","yoast_head_json":{"title":"Astronaut Glasses Support","description":"Sie m\u00f6chten ganz hoch hinaus? Dieser Brillenhalter sorgt daf\u00fcr, dass Sie auf dem Weg nach oben Ihre Brille immer finden.","robots":{"index":"index","follow":"follow","max-snippet":"max-snippet:-1","max-image-preview":"max-image-preview:large","max-video-preview":"max-video-preview:-1"},"canonical":"https:\/\/my.stlflix.com\/tr\/product\/astronaut-glasses-support-66c523ad9e658\/","og_locale":"tr_TR","og_type":"article","og_title":"Astronaut Glasses Support","og_description":"Sie m\u00f6chten ganz hoch hinaus? Dieser Brillenhalter sorgt daf\u00fcr, dass Sie auf dem Weg nach oben Ihre Brille immer finden.","og_url":"https:\/\/my.stlflix.com\/tr\/product\/astronaut-glasses-support-66c523ad9e658\/","og_site_name":"MyStore - By STLFLIX","article_publisher":"https:\/\/www.facebook.com\/STLFLIX","article_modified_time":"2024-12-22T11:35:50+00:00","og_image":[{"width":542,"height":678,"url":"https:\/\/my.stlflix.com\/wp-content\/uploads\/2024\/03\/Astronaut_glasses_support_47a809a625.png","type":"image\/png"}],"twitter_card":"summary_large_image","schema":{"@context":"https:\/\/schema.org","@graph":[{"@type":"WebPage","@id":"https:\/\/my.stlflix.com\/tr\/product\/astronaut-glasses-support-66c523ad9e658\/","url":"https:\/\/my.stlflix.com\/tr\/product\/astronaut-glasses-support-66c523ad9e658\/","name":"Astronaut Glasses Support","isPartOf":{"@id":"https:\/\/my.stlflix.com\/#website"},"primaryImageOfPage":{"@id":"https:\/\/my.stlflix.com\/tr\/product\/astronaut-glasses-support-66c523ad9e658\/#primaryimage"},"image":{"@id":"https:\/\/my.stlflix.com\/tr\/product\/astronaut-glasses-support-66c523ad9e658\/#primaryimage"},"thumbnailUrl":"https:\/\/my.stlflix.com\/wp-content\/uploads\/2024\/03\/Astronaut_glasses_support_47a809a625.png","datePublished":"2024-08-23T10:57:52+00:00","dateModified":"2024-12-22T11:35:50+00:00","description":"Sie m\u00f6chten ganz hoch hinaus? Dieser Brillenhalter sorgt daf\u00fcr, dass Sie auf dem Weg nach oben Ihre Brille immer finden.","breadcrumb":{"@id":"https:\/\/my.stlflix.com\/tr\/product\/astronaut-glasses-support-66c523ad9e658\/#breadcrumb"},"inLanguage":"tr-TR","potentialAction":[{"@type":"ReadAction","target":["https:\/\/my.stlflix.com\/tr\/product\/astronaut-glasses-support-66c523ad9e658\/"]}]},{"@type":"ImageObject","inLanguage":"tr-TR","@id":"https:\/\/my.stlflix.com\/tr\/product\/astronaut-glasses-support-66c523ad9e658\/#primaryimage","url":"https:\/\/my.stlflix.com\/wp-content\/uploads\/2024\/03\/Astronaut_glasses_support_47a809a625.png","contentUrl":"https:\/\/my.stlflix.com\/wp-content\/uploads\/2024\/03\/Astronaut_glasses_support_47a809a625.png","width":542,"height":678},{"@type":"BreadcrumbList","@id":"https:\/\/my.stlflix.com\/tr\/product\/astronaut-glasses-support-66c523ad9e658\/#breadcrumb","itemListElement":[{"@type":"ListItem","position":1,"name":"Home","item":"https:\/\/my.stlflix.com\/"},{"@type":"ListItem","position":2,"name":"Products","item":"https:\/\/my.stlflix.com\/shop\/"},{"@type":"ListItem","position":3,"name":"Astronaut Glasses Support"}]},{"@type":"WebSite","@id":"https:\/\/my.stlflix.com\/#website","url":"https:\/\/my.stlflix.com\/","name":"MyStore - By STLFLIX","description":"","publisher":{"@id":"https:\/\/my.stlflix.com\/#organization"},"potentialAction":[{"@type":"SearchAction","target":{"@type":"EntryPoint","urlTemplate":"https:\/\/my.stlflix.com\/?s={search_term_string}"},"query-input":{"@type":"PropertyValueSpecification","valueRequired":true,"valueName":"search_term_string"}}],"inLanguage":"tr-TR"},{"@type":"Organization","@id":"https:\/\/my.stlflix.com\/#organization","name":"MyStore - By STLFLIX","url":"https:\/\/my.stlflix.com\/","logo":{"@type":"ImageObject","inLanguage":"tr-TR","@id":"https:\/\/my.stlflix.com\/#\/schema\/logo\/image\/","url":"https:\/\/my.stlflix.com\/wp-content\/uploads\/2024\/06\/logo-mystore.png","contentUrl":"https:\/\/my.stlflix.com\/wp-content\/uploads\/2024\/06\/logo-mystore.png","width":150,"height":41,"caption":"MyStore - By STLFLIX"},"image":{"@id":"https:\/\/my.stlflix.com\/#\/schema\/logo\/image\/"},"sameAs":["https:\/\/www.facebook.com\/STLFLIX","https:\/\/www.instagram.com\/stlflix_\/","https:\/\/www.tiktok.com\/@stlflix"]}]}},"_links":{"self":[{"href":"https:\/\/my.stlflix.com\/tr\/wp-json\/wp\/v2\/product\/76428","targetHints":{"allow":["GET"]}}],"collection":[{"href":"https:\/\/my.stlflix.com\/tr\/wp-json\/wp\/v2\/product"}],"about":[{"href":"https:\/\/my.stlflix.com\/tr\/wp-json\/wp\/v2\/types\/product"}],"replies":[{"embeddable":true,"href":"https:\/\/my.stlflix.com\/tr\/wp-json\/wp\/v2\/comments?post=76428"}],"wp:featuredmedia":[{"embeddable":true,"href":"https:\/\/my.stlflix.com\/tr\/wp-json\/wp\/v2\/media\/9394"}],"wp:attachment":[{"href":"https:\/\/my.stlflix.com\/tr\/wp-json\/wp\/v2\/media?parent=76428"}],"wp:term":[{"taxonomy":"product_brand","embeddable":true,"href":"https:\/\/my.stlflix.com\/tr\/wp-json\/wp\/v2\/product_brand?post=76428"},{"taxonomy":"product_cat","embeddable":true,"href":"https:\/\/my.stlflix.com\/tr\/wp-json\/wp\/v2\/product_cat?post=76428"},{"taxonomy":"product_tag","embeddable":true,"href":"https:\/\/my.stlflix.com\/tr\/wp-json\/wp\/v2\/product_tag?post=76428"}],"curies":[{"name":"wp","href":"https:\/\/api.w.org\/{rel}","templated":true}]}}