{"id":97698,"date":"2024-09-06T16:52:45","date_gmt":"2024-09-06T16:52:45","guid":{"rendered":"https:\/\/my.stlflix.com\/?post_type=product&#038;p=97698"},"modified":"2025-05-15T15:51:26","modified_gmt":"2025-05-15T15:51:26","slug":"miniatura-dwarf-anao-classes-dd","status":"publish","type":"product","link":"https:\/\/my.stlflix.com\/tr\/product\/miniatura-dwarf-anao-classes-dd\/","title":{"rendered":"Miniatura Dwarf &#8211; An\u00e3o &#8211; Classes &#8211; D&amp;D"},"content":{"rendered":"<p>Cansado de usar dados ou fichas sem gra\u00e7a para representar seus her\u00f3is e monstros? Apresentamos nossas miniaturas de RPG impressas em resina 3D de alta qualidade, prontas para elevar suas sess\u00f5es de jogo a um novo n\u00edvel de imers\u00e3o!<\/p>\n<p><strong>Imagine s\u00f3:<\/strong><\/p>\n<ul>\n<li>Seus jogadores explorando masmorras sinistras ao lado de seus personagens, representados em detalhes incr\u00edveis.<\/li>\n<li>Encontros \u00e9picos com criaturas lend\u00e1rias ganhando vida diante de seus olhos.<\/li>\n<li>A mesa de jogo se transformando em um verdadeiro campo de batalha, com miniaturas que refletem a gl\u00f3ria e o poder (ou a falta deles!) de cada personagem.<\/li>\n<\/ul>\n<p>Nossas miniaturas s\u00e3o:<\/p>\n<ul>\n<li><strong>Impressas em resina 3D de alta qualidade<\/strong>, garantindo riqueza de detalhes e durabilidade.<\/li>\n<li><strong>Perfeitas para representar seus personagens e monstros favoritos<\/strong>, com uma ampla variedade de modelos dispon\u00edveis.<\/li>\n<li><strong>Compat\u00edveis com os principais sistemas de RPG<\/strong>, para voc\u00ea usar em qualquer aventura.<\/li>\n<\/ul>\n<p><strong>N\u00e3o perca mais tempo com representa\u00e7\u00f5es sem gra\u00e7a!<\/strong> Adquira j\u00e1 suas miniaturas impressas em 3D e prepare-se para viver aventuras \u00e9picas como nunca antes!<\/p>\n","protected":false},"excerpt":{"rendered":"<p>Cansado de usar dados ou fichas sem gra\u00e7a para representar seus her\u00f3is e monstros? Apresentamos nossas miniaturas de RPG impressas em resina 3D de alta qualidade, prontas para elevar suas sess\u00f5es de jogo a um novo n\u00edvel de imers\u00e3o! Imagine s\u00f3: Seus jogadores explorando masmorras sinistras ao lado de seus personagens, representados em detalhes incr\u00edveis. [&hellip;]<\/p>\n","protected":false},"featured_media":80564,"comment_status":"open","ping_status":"closed","template":"","meta":[],"product_brand":[],"product_cat":[23],"product_tag":[836],"class_list":{"0":"post-97698","1":"product","2":"type-product","3":"status-publish","4":"has-post-thumbnail","6":"product_cat-miniatures","7":"product_tag-miniaturas","9":"first","10":"instock","11":"shipping-taxable","12":"purchasable","13":"product-type-variable"},"yoast_head":"<!-- This site is optimized with the Yoast SEO plugin v25.1 - https:\/\/yoast.com\/wordpress\/plugins\/seo\/ -->\n<title>Miniatura Dwarf - An\u00e3o - Classes - D&amp;D - J&amp;D Print Store<\/title>\n<meta name=\"description\" content=\"Cansado de usar dados ou fichas sem gra\u00e7a para representar seus her\u00f3is e monstros? Apresentamos nossas miniaturas de RPG impressas em resina 3D de alta qualidade, prontas para elevar suas sess\u00f5es de jogo a um novo n\u00edvel de imers\u00e3o!\" \/>\n<meta name=\"robots\" content=\"index, follow, max-snippet:-1, max-image-preview:large, max-video-preview:-1\" \/>\n<link rel=\"canonical\" href=\"https:\/\/www.my3dstore-example.com\/product\/miniatura-dwarf-anao-classes-dd\/\" \/>\n<meta property=\"og:locale\" content=\"tr_TR\" \/>\n<meta property=\"og:type\" content=\"article\" \/>\n<meta property=\"og:title\" content=\"Miniatura Dwarf - An\u00e3o - Classes - D&amp;D - J&amp;D Print Store\" \/>\n<meta property=\"og:description\" content=\"Cansado de usar dados ou fichas sem gra\u00e7a para representar seus her\u00f3is e monstros? Apresentamos nossas miniaturas de RPG impressas em resina 3D de alta qualidade, prontas para elevar suas sess\u00f5es de jogo a um novo n\u00edvel de imers\u00e3o!\" \/>\n<meta property=\"og:url\" content=\"https:\/\/www.my3dstore-example.com\/product\/miniatura-dwarf-anao-classes-dd\/\" \/>\n<meta property=\"og:site_name\" content=\"MyStore - By STLFLIX\" \/>\n<meta property=\"article:publisher\" content=\"https:\/\/www.facebook.com\/STLFLIX\" \/>\n<meta property=\"article:modified_time\" content=\"2025-05-15T15:51:26+00:00\" \/>\n<meta property=\"og:image\" content=\"https:\/\/www.my3dstore-example.com\/wp-content\/uploads\/2024\/08\/Male_Dwarf_Paladin_Alt.png\" \/>\n\t<meta property=\"og:image:width\" content=\"1280\" \/>\n\t<meta property=\"og:image:height\" content=\"1024\" \/>\n\t<meta property=\"og:image:type\" content=\"image\/png\" \/>\n<meta name=\"twitter:card\" content=\"summary_large_image\" \/>\n<meta name=\"twitter:label1\" content=\"Est. reading time\" \/>\n\t<meta name=\"twitter:data1\" content=\"1 minute\" \/>\n<script type=\"application\/ld+json\" class=\"yoast-schema-graph\">{\"@context\":\"https:\/\/schema.org\",\"@graph\":[{\"@type\":\"WebPage\",\"@id\":\"https:\/\/www.my3dstore-example.com\/product\/miniatura-dwarf-anao-classes-dd\/\",\"url\":\"https:\/\/www.my3dstore-example.com\/product\/miniatura-dwarf-anao-classes-dd\/\",\"name\":\"Miniatura Dwarf - An\u00e3o - Classes - D&amp;D - J&D Print Store\",\"isPartOf\":{\"@id\":\"https:\/\/my.stlflix.com\/tr\/#website\"},\"primaryImageOfPage\":{\"@id\":\"https:\/\/www.my3dstore-example.com\/product\/miniatura-dwarf-anao-classes-dd\/#primaryimage\"},\"image\":{\"@id\":\"https:\/\/www.my3dstore-example.com\/product\/miniatura-dwarf-anao-classes-dd\/#primaryimage\"},\"thumbnailUrl\":\"https:\/\/my.stlflix.com\/wp-content\/uploads\/2024\/08\/Male_Dwarf_Paladin_Alt.png\",\"datePublished\":\"2024-09-06T16:52:45+00:00\",\"dateModified\":\"2025-05-15T15:51:26+00:00\",\"description\":\"Cansado de usar dados ou fichas sem gra\u00e7a para representar seus her\u00f3is e monstros? Apresentamos nossas miniaturas de RPG impressas em resina 3D de alta qualidade, prontas para elevar suas sess\u00f5es de jogo a um novo n\u00edvel de imers\u00e3o!\",\"breadcrumb\":{\"@id\":\"https:\/\/www.my3dstore-example.com\/product\/miniatura-dwarf-anao-classes-dd\/#breadcrumb\"},\"inLanguage\":\"tr-TR\",\"potentialAction\":[{\"@type\":\"ReadAction\",\"target\":[\"https:\/\/www.my3dstore-example.com\/product\/miniatura-dwarf-anao-classes-dd\/\"]}]},{\"@type\":\"ImageObject\",\"inLanguage\":\"tr-TR\",\"@id\":\"https:\/\/www.my3dstore-example.com\/product\/miniatura-dwarf-anao-classes-dd\/#primaryimage\",\"url\":\"https:\/\/my.stlflix.com\/wp-content\/uploads\/2024\/08\/Male_Dwarf_Paladin_Alt.png\",\"contentUrl\":\"https:\/\/my.stlflix.com\/wp-content\/uploads\/2024\/08\/Male_Dwarf_Paladin_Alt.png\",\"width\":1280,\"height\":1024},{\"@type\":\"BreadcrumbList\",\"@id\":\"https:\/\/www.my3dstore-example.com\/product\/miniatura-dwarf-anao-classes-dd\/#breadcrumb\",\"itemListElement\":[{\"@type\":\"ListItem\",\"position\":1,\"name\":\"Home\",\"item\":\"https:\/\/my.stlflix.com\/\"},{\"@type\":\"ListItem\",\"position\":2,\"name\":\"Products\",\"item\":\"https:\/\/my.stlflix.com\/fr\/shop\/\"},{\"@type\":\"ListItem\",\"position\":3,\"name\":\"Miniatura Dwarf &#8211; An\u00e3o &#8211; Classes &#8211; D&amp;D\"}]},{\"@type\":\"WebSite\",\"@id\":\"https:\/\/my.stlflix.com\/tr\/#website\",\"url\":\"https:\/\/my.stlflix.com\/tr\/\",\"name\":\"MyStore - By STLFLIX\",\"description\":\"\",\"publisher\":{\"@id\":\"https:\/\/my.stlflix.com\/tr\/#organization\"},\"potentialAction\":[{\"@type\":\"SearchAction\",\"target\":{\"@type\":\"EntryPoint\",\"urlTemplate\":\"https:\/\/my.stlflix.com\/tr\/?s={search_term_string}\"},\"query-input\":{\"@type\":\"PropertyValueSpecification\",\"valueRequired\":true,\"valueName\":\"search_term_string\"}}],\"inLanguage\":\"tr-TR\"},{\"@type\":\"Organization\",\"@id\":\"https:\/\/my.stlflix.com\/tr\/#organization\",\"name\":\"MyStore - By STLFLIX\",\"url\":\"https:\/\/my.stlflix.com\/tr\/\",\"logo\":{\"@type\":\"ImageObject\",\"inLanguage\":\"tr-TR\",\"@id\":\"https:\/\/my.stlflix.com\/tr\/#\/schema\/logo\/image\/\",\"url\":\"https:\/\/my.stlflix.com\/wp-content\/uploads\/2024\/06\/logo-mystore.png\",\"contentUrl\":\"https:\/\/my.stlflix.com\/wp-content\/uploads\/2024\/06\/logo-mystore.png\",\"width\":150,\"height\":41,\"caption\":\"MyStore - By STLFLIX\"},\"image\":{\"@id\":\"https:\/\/my.stlflix.com\/tr\/#\/schema\/logo\/image\/\"},\"sameAs\":[\"https:\/\/www.facebook.com\/STLFLIX\",\"https:\/\/www.instagram.com\/stlflix_\/\",\"https:\/\/www.tiktok.com\/@stlflix\"]}]}<\/script>\n<!-- \/ Yoast SEO plugin. -->","yoast_head_json":{"title":"Miniatura Dwarf - An\u00e3o - Classes - D&amp;D - J&D Print Store","description":"Cansado de usar dados ou fichas sem gra\u00e7a para representar seus her\u00f3is e monstros? Apresentamos nossas miniaturas de RPG impressas em resina 3D de alta qualidade, prontas para elevar suas sess\u00f5es de jogo a um novo n\u00edvel de imers\u00e3o!","robots":{"index":"index","follow":"follow","max-snippet":"max-snippet:-1","max-image-preview":"max-image-preview:large","max-video-preview":"max-video-preview:-1"},"canonical":"https:\/\/www.my3dstore-example.com\/product\/miniatura-dwarf-anao-classes-dd\/","og_locale":"tr_TR","og_type":"article","og_title":"Miniatura Dwarf - An\u00e3o - Classes - D&amp;D - J&D Print Store","og_description":"Cansado de usar dados ou fichas sem gra\u00e7a para representar seus her\u00f3is e monstros? Apresentamos nossas miniaturas de RPG impressas em resina 3D de alta qualidade, prontas para elevar suas sess\u00f5es de jogo a um novo n\u00edvel de imers\u00e3o!","og_url":"https:\/\/www.my3dstore-example.com\/product\/miniatura-dwarf-anao-classes-dd\/","og_site_name":"MyStore - By STLFLIX","article_publisher":"https:\/\/www.facebook.com\/STLFLIX","article_modified_time":"2025-05-15T15:51:26+00:00","og_image":[{"width":1280,"height":1024,"url":"https:\/\/www.my3dstore-example.com\/wp-content\/uploads\/2024\/08\/Male_Dwarf_Paladin_Alt.png","type":"image\/png"}],"twitter_card":"summary_large_image","twitter_misc":{"Est. reading time":"1 minute"},"schema":{"@context":"https:\/\/schema.org","@graph":[{"@type":"WebPage","@id":"https:\/\/www.my3dstore-example.com\/product\/miniatura-dwarf-anao-classes-dd\/","url":"https:\/\/www.my3dstore-example.com\/product\/miniatura-dwarf-anao-classes-dd\/","name":"Miniatura Dwarf - An\u00e3o - Classes - D&amp;D - J&D Print Store","isPartOf":{"@id":"https:\/\/my.stlflix.com\/tr\/#website"},"primaryImageOfPage":{"@id":"https:\/\/www.my3dstore-example.com\/product\/miniatura-dwarf-anao-classes-dd\/#primaryimage"},"image":{"@id":"https:\/\/www.my3dstore-example.com\/product\/miniatura-dwarf-anao-classes-dd\/#primaryimage"},"thumbnailUrl":"https:\/\/my.stlflix.com\/wp-content\/uploads\/2024\/08\/Male_Dwarf_Paladin_Alt.png","datePublished":"2024-09-06T16:52:45+00:00","dateModified":"2025-05-15T15:51:26+00:00","description":"Cansado de usar dados ou fichas sem gra\u00e7a para representar seus her\u00f3is e monstros? Apresentamos nossas miniaturas de RPG impressas em resina 3D de alta qualidade, prontas para elevar suas sess\u00f5es de jogo a um novo n\u00edvel de imers\u00e3o!","breadcrumb":{"@id":"https:\/\/www.my3dstore-example.com\/product\/miniatura-dwarf-anao-classes-dd\/#breadcrumb"},"inLanguage":"tr-TR","potentialAction":[{"@type":"ReadAction","target":["https:\/\/www.my3dstore-example.com\/product\/miniatura-dwarf-anao-classes-dd\/"]}]},{"@type":"ImageObject","inLanguage":"tr-TR","@id":"https:\/\/www.my3dstore-example.com\/product\/miniatura-dwarf-anao-classes-dd\/#primaryimage","url":"https:\/\/my.stlflix.com\/wp-content\/uploads\/2024\/08\/Male_Dwarf_Paladin_Alt.png","contentUrl":"https:\/\/my.stlflix.com\/wp-content\/uploads\/2024\/08\/Male_Dwarf_Paladin_Alt.png","width":1280,"height":1024},{"@type":"BreadcrumbList","@id":"https:\/\/www.my3dstore-example.com\/product\/miniatura-dwarf-anao-classes-dd\/#breadcrumb","itemListElement":[{"@type":"ListItem","position":1,"name":"Home","item":"https:\/\/my.stlflix.com\/"},{"@type":"ListItem","position":2,"name":"Products","item":"https:\/\/my.stlflix.com\/fr\/shop\/"},{"@type":"ListItem","position":3,"name":"Miniatura Dwarf &#8211; An\u00e3o &#8211; Classes &#8211; D&amp;D"}]},{"@type":"WebSite","@id":"https:\/\/my.stlflix.com\/tr\/#website","url":"https:\/\/my.stlflix.com\/tr\/","name":"MyStore - By STLFLIX","description":"","publisher":{"@id":"https:\/\/my.stlflix.com\/tr\/#organization"},"potentialAction":[{"@type":"SearchAction","target":{"@type":"EntryPoint","urlTemplate":"https:\/\/my.stlflix.com\/tr\/?s={search_term_string}"},"query-input":{"@type":"PropertyValueSpecification","valueRequired":true,"valueName":"search_term_string"}}],"inLanguage":"tr-TR"},{"@type":"Organization","@id":"https:\/\/my.stlflix.com\/tr\/#organization","name":"MyStore - By STLFLIX","url":"https:\/\/my.stlflix.com\/tr\/","logo":{"@type":"ImageObject","inLanguage":"tr-TR","@id":"https:\/\/my.stlflix.com\/tr\/#\/schema\/logo\/image\/","url":"https:\/\/my.stlflix.com\/wp-content\/uploads\/2024\/06\/logo-mystore.png","contentUrl":"https:\/\/my.stlflix.com\/wp-content\/uploads\/2024\/06\/logo-mystore.png","width":150,"height":41,"caption":"MyStore - By STLFLIX"},"image":{"@id":"https:\/\/my.stlflix.com\/tr\/#\/schema\/logo\/image\/"},"sameAs":["https:\/\/www.facebook.com\/STLFLIX","https:\/\/www.instagram.com\/stlflix_\/","https:\/\/www.tiktok.com\/@stlflix"]}]}},"_links":{"self":[{"href":"https:\/\/my.stlflix.com\/tr\/wp-json\/wp\/v2\/product\/97698","targetHints":{"allow":["GET"]}}],"collection":[{"href":"https:\/\/my.stlflix.com\/tr\/wp-json\/wp\/v2\/product"}],"about":[{"href":"https:\/\/my.stlflix.com\/tr\/wp-json\/wp\/v2\/types\/product"}],"replies":[{"embeddable":true,"href":"https:\/\/my.stlflix.com\/tr\/wp-json\/wp\/v2\/comments?post=97698"}],"wp:featuredmedia":[{"embeddable":true,"href":"https:\/\/my.stlflix.com\/tr\/wp-json\/wp\/v2\/media\/80564"}],"wp:attachment":[{"href":"https:\/\/my.stlflix.com\/tr\/wp-json\/wp\/v2\/media?parent=97698"}],"wp:term":[{"taxonomy":"product_brand","embeddable":true,"href":"https:\/\/my.stlflix.com\/tr\/wp-json\/wp\/v2\/product_brand?post=97698"},{"taxonomy":"product_cat","embeddable":true,"href":"https:\/\/my.stlflix.com\/tr\/wp-json\/wp\/v2\/product_cat?post=97698"},{"taxonomy":"product_tag","embeddable":true,"href":"https:\/\/my.stlflix.com\/tr\/wp-json\/wp\/v2\/product_tag?post=97698"}],"curies":[{"name":"wp","href":"https:\/\/api.w.org\/{rel}","templated":true}]}}